{"id":13941,"date":"2026-03-09T10:18:08","date_gmt":"2026-03-09T09:18:08","guid":{"rendered":"https:\/\/dressler1929.com\/?page_id=13941"},"modified":"2026-04-20T10:37:23","modified_gmt":"2026-04-20T08:37:23","slug":"pop-up-store-mode-wagener-in-baden-baden","status":"publish","type":"page","link":"https:\/\/dressler1929.com\/en\/stores\/pop-up-store-mode-wagener-in-baden-baden\/","title":{"rendered":"Pop-Up Store Baden-Baden"},"content":{"rendered":"<div class=\"wpb-content-wrapper\"><p>[vc_row full_height=&#8221;yes&#8221; content_placement=&#8221;middle&#8221; awb_type=&#8221;image&#8221; awb_stretch=&#8221;1&#8243; awb_image_background_position=&#8221;50% 40%&#8221; awb_color=&#8221;#00000059&#8243; awb_image=&#8221;13947&#8243;][vc_column][vc_row_inner content_placement=&#8221;middle&#8221;][vc_column_inner][vc_empty_space height=&#8221;160px&#8221;][vc_column_text css=&#8221;&#8221;]<\/p>\n<h1 class=\"color-white\" style=\"text-align: center;\">Pop-Up Store<\/h1>\n<h4 class=\"color-white\" style=\"text-align: center;\">Wagener<\/h4>\n<p>[\/vc_column_text][vc_empty_space height=&#8221;120px&#8221;][\/vc_column_inner][\/vc_row_inner][\/vc_column][\/vc_row][vc_row][vc_column][vc_empty_space height=&#8221;120px&#8221;][vc_row_inner equal_height=&#8221;yes&#8221; content_placement=&#8221;middle&#8221; el_class=&#8221;wrapper-max-width-1400&#8243;][vc_column_inner el_class=&#8221;pop-up-text-wrapper&#8221; offset=&#8221;vc_col-md-6&#8243;][vc_empty_space height=&#8221;30px&#8221;][vc_column_text css=&#8221;&#8221;]<\/p>\n<h3>DRESSLER <span class=\"nobreak\">Pop-Up Store<\/span><br \/>\nat Wagener in Baden-Baden<\/h3>\n<p>[\/vc_column_text][vc_column_text css=&#8221;&#8221;]Discover the new Spring\/Summer collection, now available at the exclusive DRESSLER pop-up store at Mode Wagener in Baden-Baden. Until 30 April 2026, you can explore the highlights of the new collection at Lange Str. 25. Get inspired by our exclusive Traveller range and discover new leather jackets, fresh outerwear and timeless classics.[\/vc_column_text][vc_btn title=&#8221;Directions&#8221; style=&#8221;custom&#8221; custom_background=&#8221;#000000&#8243; custom_text=&#8221;#FFFFFF&#8221; shape=&#8221;round&#8221; size=&#8221;lg&#8221; css_animation=&#8221;fadeInLeft&#8221; css=&#8221;.vc_custom_1773058434016{margin-right: 22px !important;}&#8221; link=&#8221;url:https%3A%2F%2Fmaps.app.goo.gl%2Fxbaq5BqiXu3wutHT8|title:Directions|target:_blank&#8221; el_class=&#8221;d-button&#8221;][vc_btn title=&#8221;More information&#8221; style=&#8221;custom&#8221; custom_background=&#8221;#F4F4F4&#8243; custom_text=&#8221;#000000&#8243; shape=&#8221;round&#8221; size=&#8221;lg&#8221; css_animation=&#8221;fadeInLeft&#8221; css=&#8221;.vc_custom_1773058446457{margin-right: 22px !important;}&#8221; link=&#8221;url:https%3A%2F%2Fwww.wagener.de|title:Mode%20Wagener|target:_blank&#8221; el_class=&#8221;d-button&#8221;][vc_empty_space height=&#8221;30px&#8221;][\/vc_column_inner][vc_column_inner el_class=&#8221;pop-up-info-wrapper&#8221; offset=&#8221;vc_col-md-6&#8243;][vc_column_text css=&#8221;.vc_custom_1773058259416{margin-bottom: 10px !important;}&#8221;]<\/p>\n<h5>Address<\/h5>\n<p>Mode Wagener<br \/>\nLange Str. 25, 76530 Baden-Baden[\/vc_column_text][vc_empty_space height=&#8221;30px&#8221;][vc_column_text css=&#8221;.vc_custom_1776674135700{margin-bottom: 10px !important;}&#8221;]<\/p>\n<h5>Opening hours<br \/>\nuntil 30.04.2026<\/h5>\n<table class=\"pop-up-opening-hours\">\n<tbody>\n<tr>\n<td>Monday<\/td>\n<td>10:00 AM \u2013 7:00 PM<\/td>\n<\/tr>\n<tr>\n<td>Tuesday<\/td>\n<td>10:00 AM \u2013 7:00 PM<\/td>\n<\/tr>\n<tr>\n<td>Wednesday<\/td>\n<td>10:00 AM \u2013 7:00 PM<\/td>\n<\/tr>\n<tr>\n<td>Thursday<\/td>\n<td>10:00 AM \u2013 7:00 PM<\/td>\n<\/tr>\n<tr>\n<td>Friday<\/td>\n<td>10:00 AM \u2013 7:00 PM<\/td>\n<\/tr>\n<tr>\n<td>Saturday<\/td>\n<td>10:00 AM \u2013 7:00 PM<\/td>\n<\/tr>\n<tr>\n<td>Sunday<\/td>\n<td>Closed<\/td>\n<\/tr>\n<\/tbody>\n<\/table>\n<p>[\/vc_column_text][\/vc_column_inner][\/vc_row_inner][vc_empty_space height=&#8221;120px&#8221;][\/vc_column][\/vc_row][vc_row full_width=&#8221;stretch_row_content_no_spaces&#8221; awb_type=&#8221;color&#8221; awb_color=&#8221;#f4f4f4&#8243;][vc_column][vc_empty_space height=&#8221;120px&#8221;][vc_row_inner][vc_column_inner][vc_column_text css_animation=&#8221;fadeInUp&#8221; css=&#8221;&#8221;]<\/p>\n<h3 class=\"color-black\" style=\"text-align: center;\">Impressions<\/h3>\n<h5 class=\"color-black\" style=\"text-align: center;\">Discover our area at Fashion Wagener<\/h5>\n<p>[\/vc_column_text][\/vc_column_inner][\/vc_row_inner][vc_empty_space height=&#8221;30px&#8221;][vc_row_inner][vc_column_inner][vc_raw_html css=&#8221;&#8221; el_class=&#8221;keylooks-slider&#8221;]JTVCd3BnYl9ncmlkJTIwaWQlM0QlMjIyMzclMjIlNUQ=[\/vc_raw_html][\/vc_column_inner][\/vc_row_inner][vc_empty_space height=&#8221;30px&#8221;][vc_btn title=&#8221;Discover collection&#8221; style=&#8221;custom&#8221; custom_background=&#8221;#000000&#8243; custom_text=&#8221;#FFFFFF&#8221; shape=&#8221;round&#8221; size=&#8221;lg&#8221; align=&#8221;center&#8221; css_animation=&#8221;none&#8221; css=&#8221;.vc_custom_1773058369360{margin-right: 22px !important;}&#8221; link=&#8221;url:%2Fen%2Fcollections%2Fspring-summer-2026%2F|title:Collection%20Spring%20%2F%20Summer%202026&#8243; el_class=&#8221;d-button&#8221;][vc_empty_space height=&#8221;80px&#8221;][\/vc_column][\/vc_row]<\/p>\n<\/div>","protected":false},"excerpt":{"rendered":"<p>[vc_row full_height=&#8221;yes&#8221; content_placement=&#8221;middle&#8221; awb_type=&#8221;image&#8221; awb_stretch=&#8221;1&#8243; awb_image_background_position=&#8221;50% 40%&#8221; awb_color=&#8221;#00000059&#8243; awb_image=&#8221;13947&#8243;][vc_column][vc_row_inner content_placement=&#8221;middle&#8221;][vc_column_inner][vc_empty_space height=&#8221;160px&#8221;][vc_column_text css=&#8221;&#8221;] Pop-Up Store Wagener [\/vc_column_text][vc_empty_space height=&#8221;120px&#8221;][\/vc_column_inner][\/vc_row_inner][\/vc_column][\/vc_row][vc_row][vc_column][vc_empty_space height=&#8221;120px&#8221;][vc_row_inner equal_height=&#8221;yes&#8221; content_placement=&#8221;middle&#8221; el_class=&#8221;wrapper-max-width-1400&#8243;][vc_column_inner el_class=&#8221;pop-up-text-wrapper&#8221; offset=&#8221;vc_col-md-6&#8243;][vc_empty_space height=&#8221;30px&#8221;][vc_column_text css=&#8221;&#8221;] DRESSLER Pop-Up Store at Wagener in Baden-Baden [\/vc_column_text][vc_column_text css=&#8221;&#8221;]Discover the new Spring\/Summer collection, now available at the exclusive DRESSLER pop-up store at Mode Wagener in Baden-Baden. Until 30 April 2026, [&hellip;]<\/p>\n","protected":false},"author":1,"featured_media":13965,"parent":876,"menu_order":0,"comment_status":"closed","ping_status":"closed","template":"","meta":{"inline_featured_image":false,"footnotes":""},"kollektion":[],"class_list":["post-13941","page","type-page","status-publish","has-post-thumbnail","hentry"],"yoast_head":"<!-- This site is optimized with the Yoast SEO Premium plugin v27.3 (Yoast SEO v27.3) - https:\/\/yoast.com\/product\/yoast-seo-premium-wordpress\/ -->\n<title>DRESSLER - Pop-Up Store Baden-Baden<\/title>\n<meta name=\"description\" content=\"Experience the new spring\/summer collection until 14 April in the exclusive DRESSLER pop-up store at Mode Wagener in Baden-Baden.\" \/>\n<meta name=\"robots\" content=\"index, follow, max-snippet:-1, max-image-preview:large, max-video-preview:-1\" \/>\n<link rel=\"canonical\" href=\"https:\/\/dressler1929.com\/en\/stores\/pop-up-store-mode-wagener-in-baden-baden\/\" \/>\n<meta property=\"og:locale\" content=\"en_US\" \/>\n<meta property=\"og:type\" content=\"article\" \/>\n<meta property=\"og:title\" content=\"DRESSLER - Pop-Up Store Baden-Baden\" \/>\n<meta property=\"og:description\" content=\"Mit der neuen Kollektion zelebriert DRESSLER einen kosmopolitischen Geist, der unsere Herkunft w\u00fcrdigt und den Weg in die Zukunft weist.\" \/>\n<meta property=\"og:url\" content=\"https:\/\/dressler1929.com\/en\/stores\/pop-up-store-mode-wagener-in-baden-baden\/\" \/>\n<meta property=\"og:site_name\" content=\"DRESSLER\" \/>\n<meta property=\"article:publisher\" content=\"https:\/\/www.facebook.com\/dressler.official\" \/>\n<meta property=\"article:modified_time\" content=\"2026-04-20T08:37:23+00:00\" \/>\n<meta property=\"og:image\" content=\"https:\/\/dressler1929.com\/wp-content\/uploads\/2026\/03\/dressler-2026-03-pop-up-store-baden-baden-wagener-01-3x2-1-scaled.jpg\" \/>\n\t<meta property=\"og:image:width\" content=\"2560\" \/>\n\t<meta property=\"og:image:height\" content=\"1707\" \/>\n\t<meta property=\"og:image:type\" content=\"image\/jpeg\" \/>\n<meta name=\"twitter:card\" content=\"summary_large_image\" \/>\n<meta name=\"twitter:site\" content=\"@dressler\" \/>\n<meta name=\"twitter:label1\" content=\"Est. reading time\" \/>\n\t<meta name=\"twitter:data1\" content=\"2 minutes\" \/>\n<script type=\"application\/ld+json\" class=\"yoast-schema-graph\">{\"@context\":\"https:\\\/\\\/schema.org\",\"@graph\":[{\"@type\":\"WebPage\",\"@id\":\"https:\\\/\\\/dressler1929.com\\\/en\\\/stores\\\/pop-up-store-mode-wagener-in-baden-baden\\\/\",\"url\":\"https:\\\/\\\/dressler1929.com\\\/en\\\/stores\\\/pop-up-store-mode-wagener-in-baden-baden\\\/\",\"name\":\"DRESSLER - Pop-Up Store Baden-Baden\",\"isPartOf\":{\"@id\":\"https:\\\/\\\/dressler1929.com\\\/en\\\/#website\"},\"primaryImageOfPage\":{\"@id\":\"https:\\\/\\\/dressler1929.com\\\/en\\\/stores\\\/pop-up-store-mode-wagener-in-baden-baden\\\/#primaryimage\"},\"image\":{\"@id\":\"https:\\\/\\\/dressler1929.com\\\/en\\\/stores\\\/pop-up-store-mode-wagener-in-baden-baden\\\/#primaryimage\"},\"thumbnailUrl\":\"https:\\\/\\\/dressler1929.com\\\/wp-content\\\/uploads\\\/2026\\\/03\\\/dressler-2026-03-pop-up-store-baden-baden-wagener-01-3x2-1-scaled.jpg\",\"datePublished\":\"2026-03-09T09:18:08+00:00\",\"dateModified\":\"2026-04-20T08:37:23+00:00\",\"description\":\"Experience the new spring\\\/summer collection until 14 April in the exclusive DRESSLER pop-up store at Mode Wagener in Baden-Baden.\",\"breadcrumb\":{\"@id\":\"https:\\\/\\\/dressler1929.com\\\/en\\\/stores\\\/pop-up-store-mode-wagener-in-baden-baden\\\/#breadcrumb\"},\"inLanguage\":\"en-US\",\"potentialAction\":[{\"@type\":\"ReadAction\",\"target\":[\"https:\\\/\\\/dressler1929.com\\\/en\\\/stores\\\/pop-up-store-mode-wagener-in-baden-baden\\\/\"]}]},{\"@type\":\"ImageObject\",\"inLanguage\":\"en-US\",\"@id\":\"https:\\\/\\\/dressler1929.com\\\/en\\\/stores\\\/pop-up-store-mode-wagener-in-baden-baden\\\/#primaryimage\",\"url\":\"https:\\\/\\\/dressler1929.com\\\/wp-content\\\/uploads\\\/2026\\\/03\\\/dressler-2026-03-pop-up-store-baden-baden-wagener-01-3x2-1-scaled.jpg\",\"contentUrl\":\"https:\\\/\\\/dressler1929.com\\\/wp-content\\\/uploads\\\/2026\\\/03\\\/dressler-2026-03-pop-up-store-baden-baden-wagener-01-3x2-1-scaled.jpg\",\"width\":2560,\"height\":1707},{\"@type\":\"BreadcrumbList\",\"@id\":\"https:\\\/\\\/dressler1929.com\\\/en\\\/stores\\\/pop-up-store-mode-wagener-in-baden-baden\\\/#breadcrumb\",\"itemListElement\":[{\"@type\":\"ListItem\",\"position\":1,\"name\":\"Startseite\",\"item\":\"https:\\\/\\\/dressler1929.com\\\/en\\\/home\\\/\"},{\"@type\":\"ListItem\",\"position\":2,\"name\":\"Stores\",\"item\":\"https:\\\/\\\/dressler1929.com\\\/en\\\/stores\\\/\"},{\"@type\":\"ListItem\",\"position\":3,\"name\":\"Pop-Up Store Baden-Baden\"}]},{\"@type\":\"WebSite\",\"@id\":\"https:\\\/\\\/dressler1929.com\\\/en\\\/#website\",\"url\":\"https:\\\/\\\/dressler1929.com\\\/en\\\/\",\"name\":\"DRESSLER\",\"description\":\"Exclusive menswear\",\"publisher\":{\"@id\":\"https:\\\/\\\/dressler1929.com\\\/en\\\/#organization\"},\"potentialAction\":[{\"@type\":\"SearchAction\",\"target\":{\"@type\":\"EntryPoint\",\"urlTemplate\":\"https:\\\/\\\/dressler1929.com\\\/en\\\/?s={search_term_string}\"},\"query-input\":{\"@type\":\"PropertyValueSpecification\",\"valueRequired\":true,\"valueName\":\"search_term_string\"}}],\"inLanguage\":\"en-US\"},{\"@type\":\"Organization\",\"@id\":\"https:\\\/\\\/dressler1929.com\\\/en\\\/#organization\",\"name\":\"DRESSLER\",\"url\":\"https:\\\/\\\/dressler1929.com\\\/en\\\/\",\"logo\":{\"@type\":\"ImageObject\",\"inLanguage\":\"en-US\",\"@id\":\"https:\\\/\\\/dressler1929.com\\\/en\\\/#\\\/schema\\\/logo\\\/image\\\/\",\"url\":\"https:\\\/\\\/dressler1929.com\\\/wp-content\\\/uploads\\\/2026\\\/02\\\/Dressler_Inital_black_vector_final.png\",\"contentUrl\":\"https:\\\/\\\/dressler1929.com\\\/wp-content\\\/uploads\\\/2026\\\/02\\\/Dressler_Inital_black_vector_final.png\",\"width\":1200,\"height\":1200,\"caption\":\"DRESSLER\"},\"image\":{\"@id\":\"https:\\\/\\\/dressler1929.com\\\/en\\\/#\\\/schema\\\/logo\\\/image\\\/\"},\"sameAs\":[\"https:\\\/\\\/www.facebook.com\\\/dressler.official\",\"https:\\\/\\\/x.com\\\/dressler\",\"https:\\\/\\\/www.instagram.com\\\/dressler_official\\\/\",\"https:\\\/\\\/www.youtube.com\\\/@dressler_official\",\"https:\\\/\\\/www.linkedin.com\\\/company\\\/dressler-bekleidungswerke-brinkmann-gmbh-&-co-kg\\\/\",\"https:\\\/\\\/pinterest.com\\\/dressler1929\\\/\"],\"description\":\"DRESSLER aus Gro\u00dfostheim in Bayern ist eines der \u00e4ltesten Herrenmodeunternehmen Deutschlands. Das Unternehmen wurde 1929 von seinem Namensgeber Eduard Dresser gegr\u00fcndet und \u00fcber mehr als 75 Jahre als Familienbetrieb gef\u00fchrt, bevor es 2004 in die in Herford ans\u00e4ssige Brinkmann Gruppe integriert wurde. Der Hauptsitz der Dressler Bekleidungswerke Brinkmann GmbH & Co. KG befindet sich weiterhin am historischen Standort nahe Frankfurt am Main. DRESSLER ist im gehobenen Marktsegment der Herrenmode im Stil der modernen Klassik positioniert und bekannt f\u00fcr seine \u00e4u\u00dferst hohen Qualit\u00e4tsstandards in Verarbeitung und Materialauswahl.\",\"email\":\"info@dressler1929.com\",\"telephone\":\"+49 06026 5020\",\"legalName\":\"Dressler Bekleidungswerke Brinkmann GmbH & Co. KG\",\"foundingDate\":\"1929-01-01\",\"vatID\":\"DE813847219\",\"numberOfEmployees\":{\"@type\":\"QuantitativeValue\",\"minValue\":\"11\",\"maxValue\":\"50\"}}]}<\/script>\n<!-- \/ Yoast SEO Premium plugin. -->","yoast_head_json":{"title":"DRESSLER - Pop-Up Store Baden-Baden","description":"Experience the new spring\/summer collection until 14 April in the exclusive DRESSLER pop-up store at Mode Wagener in Baden-Baden.","robots":{"index":"index","follow":"follow","max-snippet":"max-snippet:-1","max-image-preview":"max-image-preview:large","max-video-preview":"max-video-preview:-1"},"canonical":"https:\/\/dressler1929.com\/en\/stores\/pop-up-store-mode-wagener-in-baden-baden\/","og_locale":"en_US","og_type":"article","og_title":"DRESSLER - Pop-Up Store Baden-Baden","og_description":"Mit der neuen Kollektion zelebriert DRESSLER einen kosmopolitischen Geist, der unsere Herkunft w\u00fcrdigt und den Weg in die Zukunft weist.","og_url":"https:\/\/dressler1929.com\/en\/stores\/pop-up-store-mode-wagener-in-baden-baden\/","og_site_name":"DRESSLER","article_publisher":"https:\/\/www.facebook.com\/dressler.official","article_modified_time":"2026-04-20T08:37:23+00:00","og_image":[{"width":2560,"height":1707,"url":"https:\/\/dressler1929.com\/wp-content\/uploads\/2026\/03\/dressler-2026-03-pop-up-store-baden-baden-wagener-01-3x2-1-scaled.jpg","type":"image\/jpeg"}],"twitter_card":"summary_large_image","twitter_site":"@dressler","twitter_misc":{"Est. reading time":"2 minutes"},"schema":{"@context":"https:\/\/schema.org","@graph":[{"@type":"WebPage","@id":"https:\/\/dressler1929.com\/en\/stores\/pop-up-store-mode-wagener-in-baden-baden\/","url":"https:\/\/dressler1929.com\/en\/stores\/pop-up-store-mode-wagener-in-baden-baden\/","name":"DRESSLER - Pop-Up Store Baden-Baden","isPartOf":{"@id":"https:\/\/dressler1929.com\/en\/#website"},"primaryImageOfPage":{"@id":"https:\/\/dressler1929.com\/en\/stores\/pop-up-store-mode-wagener-in-baden-baden\/#primaryimage"},"image":{"@id":"https:\/\/dressler1929.com\/en\/stores\/pop-up-store-mode-wagener-in-baden-baden\/#primaryimage"},"thumbnailUrl":"https:\/\/dressler1929.com\/wp-content\/uploads\/2026\/03\/dressler-2026-03-pop-up-store-baden-baden-wagener-01-3x2-1-scaled.jpg","datePublished":"2026-03-09T09:18:08+00:00","dateModified":"2026-04-20T08:37:23+00:00","description":"Experience the new spring\/summer collection until 14 April in the exclusive DRESSLER pop-up store at Mode Wagener in Baden-Baden.","breadcrumb":{"@id":"https:\/\/dressler1929.com\/en\/stores\/pop-up-store-mode-wagener-in-baden-baden\/#breadcrumb"},"inLanguage":"en-US","potentialAction":[{"@type":"ReadAction","target":["https:\/\/dressler1929.com\/en\/stores\/pop-up-store-mode-wagener-in-baden-baden\/"]}]},{"@type":"ImageObject","inLanguage":"en-US","@id":"https:\/\/dressler1929.com\/en\/stores\/pop-up-store-mode-wagener-in-baden-baden\/#primaryimage","url":"https:\/\/dressler1929.com\/wp-content\/uploads\/2026\/03\/dressler-2026-03-pop-up-store-baden-baden-wagener-01-3x2-1-scaled.jpg","contentUrl":"https:\/\/dressler1929.com\/wp-content\/uploads\/2026\/03\/dressler-2026-03-pop-up-store-baden-baden-wagener-01-3x2-1-scaled.jpg","width":2560,"height":1707},{"@type":"BreadcrumbList","@id":"https:\/\/dressler1929.com\/en\/stores\/pop-up-store-mode-wagener-in-baden-baden\/#breadcrumb","itemListElement":[{"@type":"ListItem","position":1,"name":"Startseite","item":"https:\/\/dressler1929.com\/en\/home\/"},{"@type":"ListItem","position":2,"name":"Stores","item":"https:\/\/dressler1929.com\/en\/stores\/"},{"@type":"ListItem","position":3,"name":"Pop-Up Store Baden-Baden"}]},{"@type":"WebSite","@id":"https:\/\/dressler1929.com\/en\/#website","url":"https:\/\/dressler1929.com\/en\/","name":"DRESSLER","description":"Exclusive menswear","publisher":{"@id":"https:\/\/dressler1929.com\/en\/#organization"},"potentialAction":[{"@type":"SearchAction","target":{"@type":"EntryPoint","urlTemplate":"https:\/\/dressler1929.com\/en\/?s={search_term_string}"},"query-input":{"@type":"PropertyValueSpecification","valueRequired":true,"valueName":"search_term_string"}}],"inLanguage":"en-US"},{"@type":"Organization","@id":"https:\/\/dressler1929.com\/en\/#organization","name":"DRESSLER","url":"https:\/\/dressler1929.com\/en\/","logo":{"@type":"ImageObject","inLanguage":"en-US","@id":"https:\/\/dressler1929.com\/en\/#\/schema\/logo\/image\/","url":"https:\/\/dressler1929.com\/wp-content\/uploads\/2026\/02\/Dressler_Inital_black_vector_final.png","contentUrl":"https:\/\/dressler1929.com\/wp-content\/uploads\/2026\/02\/Dressler_Inital_black_vector_final.png","width":1200,"height":1200,"caption":"DRESSLER"},"image":{"@id":"https:\/\/dressler1929.com\/en\/#\/schema\/logo\/image\/"},"sameAs":["https:\/\/www.facebook.com\/dressler.official","https:\/\/x.com\/dressler","https:\/\/www.instagram.com\/dressler_official\/","https:\/\/www.youtube.com\/@dressler_official","https:\/\/www.linkedin.com\/company\/dressler-bekleidungswerke-brinkmann-gmbh-&-co-kg\/","https:\/\/pinterest.com\/dressler1929\/"],"description":"DRESSLER aus Gro\u00dfostheim in Bayern ist eines der \u00e4ltesten Herrenmodeunternehmen Deutschlands. Das Unternehmen wurde 1929 von seinem Namensgeber Eduard Dresser gegr\u00fcndet und \u00fcber mehr als 75 Jahre als Familienbetrieb gef\u00fchrt, bevor es 2004 in die in Herford ans\u00e4ssige Brinkmann Gruppe integriert wurde. Der Hauptsitz der Dressler Bekleidungswerke Brinkmann GmbH & Co. KG befindet sich weiterhin am historischen Standort nahe Frankfurt am Main. DRESSLER ist im gehobenen Marktsegment der Herrenmode im Stil der modernen Klassik positioniert und bekannt f\u00fcr seine \u00e4u\u00dferst hohen Qualit\u00e4tsstandards in Verarbeitung und Materialauswahl.","email":"info@dressler1929.com","telephone":"+49 06026 5020","legalName":"Dressler Bekleidungswerke Brinkmann GmbH & Co. KG","foundingDate":"1929-01-01","vatID":"DE813847219","numberOfEmployees":{"@type":"QuantitativeValue","minValue":"11","maxValue":"50"}}]}},"_links":{"self":[{"href":"https:\/\/dressler1929.com\/en\/wp-json\/wp\/v2\/pages\/13941","targetHints":{"allow":["GET"]}}],"collection":[{"href":"https:\/\/dressler1929.com\/en\/wp-json\/wp\/v2\/pages"}],"about":[{"href":"https:\/\/dressler1929.com\/en\/wp-json\/wp\/v2\/types\/page"}],"author":[{"embeddable":true,"href":"https:\/\/dressler1929.com\/en\/wp-json\/wp\/v2\/users\/1"}],"replies":[{"embeddable":true,"href":"https:\/\/dressler1929.com\/en\/wp-json\/wp\/v2\/comments?post=13941"}],"version-history":[{"count":8,"href":"https:\/\/dressler1929.com\/en\/wp-json\/wp\/v2\/pages\/13941\/revisions"}],"predecessor-version":[{"id":14322,"href":"https:\/\/dressler1929.com\/en\/wp-json\/wp\/v2\/pages\/13941\/revisions\/14322"}],"up":[{"embeddable":true,"href":"https:\/\/dressler1929.com\/en\/wp-json\/wp\/v2\/pages\/876"}],"wp:featuredmedia":[{"embeddable":true,"href":"https:\/\/dressler1929.com\/en\/wp-json\/wp\/v2\/media\/13965"}],"wp:attachment":[{"href":"https:\/\/dressler1929.com\/en\/wp-json\/wp\/v2\/media?parent=13941"}],"wp:term":[{"taxonomy":"kollektion","embeddable":true,"href":"https:\/\/dressler1929.com\/en\/wp-json\/wp\/v2\/kollektion?post=13941"}],"curies":[{"name":"wp","href":"https:\/\/api.w.org\/{rel}","templated":true}]}}