{"id":13990,"date":"2026-03-11T13:26:02","date_gmt":"2026-03-11T12:26:02","guid":{"rendered":"https:\/\/dressler1929.com\/experience\/dressler-x-weidkamp\/"},"modified":"2026-03-18T00:50:34","modified_gmt":"2026-03-17T23:50:34","slug":"dressler-x-weitkamp","status":"publish","type":"page","link":"https:\/\/dressler1929.com\/en\/experience\/dressler-x-weitkamp\/","title":{"rendered":"DRESSLER x Weitkamp"},"content":{"rendered":"<div class=\"wpb-content-wrapper\"><p>[vc_row full_width=&#8221;stretch_row&#8221; full_height=&#8221;yes&#8221; columns_placement=&#8221;top&#8221; awb_type=&#8221;image&#8221; awb_stretch=&#8221;1&#8243; awb_image_background_position=&#8221;40% 60%&#8221; awb_color=&#8221;rgba(0,0,0,0.01)&#8221; awb_image=&#8221;14018&#8243; el_class=&#8221;background-gradient-overlay-dark&#8221;][vc_column][vc_row_inner content_placement=&#8221;top&#8221;][vc_column_inner][vc_empty_space height=&#8221;160px&#8221; el_class=&#8221;experience-intro weitkamp&#8221;][vc_column_text css=&#8221;&#8221;]<\/p>\n<h1 class=\"subhighlight-headline color-white\">Join the<br \/>\nevent &amp;<br \/>\nWin the<br \/>\nDRESSLER<br \/>\nJacket<\/h1>\n<p>[\/vc_column_text][vc_empty_space height=&#8221;30px&#8221;][vc_btn title=&#8221;Participate now&#8221; style=&#8221;custom&#8221; custom_background=&#8221;#FFFFFF&#8221; custom_text=&#8221;#000000&#8243; shape=&#8221;round&#8221; size=&#8221;lg&#8221; css_animation=&#8221;fadeInLeft&#8221; css=&#8221;.vc_custom_1773648994434{margin-right: 22px !important;}&#8221; link=&#8221;url:%23join|title:Participate%20now&#8221; el_class=&#8221;d-button&#8221;][vc_empty_space height=&#8221;120px&#8221;][\/vc_column_inner][\/vc_row_inner][\/vc_column][\/vc_row][vc_row full_height=&#8221;yes&#8221; awb_type=&#8221;color&#8221; awb_stretch=&#8221;1&#8243; awb_color=&#8221;#000000&#8243; el_id=&#8221;event&#8221;][vc_column][vc_empty_space height=&#8221;90px&#8221; el_class=&#8221;mobile-spacer-80&#8243;][vc_row_inner content_placement=&#8221;middle&#8221; el_class=&#8221;wrapper-max-width-1200 column-image-sektion-swap-on-mobile&#8221;][vc_column_inner offset=&#8221;vc_col-md-6&#8243;][vc_empty_space height=&#8221;15px&#8221;][vc_column_text css_animation=&#8221;fadeInUp&#8221; css=&#8221;&#8221;]<\/p>\n<h2 class=\"highlight-subheadline color-white\">The Event<\/h2>\n<p>[\/vc_column_text][vc_empty_space height=&#8221;15px&#8221;][vc_column_text css_animation=&#8221;fadeInUp&#8221; css=&#8221;&#8221;]<\/p>\n<h5 class=\"color-white lowercase\">DRESSLER Talk &amp; Bar Night<br \/>\nPlace: Weitkamp Store, Prinzipalmarkt\u00a06\/7, M\u00fcnster<br \/>\nDate: 25.03.2026<br \/>\nParticipate until: 20.03.2026<\/h5>\n<p>[\/vc_column_text][vc_column_text css_animation=&#8221;fadeInUp&#8221; css=&#8221;&#8221;]<\/p>\n<p class=\"color-white\">Strictly limited access. Register for the chance to join our private circle of max. 60 guests for the night, including a guest of your choice.<\/p>\n<p>[\/vc_column_text][vc_empty_space height=&#8221;15px&#8221;][vc_single_image image=&#8221;14163&#8243; img_size=&#8221;full&#8221; css_animation=&#8221;fadeInUp&#8221; css=&#8221;&#8221; el_class=&#8221;logo-dressler-weitkamp&#8221;][\/vc_column_inner][vc_column_inner offset=&#8221;vc_col-md-6&#8243;][vc_empty_space height=&#8221;15px&#8221;][vc_single_image image=&#8221;14095&#8243; img_size=&#8221;full&#8221; css=&#8221;&#8221; el_class=&#8221;img-max-width-500&#8243;][\/vc_column_inner][\/vc_row_inner][vc_empty_space height=&#8221;120px&#8221; el_class=&#8221;mobile-spacer-80&#8243;][\/vc_column][\/vc_row][vc_row full_height=&#8221;yes&#8221; awb_type=&#8221;color&#8221; awb_stretch=&#8221;1&#8243; awb_color=&#8221;#FFFFFF&#8221; el_id=&#8221;reward&#8221;][vc_column][vc_empty_space height=&#8221;90px&#8221; el_class=&#8221;mobile-spacer-80&#8243;][vc_row_inner content_placement=&#8221;middle&#8221; el_class=&#8221;wrapper-max-width-1200&#8243;][vc_column_inner offset=&#8221;vc_col-md-6&#8243;][vc_empty_space height=&#8221;15px&#8221;][vc_single_image image=&#8221;14087&#8243; img_size=&#8221;full&#8221; css=&#8221;&#8221; el_class=&#8221;img-max-width-500&#8243;][\/vc_column_inner][vc_column_inner offset=&#8221;vc_col-md-6&#8243;][vc_empty_space height=&#8221;15px&#8221;][vc_column_text css_animation=&#8221;fadeInUp&#8221; css=&#8221;&#8221;]<\/p>\n<h2 class=\"highlight-subheadline\">Exclusive Rewards<\/h2>\n<p>[\/vc_column_text][vc_empty_space height=&#8221;15px&#8221;][vc_column_text css_animation=&#8221;fadeInUp&#8221; css=&#8221;&#8221;]<\/p>\n<h4 style=\"margin-bottom: 15px;\">1 x Travel Shirt Jacket by DRESSLER<\/h4>\n<h4>1 x 2 Private Invitations to the DRESSLER Talk &amp; Bar Night<\/h4>\n<p>[\/vc_column_text][vc_empty_space height=&#8221;15px&#8221;][vc_btn title=&#8221;Go to participation&#8221; style=&#8221;custom&#8221; custom_background=&#8221;#000000&#8243; custom_text=&#8221;#FFFFFF&#8221; shape=&#8221;round&#8221; size=&#8221;lg&#8221; css_animation=&#8221;fadeInLeft&#8221; css=&#8221;.vc_custom_1773397064944{margin-right: 22px !important;}&#8221; link=&#8221;url:%23join|title:Participation&#8221; el_class=&#8221;d-button&#8221;][\/vc_column_inner][\/vc_row_inner][vc_empty_space height=&#8221;120px&#8221; el_class=&#8221;mobile-spacer-80&#8243;][\/vc_column][\/vc_row][vc_row awb_type=&#8221;color&#8221; awb_stretch=&#8221;1&#8243; awb_color=&#8221;#D8DBDE&#8221; el_id=&#8221;join&#8221;][vc_column][vc_empty_space height=&#8221;120px&#8221; el_class=&#8221;mobile-spacer-80&#8243;][vc_row_inner el_class=&#8221;experience-form-wrapper&#8221;][vc_column_inner][vc_column_text css_animation=&#8221;fadeInUp&#8221; css=&#8221;&#8221;]<\/p>\n<h2 class=\"highlight-subheadline\">Enter<br \/>\nnow<\/h2>\n<p>[\/vc_column_text]<p><strong>The competition has now closed. The winner will be selected and notified shortly.<\/strong><\/p>[\/vc_column_inner][\/vc_row_inner][vc_empty_space height=&#8221;120px&#8221; el_class=&#8221;mobile-spacer-80&#8243;][\/vc_column][\/vc_row]<\/p>\n<\/div>","protected":false},"excerpt":{"rendered":"<p>[vc_row full_width=&#8221;stretch_row&#8221; full_height=&#8221;yes&#8221; columns_placement=&#8221;top&#8221; awb_type=&#8221;image&#8221; awb_stretch=&#8221;1&#8243; awb_image_background_position=&#8221;40% 60%&#8221; awb_color=&#8221;rgba(0,0,0,0.01)&#8221; awb_image=&#8221;14018&#8243; el_class=&#8221;background-gradient-overlay-dark&#8221;][vc_column][vc_row_inner content_placement=&#8221;top&#8221;][vc_column_inner][vc_empty_space height=&#8221;160px&#8221; el_class=&#8221;experience-intro weitkamp&#8221;][vc_column_text css=&#8221;&#8221;] Join the event &amp; Win the DRESSLER Jacket [\/vc_column_text][vc_empty_space height=&#8221;30px&#8221;][vc_btn title=&#8221;Participate now&#8221; style=&#8221;custom&#8221; custom_background=&#8221;#FFFFFF&#8221; custom_text=&#8221;#000000&#8243; shape=&#8221;round&#8221; size=&#8221;lg&#8221; css_animation=&#8221;fadeInLeft&#8221; css=&#8221;.vc_custom_1773648994434{margin-right: 22px !important;}&#8221; link=&#8221;url:%23join|title:Participate%20now&#8221; el_class=&#8221;d-button&#8221;][vc_empty_space height=&#8221;120px&#8221;][\/vc_column_inner][\/vc_row_inner][\/vc_column][\/vc_row][vc_row full_height=&#8221;yes&#8221; awb_type=&#8221;color&#8221; awb_stretch=&#8221;1&#8243; awb_color=&#8221;#000000&#8243; el_id=&#8221;event&#8221;][vc_column][vc_empty_space height=&#8221;90px&#8221; el_class=&#8221;mobile-spacer-80&#8243;][vc_row_inner content_placement=&#8221;middle&#8221; el_class=&#8221;wrapper-max-width-1200 column-image-sektion-swap-on-mobile&#8221;][vc_column_inner offset=&#8221;vc_col-md-6&#8243;][vc_empty_space height=&#8221;15px&#8221;][vc_column_text css_animation=&#8221;fadeInUp&#8221; css=&#8221;&#8221;] The [&hellip;]<\/p>\n","protected":false},"author":1,"featured_media":14161,"parent":13989,"menu_order":0,"comment_status":"closed","ping_status":"closed","template":"","meta":{"inline_featured_image":false,"footnotes":""},"kollektion":[],"class_list":["post-13990","page","type-page","status-publish","has-post-thumbnail","hentry"],"yoast_head":"<!-- This site is optimized with the Yoast SEO Premium plugin v27.3 (Yoast SEO v27.3) - https:\/\/yoast.com\/product\/yoast-seo-premium-wordpress\/ -->\n<title>DRESSLER x Weitkamp<\/title>\n<meta name=\"description\" content=\"Register for the chance to join our private circle of maximum 60 guests for the night, including a guest of your choice.\" \/>\n<meta name=\"robots\" content=\"index, follow, max-snippet:-1, max-image-preview:large, max-video-preview:-1\" \/>\n<link rel=\"canonical\" href=\"https:\/\/dressler1929.com\/en\/experience\/dressler-x-weitkamp\/\" \/>\n<meta property=\"og:locale\" content=\"en_US\" \/>\n<meta property=\"og:type\" content=\"article\" \/>\n<meta property=\"og:title\" content=\"DRESSLER - DRESSLER x Weitkamp\" \/>\n<meta property=\"og:description\" content=\"Mit der neuen Kollektion zelebriert DRESSLER einen kosmopolitischen Geist, der unsere Herkunft w\u00fcrdigt und den Weg in die Zukunft weist.\" \/>\n<meta property=\"og:url\" content=\"https:\/\/dressler1929.com\/en\/experience\/dressler-x-weitkamp\/\" \/>\n<meta property=\"og:site_name\" content=\"DRESSLER\" \/>\n<meta property=\"article:publisher\" content=\"https:\/\/www.facebook.com\/dressler.official\" \/>\n<meta property=\"article:modified_time\" content=\"2026-03-17T23:50:34+00:00\" \/>\n<meta property=\"og:image\" content=\"https:\/\/dressler1929.com\/wp-content\/uploads\/2026\/03\/Dressler-Weitkamp-Event-Cover-F-scaled.jpg\" \/>\n\t<meta property=\"og:image:width\" content=\"2560\" \/>\n\t<meta property=\"og:image:height\" content=\"1707\" \/>\n\t<meta property=\"og:image:type\" content=\"image\/jpeg\" \/>\n<meta name=\"twitter:card\" content=\"summary_large_image\" \/>\n<meta name=\"twitter:site\" content=\"@dressler\" \/>\n<meta name=\"twitter:label1\" content=\"Est. reading time\" \/>\n\t<meta name=\"twitter:data1\" content=\"3 minutes\" \/>\n<script type=\"application\/ld+json\" class=\"yoast-schema-graph\">{\"@context\":\"https:\\\/\\\/schema.org\",\"@graph\":[{\"@type\":\"WebPage\",\"@id\":\"https:\\\/\\\/dressler1929.com\\\/en\\\/experience\\\/dressler-x-weitkamp\\\/\",\"url\":\"https:\\\/\\\/dressler1929.com\\\/en\\\/experience\\\/dressler-x-weitkamp\\\/\",\"name\":\"DRESSLER x Weitkamp\",\"isPartOf\":{\"@id\":\"https:\\\/\\\/dressler1929.com\\\/en\\\/#website\"},\"primaryImageOfPage\":{\"@id\":\"https:\\\/\\\/dressler1929.com\\\/en\\\/experience\\\/dressler-x-weitkamp\\\/#primaryimage\"},\"image\":{\"@id\":\"https:\\\/\\\/dressler1929.com\\\/en\\\/experience\\\/dressler-x-weitkamp\\\/#primaryimage\"},\"thumbnailUrl\":\"https:\\\/\\\/dressler1929.com\\\/wp-content\\\/uploads\\\/2026\\\/03\\\/Dressler-Weitkamp-Event-Cover-F-scaled.jpg\",\"datePublished\":\"2026-03-11T12:26:02+00:00\",\"dateModified\":\"2026-03-17T23:50:34+00:00\",\"description\":\"Register for the chance to join our private circle of maximum 60 guests for the night, including a guest of your choice.\",\"breadcrumb\":{\"@id\":\"https:\\\/\\\/dressler1929.com\\\/en\\\/experience\\\/dressler-x-weitkamp\\\/#breadcrumb\"},\"inLanguage\":\"en-US\",\"potentialAction\":[{\"@type\":\"ReadAction\",\"target\":[\"https:\\\/\\\/dressler1929.com\\\/en\\\/experience\\\/dressler-x-weitkamp\\\/\"]}]},{\"@type\":\"ImageObject\",\"inLanguage\":\"en-US\",\"@id\":\"https:\\\/\\\/dressler1929.com\\\/en\\\/experience\\\/dressler-x-weitkamp\\\/#primaryimage\",\"url\":\"https:\\\/\\\/dressler1929.com\\\/wp-content\\\/uploads\\\/2026\\\/03\\\/Dressler-Weitkamp-Event-Cover-F-scaled.jpg\",\"contentUrl\":\"https:\\\/\\\/dressler1929.com\\\/wp-content\\\/uploads\\\/2026\\\/03\\\/Dressler-Weitkamp-Event-Cover-F-scaled.jpg\",\"width\":2560,\"height\":1707},{\"@type\":\"BreadcrumbList\",\"@id\":\"https:\\\/\\\/dressler1929.com\\\/en\\\/experience\\\/dressler-x-weitkamp\\\/#breadcrumb\",\"itemListElement\":[{\"@type\":\"ListItem\",\"position\":1,\"name\":\"Startseite\",\"item\":\"https:\\\/\\\/dressler1929.com\\\/en\\\/home\\\/\"},{\"@type\":\"ListItem\",\"position\":2,\"name\":\"Experience\",\"item\":\"https:\\\/\\\/dressler1929.com\\\/en\\\/experience\\\/\"},{\"@type\":\"ListItem\",\"position\":3,\"name\":\"DRESSLER x Weitkamp\"}]},{\"@type\":\"WebSite\",\"@id\":\"https:\\\/\\\/dressler1929.com\\\/en\\\/#website\",\"url\":\"https:\\\/\\\/dressler1929.com\\\/en\\\/\",\"name\":\"DRESSLER\",\"description\":\"Exclusive menswear\",\"publisher\":{\"@id\":\"https:\\\/\\\/dressler1929.com\\\/en\\\/#organization\"},\"potentialAction\":[{\"@type\":\"SearchAction\",\"target\":{\"@type\":\"EntryPoint\",\"urlTemplate\":\"https:\\\/\\\/dressler1929.com\\\/en\\\/?s={search_term_string}\"},\"query-input\":{\"@type\":\"PropertyValueSpecification\",\"valueRequired\":true,\"valueName\":\"search_term_string\"}}],\"inLanguage\":\"en-US\"},{\"@type\":\"Organization\",\"@id\":\"https:\\\/\\\/dressler1929.com\\\/en\\\/#organization\",\"name\":\"DRESSLER\",\"url\":\"https:\\\/\\\/dressler1929.com\\\/en\\\/\",\"logo\":{\"@type\":\"ImageObject\",\"inLanguage\":\"en-US\",\"@id\":\"https:\\\/\\\/dressler1929.com\\\/en\\\/#\\\/schema\\\/logo\\\/image\\\/\",\"url\":\"https:\\\/\\\/dressler1929.com\\\/wp-content\\\/uploads\\\/2026\\\/02\\\/Dressler_Inital_black_vector_final.png\",\"contentUrl\":\"https:\\\/\\\/dressler1929.com\\\/wp-content\\\/uploads\\\/2026\\\/02\\\/Dressler_Inital_black_vector_final.png\",\"width\":1200,\"height\":1200,\"caption\":\"DRESSLER\"},\"image\":{\"@id\":\"https:\\\/\\\/dressler1929.com\\\/en\\\/#\\\/schema\\\/logo\\\/image\\\/\"},\"sameAs\":[\"https:\\\/\\\/www.facebook.com\\\/dressler.official\",\"https:\\\/\\\/x.com\\\/dressler\",\"https:\\\/\\\/www.instagram.com\\\/dressler_official\\\/\",\"https:\\\/\\\/www.youtube.com\\\/@dressler_official\",\"https:\\\/\\\/www.linkedin.com\\\/company\\\/dressler-bekleidungswerke-brinkmann-gmbh-&-co-kg\\\/\",\"https:\\\/\\\/pinterest.com\\\/dressler1929\\\/\"],\"description\":\"DRESSLER aus Gro\u00dfostheim in Bayern ist eines der \u00e4ltesten Herrenmodeunternehmen Deutschlands. Das Unternehmen wurde 1929 von seinem Namensgeber Eduard Dresser gegr\u00fcndet und \u00fcber mehr als 75 Jahre als Familienbetrieb gef\u00fchrt, bevor es 2004 in die in Herford ans\u00e4ssige Brinkmann Gruppe integriert wurde. Der Hauptsitz der Dressler Bekleidungswerke Brinkmann GmbH & Co. KG befindet sich weiterhin am historischen Standort nahe Frankfurt am Main. DRESSLER ist im gehobenen Marktsegment der Herrenmode im Stil der modernen Klassik positioniert und bekannt f\u00fcr seine \u00e4u\u00dferst hohen Qualit\u00e4tsstandards in Verarbeitung und Materialauswahl.\",\"email\":\"info@dressler1929.com\",\"telephone\":\"+49 06026 5020\",\"legalName\":\"Dressler Bekleidungswerke Brinkmann GmbH & Co. KG\",\"foundingDate\":\"1929-01-01\",\"vatID\":\"DE813847219\",\"numberOfEmployees\":{\"@type\":\"QuantitativeValue\",\"minValue\":\"11\",\"maxValue\":\"50\"}}]}<\/script>\n<!-- \/ Yoast SEO Premium plugin. -->","yoast_head_json":{"title":"DRESSLER x Weitkamp","description":"Register for the chance to join our private circle of maximum 60 guests for the night, including a guest of your choice.","robots":{"index":"index","follow":"follow","max-snippet":"max-snippet:-1","max-image-preview":"max-image-preview:large","max-video-preview":"max-video-preview:-1"},"canonical":"https:\/\/dressler1929.com\/en\/experience\/dressler-x-weitkamp\/","og_locale":"en_US","og_type":"article","og_title":"DRESSLER - DRESSLER x Weitkamp","og_description":"Mit der neuen Kollektion zelebriert DRESSLER einen kosmopolitischen Geist, der unsere Herkunft w\u00fcrdigt und den Weg in die Zukunft weist.","og_url":"https:\/\/dressler1929.com\/en\/experience\/dressler-x-weitkamp\/","og_site_name":"DRESSLER","article_publisher":"https:\/\/www.facebook.com\/dressler.official","article_modified_time":"2026-03-17T23:50:34+00:00","og_image":[{"width":2560,"height":1707,"url":"https:\/\/dressler1929.com\/wp-content\/uploads\/2026\/03\/Dressler-Weitkamp-Event-Cover-F-scaled.jpg","type":"image\/jpeg"}],"twitter_card":"summary_large_image","twitter_site":"@dressler","twitter_misc":{"Est. reading time":"3 minutes"},"schema":{"@context":"https:\/\/schema.org","@graph":[{"@type":"WebPage","@id":"https:\/\/dressler1929.com\/en\/experience\/dressler-x-weitkamp\/","url":"https:\/\/dressler1929.com\/en\/experience\/dressler-x-weitkamp\/","name":"DRESSLER x Weitkamp","isPartOf":{"@id":"https:\/\/dressler1929.com\/en\/#website"},"primaryImageOfPage":{"@id":"https:\/\/dressler1929.com\/en\/experience\/dressler-x-weitkamp\/#primaryimage"},"image":{"@id":"https:\/\/dressler1929.com\/en\/experience\/dressler-x-weitkamp\/#primaryimage"},"thumbnailUrl":"https:\/\/dressler1929.com\/wp-content\/uploads\/2026\/03\/Dressler-Weitkamp-Event-Cover-F-scaled.jpg","datePublished":"2026-03-11T12:26:02+00:00","dateModified":"2026-03-17T23:50:34+00:00","description":"Register for the chance to join our private circle of maximum 60 guests for the night, including a guest of your choice.","breadcrumb":{"@id":"https:\/\/dressler1929.com\/en\/experience\/dressler-x-weitkamp\/#breadcrumb"},"inLanguage":"en-US","potentialAction":[{"@type":"ReadAction","target":["https:\/\/dressler1929.com\/en\/experience\/dressler-x-weitkamp\/"]}]},{"@type":"ImageObject","inLanguage":"en-US","@id":"https:\/\/dressler1929.com\/en\/experience\/dressler-x-weitkamp\/#primaryimage","url":"https:\/\/dressler1929.com\/wp-content\/uploads\/2026\/03\/Dressler-Weitkamp-Event-Cover-F-scaled.jpg","contentUrl":"https:\/\/dressler1929.com\/wp-content\/uploads\/2026\/03\/Dressler-Weitkamp-Event-Cover-F-scaled.jpg","width":2560,"height":1707},{"@type":"BreadcrumbList","@id":"https:\/\/dressler1929.com\/en\/experience\/dressler-x-weitkamp\/#breadcrumb","itemListElement":[{"@type":"ListItem","position":1,"name":"Startseite","item":"https:\/\/dressler1929.com\/en\/home\/"},{"@type":"ListItem","position":2,"name":"Experience","item":"https:\/\/dressler1929.com\/en\/experience\/"},{"@type":"ListItem","position":3,"name":"DRESSLER x Weitkamp"}]},{"@type":"WebSite","@id":"https:\/\/dressler1929.com\/en\/#website","url":"https:\/\/dressler1929.com\/en\/","name":"DRESSLER","description":"Exclusive menswear","publisher":{"@id":"https:\/\/dressler1929.com\/en\/#organization"},"potentialAction":[{"@type":"SearchAction","target":{"@type":"EntryPoint","urlTemplate":"https:\/\/dressler1929.com\/en\/?s={search_term_string}"},"query-input":{"@type":"PropertyValueSpecification","valueRequired":true,"valueName":"search_term_string"}}],"inLanguage":"en-US"},{"@type":"Organization","@id":"https:\/\/dressler1929.com\/en\/#organization","name":"DRESSLER","url":"https:\/\/dressler1929.com\/en\/","logo":{"@type":"ImageObject","inLanguage":"en-US","@id":"https:\/\/dressler1929.com\/en\/#\/schema\/logo\/image\/","url":"https:\/\/dressler1929.com\/wp-content\/uploads\/2026\/02\/Dressler_Inital_black_vector_final.png","contentUrl":"https:\/\/dressler1929.com\/wp-content\/uploads\/2026\/02\/Dressler_Inital_black_vector_final.png","width":1200,"height":1200,"caption":"DRESSLER"},"image":{"@id":"https:\/\/dressler1929.com\/en\/#\/schema\/logo\/image\/"},"sameAs":["https:\/\/www.facebook.com\/dressler.official","https:\/\/x.com\/dressler","https:\/\/www.instagram.com\/dressler_official\/","https:\/\/www.youtube.com\/@dressler_official","https:\/\/www.linkedin.com\/company\/dressler-bekleidungswerke-brinkmann-gmbh-&-co-kg\/","https:\/\/pinterest.com\/dressler1929\/"],"description":"DRESSLER aus Gro\u00dfostheim in Bayern ist eines der \u00e4ltesten Herrenmodeunternehmen Deutschlands. Das Unternehmen wurde 1929 von seinem Namensgeber Eduard Dresser gegr\u00fcndet und \u00fcber mehr als 75 Jahre als Familienbetrieb gef\u00fchrt, bevor es 2004 in die in Herford ans\u00e4ssige Brinkmann Gruppe integriert wurde. Der Hauptsitz der Dressler Bekleidungswerke Brinkmann GmbH & Co. KG befindet sich weiterhin am historischen Standort nahe Frankfurt am Main. DRESSLER ist im gehobenen Marktsegment der Herrenmode im Stil der modernen Klassik positioniert und bekannt f\u00fcr seine \u00e4u\u00dferst hohen Qualit\u00e4tsstandards in Verarbeitung und Materialauswahl.","email":"info@dressler1929.com","telephone":"+49 06026 5020","legalName":"Dressler Bekleidungswerke Brinkmann GmbH & Co. KG","foundingDate":"1929-01-01","vatID":"DE813847219","numberOfEmployees":{"@type":"QuantitativeValue","minValue":"11","maxValue":"50"}}]}},"_links":{"self":[{"href":"https:\/\/dressler1929.com\/en\/wp-json\/wp\/v2\/pages\/13990","targetHints":{"allow":["GET"]}}],"collection":[{"href":"https:\/\/dressler1929.com\/en\/wp-json\/wp\/v2\/pages"}],"about":[{"href":"https:\/\/dressler1929.com\/en\/wp-json\/wp\/v2\/types\/page"}],"author":[{"embeddable":true,"href":"https:\/\/dressler1929.com\/en\/wp-json\/wp\/v2\/users\/1"}],"replies":[{"embeddable":true,"href":"https:\/\/dressler1929.com\/en\/wp-json\/wp\/v2\/comments?post=13990"}],"version-history":[{"count":104,"href":"https:\/\/dressler1929.com\/en\/wp-json\/wp\/v2\/pages\/13990\/revisions"}],"predecessor-version":[{"id":14257,"href":"https:\/\/dressler1929.com\/en\/wp-json\/wp\/v2\/pages\/13990\/revisions\/14257"}],"up":[{"embeddable":true,"href":"https:\/\/dressler1929.com\/en\/wp-json\/wp\/v2\/pages\/13989"}],"wp:featuredmedia":[{"embeddable":true,"href":"https:\/\/dressler1929.com\/en\/wp-json\/wp\/v2\/media\/14161"}],"wp:attachment":[{"href":"https:\/\/dressler1929.com\/en\/wp-json\/wp\/v2\/media?parent=13990"}],"wp:term":[{"taxonomy":"kollektion","embeddable":true,"href":"https:\/\/dressler1929.com\/en\/wp-json\/wp\/v2\/kollektion?post=13990"}],"curies":[{"name":"wp","href":"https:\/\/api.w.org\/{rel}","templated":true}]}}