{"id":13996,"date":"2026-03-12T10:45:22","date_gmt":"2026-03-12T09:45:22","guid":{"rendered":"https:\/\/dressler1929.com\/experience\/teilnahmebestaetigung\/"},"modified":"2026-03-13T13:51:45","modified_gmt":"2026-03-13T12:51:45","slug":"participation-confirmation","status":"publish","type":"page","link":"https:\/\/dressler1929.com\/en\/experience\/participation-confirmation\/","title":{"rendered":"Participation confirmation"},"content":{"rendered":"<div class=\"wpb-content-wrapper\"><p>[vc_row full_width=&#8221;stretch_row&#8221; full_height=&#8221;yes&#8221; columns_placement=&#8221;bottom&#8221; awb_type=&#8221;image&#8221; awb_stretch=&#8221;1&#8243; awb_image_background_position=&#8221;50% 40%&#8221; awb_color=&#8221;#0000004D&#8221; awb_image=&#8221;14160&#8243; el_class=&#8221;background-gradient-overlay-dark&#8221;][vc_column][vc_row_inner content_placement=&#8221;bottom&#8221;][vc_column_inner][vc_empty_space height=&#8221;160px&#8221; el_class=&#8221;experience-intro weitkamp&#8221;][vc_column_text css=&#8221;&#8221;]<\/p>\n<h2 class=\"highlight-subheadline color-white\">Confirmation<br \/>\nof your<br \/>\nparticipation<\/h2>\n<p>[\/vc_column_text][vc_column_text css_animation=&#8221;fadeInUp&#8221; css=&#8221;&#8221;]<\/p>\n<h5 class=\"color-white lowercase\">Thank you very much for taking part in the DRESSLER competition.<br \/>\nIf you win, we will contact you personally.<\/h5>\n<p>[\/vc_column_text][vc_empty_space height=&#8221;120px&#8221;][\/vc_column_inner][\/vc_row_inner][\/vc_column][\/vc_row]<\/p>\n<\/div>","protected":false},"excerpt":{"rendered":"<p>[vc_row full_width=&#8221;stretch_row&#8221; full_height=&#8221;yes&#8221; columns_placement=&#8221;bottom&#8221; awb_type=&#8221;image&#8221; awb_stretch=&#8221;1&#8243; awb_image_background_position=&#8221;50% 40%&#8221; awb_color=&#8221;#0000004D&#8221; awb_image=&#8221;14160&#8243; el_class=&#8221;background-gradient-overlay-dark&#8221;][vc_column][vc_row_inner content_placement=&#8221;bottom&#8221;][vc_column_inner][vc_empty_space height=&#8221;160px&#8221; el_class=&#8221;experience-intro weitkamp&#8221;][vc_column_text css=&#8221;&#8221;] Confirmation of your participation [\/vc_column_text][vc_column_text css_animation=&#8221;fadeInUp&#8221; css=&#8221;&#8221;] Thank you very much for taking part in the DRESSLER competition. If you win, we will contact you personally. [\/vc_column_text][vc_empty_space height=&#8221;120px&#8221;][\/vc_column_inner][\/vc_row_inner][\/vc_column][\/vc_row]<\/p>\n","protected":false},"author":1,"featured_media":0,"parent":13989,"menu_order":0,"comment_status":"closed","ping_status":"closed","template":"","meta":{"inline_featured_image":false,"footnotes":""},"kollektion":[],"class_list":["post-13996","page","type-page","status-publish","hentry"],"yoast_head":"<!-- This site is optimized with the Yoast SEO Premium plugin v27.3 (Yoast SEO v27.3) - https:\/\/yoast.com\/product\/yoast-seo-premium-wordpress\/ -->\n<title>DRESSLER - Participation confirmation<\/title>\n<meta name=\"description\" content=\"Mit der neuen Kollektion zelebriert DRESSLER einen kosmopolitischen Geist, der unsere Herkunft w\u00fcrdigt und den Weg in die Zukunft weist.\" \/>\n<meta name=\"robots\" content=\"index, follow, max-snippet:-1, max-image-preview:large, max-video-preview:-1\" \/>\n<link rel=\"canonical\" href=\"https:\/\/dressler1929.com\/en\/experience\/participation-confirmation\/\" \/>\n<meta property=\"og:locale\" content=\"en_US\" \/>\n<meta property=\"og:type\" content=\"article\" \/>\n<meta property=\"og:title\" content=\"DRESSLER - Participation confirmation\" \/>\n<meta property=\"og:description\" content=\"Mit der neuen Kollektion zelebriert DRESSLER einen kosmopolitischen Geist, der unsere Herkunft w\u00fcrdigt und den Weg in die Zukunft weist.\" \/>\n<meta property=\"og:url\" content=\"https:\/\/dressler1929.com\/en\/experience\/participation-confirmation\/\" \/>\n<meta property=\"og:site_name\" content=\"DRESSLER\" \/>\n<meta property=\"article:publisher\" content=\"https:\/\/www.facebook.com\/dressler.official\" \/>\n<meta property=\"article:modified_time\" content=\"2026-03-13T12:51:45+00:00\" \/>\n<meta property=\"og:image\" content=\"https:\/\/dressler1929.com\/wp-content\/uploads\/2026\/02\/dressler-collection-keyvisual-spring-summer-2026.jpg\" \/>\n\t<meta property=\"og:image:width\" content=\"1200\" \/>\n\t<meta property=\"og:image:height\" content=\"675\" \/>\n\t<meta property=\"og:image:type\" content=\"image\/jpeg\" \/>\n<meta name=\"twitter:card\" content=\"summary_large_image\" \/>\n<meta name=\"twitter:site\" content=\"@dressler\" \/>\n<meta name=\"twitter:label1\" content=\"Est. reading time\" \/>\n\t<meta name=\"twitter:data1\" content=\"1 minute\" \/>\n<script type=\"application\/ld+json\" class=\"yoast-schema-graph\">{\"@context\":\"https:\\\/\\\/schema.org\",\"@graph\":[{\"@type\":\"WebPage\",\"@id\":\"https:\\\/\\\/dressler1929.com\\\/en\\\/experience\\\/participation-confirmation\\\/\",\"url\":\"https:\\\/\\\/dressler1929.com\\\/en\\\/experience\\\/participation-confirmation\\\/\",\"name\":\"DRESSLER - Participation confirmation\",\"isPartOf\":{\"@id\":\"https:\\\/\\\/dressler1929.com\\\/en\\\/#website\"},\"datePublished\":\"2026-03-12T09:45:22+00:00\",\"dateModified\":\"2026-03-13T12:51:45+00:00\",\"description\":\"Mit der neuen Kollektion zelebriert DRESSLER einen kosmopolitischen Geist, der unsere Herkunft w\u00fcrdigt und den Weg in die Zukunft weist.\",\"breadcrumb\":{\"@id\":\"https:\\\/\\\/dressler1929.com\\\/en\\\/experience\\\/participation-confirmation\\\/#breadcrumb\"},\"inLanguage\":\"en-US\",\"potentialAction\":[{\"@type\":\"ReadAction\",\"target\":[\"https:\\\/\\\/dressler1929.com\\\/en\\\/experience\\\/participation-confirmation\\\/\"]}]},{\"@type\":\"BreadcrumbList\",\"@id\":\"https:\\\/\\\/dressler1929.com\\\/en\\\/experience\\\/participation-confirmation\\\/#breadcrumb\",\"itemListElement\":[{\"@type\":\"ListItem\",\"position\":1,\"name\":\"Startseite\",\"item\":\"https:\\\/\\\/dressler1929.com\\\/en\\\/home\\\/\"},{\"@type\":\"ListItem\",\"position\":2,\"name\":\"Experience\",\"item\":\"https:\\\/\\\/dressler1929.com\\\/en\\\/experience\\\/\"},{\"@type\":\"ListItem\",\"position\":3,\"name\":\"Participation confirmation\"}]},{\"@type\":\"WebSite\",\"@id\":\"https:\\\/\\\/dressler1929.com\\\/en\\\/#website\",\"url\":\"https:\\\/\\\/dressler1929.com\\\/en\\\/\",\"name\":\"DRESSLER\",\"description\":\"Exclusive menswear\",\"publisher\":{\"@id\":\"https:\\\/\\\/dressler1929.com\\\/en\\\/#organization\"},\"potentialAction\":[{\"@type\":\"SearchAction\",\"target\":{\"@type\":\"EntryPoint\",\"urlTemplate\":\"https:\\\/\\\/dressler1929.com\\\/en\\\/?s={search_term_string}\"},\"query-input\":{\"@type\":\"PropertyValueSpecification\",\"valueRequired\":true,\"valueName\":\"search_term_string\"}}],\"inLanguage\":\"en-US\"},{\"@type\":\"Organization\",\"@id\":\"https:\\\/\\\/dressler1929.com\\\/en\\\/#organization\",\"name\":\"DRESSLER\",\"url\":\"https:\\\/\\\/dressler1929.com\\\/en\\\/\",\"logo\":{\"@type\":\"ImageObject\",\"inLanguage\":\"en-US\",\"@id\":\"https:\\\/\\\/dressler1929.com\\\/en\\\/#\\\/schema\\\/logo\\\/image\\\/\",\"url\":\"https:\\\/\\\/dressler1929.com\\\/wp-content\\\/uploads\\\/2026\\\/02\\\/Dressler_Inital_black_vector_final.png\",\"contentUrl\":\"https:\\\/\\\/dressler1929.com\\\/wp-content\\\/uploads\\\/2026\\\/02\\\/Dressler_Inital_black_vector_final.png\",\"width\":1200,\"height\":1200,\"caption\":\"DRESSLER\"},\"image\":{\"@id\":\"https:\\\/\\\/dressler1929.com\\\/en\\\/#\\\/schema\\\/logo\\\/image\\\/\"},\"sameAs\":[\"https:\\\/\\\/www.facebook.com\\\/dressler.official\",\"https:\\\/\\\/x.com\\\/dressler\",\"https:\\\/\\\/www.instagram.com\\\/dressler_official\\\/\",\"https:\\\/\\\/www.youtube.com\\\/@dressler_official\",\"https:\\\/\\\/www.linkedin.com\\\/company\\\/dressler-bekleidungswerke-brinkmann-gmbh-&-co-kg\\\/\",\"https:\\\/\\\/pinterest.com\\\/dressler1929\\\/\"],\"description\":\"DRESSLER aus Gro\u00dfostheim in Bayern ist eines der \u00e4ltesten Herrenmodeunternehmen Deutschlands. Das Unternehmen wurde 1929 von seinem Namensgeber Eduard Dresser gegr\u00fcndet und \u00fcber mehr als 75 Jahre als Familienbetrieb gef\u00fchrt, bevor es 2004 in die in Herford ans\u00e4ssige Brinkmann Gruppe integriert wurde. Der Hauptsitz der Dressler Bekleidungswerke Brinkmann GmbH & Co. KG befindet sich weiterhin am historischen Standort nahe Frankfurt am Main. DRESSLER ist im gehobenen Marktsegment der Herrenmode im Stil der modernen Klassik positioniert und bekannt f\u00fcr seine \u00e4u\u00dferst hohen Qualit\u00e4tsstandards in Verarbeitung und Materialauswahl.\",\"email\":\"info@dressler1929.com\",\"telephone\":\"+49 06026 5020\",\"legalName\":\"Dressler Bekleidungswerke Brinkmann GmbH & Co. KG\",\"foundingDate\":\"1929-01-01\",\"vatID\":\"DE813847219\",\"numberOfEmployees\":{\"@type\":\"QuantitativeValue\",\"minValue\":\"11\",\"maxValue\":\"50\"}}]}<\/script>\n<!-- \/ Yoast SEO Premium plugin. -->","yoast_head_json":{"title":"DRESSLER - Participation confirmation","description":"Mit der neuen Kollektion zelebriert DRESSLER einen kosmopolitischen Geist, der unsere Herkunft w\u00fcrdigt und den Weg in die Zukunft weist.","robots":{"index":"index","follow":"follow","max-snippet":"max-snippet:-1","max-image-preview":"max-image-preview:large","max-video-preview":"max-video-preview:-1"},"canonical":"https:\/\/dressler1929.com\/en\/experience\/participation-confirmation\/","og_locale":"en_US","og_type":"article","og_title":"DRESSLER - Participation confirmation","og_description":"Mit der neuen Kollektion zelebriert DRESSLER einen kosmopolitischen Geist, der unsere Herkunft w\u00fcrdigt und den Weg in die Zukunft weist.","og_url":"https:\/\/dressler1929.com\/en\/experience\/participation-confirmation\/","og_site_name":"DRESSLER","article_publisher":"https:\/\/www.facebook.com\/dressler.official","article_modified_time":"2026-03-13T12:51:45+00:00","og_image":[{"width":1200,"height":675,"url":"https:\/\/dressler1929.com\/wp-content\/uploads\/2026\/02\/dressler-collection-keyvisual-spring-summer-2026.jpg","type":"image\/jpeg"}],"twitter_card":"summary_large_image","twitter_site":"@dressler","twitter_misc":{"Est. reading time":"1 minute"},"schema":{"@context":"https:\/\/schema.org","@graph":[{"@type":"WebPage","@id":"https:\/\/dressler1929.com\/en\/experience\/participation-confirmation\/","url":"https:\/\/dressler1929.com\/en\/experience\/participation-confirmation\/","name":"DRESSLER - Participation confirmation","isPartOf":{"@id":"https:\/\/dressler1929.com\/en\/#website"},"datePublished":"2026-03-12T09:45:22+00:00","dateModified":"2026-03-13T12:51:45+00:00","description":"Mit der neuen Kollektion zelebriert DRESSLER einen kosmopolitischen Geist, der unsere Herkunft w\u00fcrdigt und den Weg in die Zukunft weist.","breadcrumb":{"@id":"https:\/\/dressler1929.com\/en\/experience\/participation-confirmation\/#breadcrumb"},"inLanguage":"en-US","potentialAction":[{"@type":"ReadAction","target":["https:\/\/dressler1929.com\/en\/experience\/participation-confirmation\/"]}]},{"@type":"BreadcrumbList","@id":"https:\/\/dressler1929.com\/en\/experience\/participation-confirmation\/#breadcrumb","itemListElement":[{"@type":"ListItem","position":1,"name":"Startseite","item":"https:\/\/dressler1929.com\/en\/home\/"},{"@type":"ListItem","position":2,"name":"Experience","item":"https:\/\/dressler1929.com\/en\/experience\/"},{"@type":"ListItem","position":3,"name":"Participation confirmation"}]},{"@type":"WebSite","@id":"https:\/\/dressler1929.com\/en\/#website","url":"https:\/\/dressler1929.com\/en\/","name":"DRESSLER","description":"Exclusive menswear","publisher":{"@id":"https:\/\/dressler1929.com\/en\/#organization"},"potentialAction":[{"@type":"SearchAction","target":{"@type":"EntryPoint","urlTemplate":"https:\/\/dressler1929.com\/en\/?s={search_term_string}"},"query-input":{"@type":"PropertyValueSpecification","valueRequired":true,"valueName":"search_term_string"}}],"inLanguage":"en-US"},{"@type":"Organization","@id":"https:\/\/dressler1929.com\/en\/#organization","name":"DRESSLER","url":"https:\/\/dressler1929.com\/en\/","logo":{"@type":"ImageObject","inLanguage":"en-US","@id":"https:\/\/dressler1929.com\/en\/#\/schema\/logo\/image\/","url":"https:\/\/dressler1929.com\/wp-content\/uploads\/2026\/02\/Dressler_Inital_black_vector_final.png","contentUrl":"https:\/\/dressler1929.com\/wp-content\/uploads\/2026\/02\/Dressler_Inital_black_vector_final.png","width":1200,"height":1200,"caption":"DRESSLER"},"image":{"@id":"https:\/\/dressler1929.com\/en\/#\/schema\/logo\/image\/"},"sameAs":["https:\/\/www.facebook.com\/dressler.official","https:\/\/x.com\/dressler","https:\/\/www.instagram.com\/dressler_official\/","https:\/\/www.youtube.com\/@dressler_official","https:\/\/www.linkedin.com\/company\/dressler-bekleidungswerke-brinkmann-gmbh-&-co-kg\/","https:\/\/pinterest.com\/dressler1929\/"],"description":"DRESSLER aus Gro\u00dfostheim in Bayern ist eines der \u00e4ltesten Herrenmodeunternehmen Deutschlands. Das Unternehmen wurde 1929 von seinem Namensgeber Eduard Dresser gegr\u00fcndet und \u00fcber mehr als 75 Jahre als Familienbetrieb gef\u00fchrt, bevor es 2004 in die in Herford ans\u00e4ssige Brinkmann Gruppe integriert wurde. Der Hauptsitz der Dressler Bekleidungswerke Brinkmann GmbH & Co. KG befindet sich weiterhin am historischen Standort nahe Frankfurt am Main. DRESSLER ist im gehobenen Marktsegment der Herrenmode im Stil der modernen Klassik positioniert und bekannt f\u00fcr seine \u00e4u\u00dferst hohen Qualit\u00e4tsstandards in Verarbeitung und Materialauswahl.","email":"info@dressler1929.com","telephone":"+49 06026 5020","legalName":"Dressler Bekleidungswerke Brinkmann GmbH & Co. KG","foundingDate":"1929-01-01","vatID":"DE813847219","numberOfEmployees":{"@type":"QuantitativeValue","minValue":"11","maxValue":"50"}}]}},"_links":{"self":[{"href":"https:\/\/dressler1929.com\/en\/wp-json\/wp\/v2\/pages\/13996","targetHints":{"allow":["GET"]}}],"collection":[{"href":"https:\/\/dressler1929.com\/en\/wp-json\/wp\/v2\/pages"}],"about":[{"href":"https:\/\/dressler1929.com\/en\/wp-json\/wp\/v2\/types\/page"}],"author":[{"embeddable":true,"href":"https:\/\/dressler1929.com\/en\/wp-json\/wp\/v2\/users\/1"}],"replies":[{"embeddable":true,"href":"https:\/\/dressler1929.com\/en\/wp-json\/wp\/v2\/comments?post=13996"}],"version-history":[{"count":4,"href":"https:\/\/dressler1929.com\/en\/wp-json\/wp\/v2\/pages\/13996\/revisions"}],"predecessor-version":[{"id":14190,"href":"https:\/\/dressler1929.com\/en\/wp-json\/wp\/v2\/pages\/13996\/revisions\/14190"}],"up":[{"embeddable":true,"href":"https:\/\/dressler1929.com\/en\/wp-json\/wp\/v2\/pages\/13989"}],"wp:attachment":[{"href":"https:\/\/dressler1929.com\/en\/wp-json\/wp\/v2\/media?parent=13996"}],"wp:term":[{"taxonomy":"kollektion","embeddable":true,"href":"https:\/\/dressler1929.com\/en\/wp-json\/wp\/v2\/kollektion?post=13996"}],"curies":[{"name":"wp","href":"https:\/\/api.w.org\/{rel}","templated":true}]}}