{"id":2257,"date":"2023-03-01T14:32:05","date_gmt":"2023-03-01T13:32:05","guid":{"rendered":"https:\/\/wp12296504.server-he.de\/eduard-dressler-stag\/stores\/online-shops\/"},"modified":"2026-02-12T11:04:07","modified_gmt":"2026-02-12T10:04:07","slug":"online-shops","status":"publish","type":"page","link":"https:\/\/dressler1929.com\/en\/stores\/online-shops\/","title":{"rendered":"Online Shops"},"content":{"rendered":"<div class=\"wpb-content-wrapper\"><p>[vc_row full_width=&#8221;stretch_row_content&#8221; full_height=&#8221;yes&#8221; columns_placement=&#8221;stretch&#8221; equal_height=&#8221;yes&#8221; content_placement=&#8221;middle&#8221;][vc_column awb_type=&#8221;image&#8221; awb_stretch=&#8221;1&#8243; awb_image_background_position=&#8221;50% 30%&#8221; awb_color=&#8221;rgba(0,0,0,0.2)&#8221; awb_image=&#8221;7703&#8243; offset=&#8221;vc_col-md-6 vc_col-xs-12&#8243;][vc_row_inner][vc_column_inner][vc_empty_space height=&#8221;160px&#8221;][vc_column_text]<\/p>\n<h1 class=\"color-white\" style=\"text-align: center;\">Online Shops<\/h1>\n<p>[\/vc_column_text][vc_empty_space height=&#8221;120px&#8221;][\/vc_column_inner][\/vc_row_inner][\/vc_column][vc_column awb_type=&#8221;color&#8221; awb_stretch=&#8221;1&#8243; awb_color=&#8221;#f4f4f4&#8243; offset=&#8221;vc_col-md-6 vc_col-xs-12&#8243;][vc_row_inner el_class=&#8221;grid-half-wrapper&#8221;][vc_column_inner][vc_empty_space height=&#8221;160px&#8221; el_class=&#8221;spacer-top-intro-visual&#8221;][vc_column_text]<\/p>\n<h4>Our products can be bought <span class=\"nobreak\">online at:<\/span><\/h4>\n<p>[\/vc_column_text][vc_column_text css=&#8221;&#8221;]<a href=\"https:\/\/www.breuninger.com\/marken\/eduard-dressler\/+herren\/\" target=\"_blank\" rel=\"noopener noreferrer\">Breuninger<\/a><\/p>\n<p><a href=\"https:\/\/www.engelhorn.de\/de-de\/herren\/marken\/e\/eduard-dressler\/\" target=\"_blank\" rel=\"noopener noreferrer\">Engelhorn<\/a><\/p>\n<p><a href=\"https:\/\/www.herrenausstatter.de\/dressler\" target=\"_blank\" rel=\"noopener noreferrer\">Herrenausstatter<\/a><\/p>\n<p><a href=\"https:\/\/www.hirmer.de\/marken\/dressler\" target=\"_blank\" rel=\"noopener noreferrer\">Hirmer<\/a><\/p>\n<p><a href=\"https:\/\/www.hirmer-grosse-groessen.de\/de\/marken\/dressler\" target=\"_blank\" rel=\"noopener noreferrer\">Hirmer Gro\u00dfe Gr\u00f6\u00dfen<\/a><\/p>\n<p><a href=\"https:\/\/www.kastner-oehler.de\/dressler-markenshop\/\" target=\"_blank\" rel=\"noopener noreferrer\">Kastner &amp; \u00d6hler<\/a><\/p>\n<p><a href=\"https:\/\/www.lodenfrey.com\/Designer\/Eduard-Dressler\/\" target=\"_blank\" rel=\"noopener noreferrer\">Lodenfrey<\/a><\/p>\n<p><a href=\"https:\/\/www.mientus.com\/en\/labels\/dressler\/\" target=\"_blank\" rel=\"noopener noreferrer\">Mientus<\/a><\/p>\n<p><a href=\"https:\/\/soer.de\/shop\/brands\/dressler\/\" target=\"_blank\" rel=\"noopener noreferrer\">S\u00d8R<\/a><\/p>\n<p><a href=\"https:\/\/www.modehaus-schnitzler.de\/marken\/eduard-dressler\/\" target=\"_blank\" rel=\"noopener noreferrer\">Schnitzler<\/a><\/p>\n<p><a href=\"https:\/\/troelstrup.com\/populaere-maerker\/dressler\" target=\"_blank\" rel=\"noopener noreferrer\">Troelstrup<\/a><\/p>\n<p><a href=\"https:\/\/www.pkz.ch\/de\/search?q=Eduard+Dressler\" target=\"_blank\" rel=\"noopener noreferrer\">PKZ MEN Z\u00fcrich<\/a><\/p>\n<p><a href=\"https:\/\/baltzar.com\/collections\/eduard-dressler\" target=\"_blank\" rel=\"noopener noreferrer\">Engelska Herr<\/a>[\/vc_column_text][vc_empty_space height=&#8221;30px&#8221;][vc_btn title=&#8221;Back to overview&#8221; style=&#8221;custom&#8221; custom_background=&#8221;rgba(0,0,0,0.01)&#8221; custom_text=&#8221;#000000&#8243; shape=&#8221;square&#8221; align=&#8221;left&#8221; link=&#8221;url:%2Fen%2Fstores%2F|title:Stores&#8221; el_class=&#8221;ed-button dark&#8221;][vc_empty_space height=&#8221;120px&#8221;][\/vc_column_inner][\/vc_row_inner][\/vc_column][\/vc_row]<\/p>\n<\/div>","protected":false},"excerpt":{"rendered":"<p>[vc_row full_width=&#8221;stretch_row_content&#8221; full_height=&#8221;yes&#8221; columns_placement=&#8221;stretch&#8221; equal_height=&#8221;yes&#8221; content_placement=&#8221;middle&#8221;][vc_column awb_type=&#8221;image&#8221; awb_stretch=&#8221;1&#8243; awb_image_background_position=&#8221;50% 30%&#8221; awb_color=&#8221;rgba(0,0,0,0.2)&#8221; awb_image=&#8221;7703&#8243; offset=&#8221;vc_col-md-6 vc_col-xs-12&#8243;][vc_row_inner][vc_column_inner][vc_empty_space height=&#8221;160px&#8221;][vc_column_text] Online Shops [\/vc_column_text][vc_empty_space height=&#8221;120px&#8221;][\/vc_column_inner][\/vc_row_inner][\/vc_column][vc_column awb_type=&#8221;color&#8221; awb_stretch=&#8221;1&#8243; awb_color=&#8221;#f4f4f4&#8243; offset=&#8221;vc_col-md-6 vc_col-xs-12&#8243;][vc_row_inner el_class=&#8221;grid-half-wrapper&#8221;][vc_column_inner][vc_empty_space height=&#8221;160px&#8221; el_class=&#8221;spacer-top-intro-visual&#8221;][vc_column_text] Our products can be bought online at: [\/vc_column_text][vc_column_text css=&#8221;&#8221;]Breuninger Engelhorn Herrenausstatter Hirmer Hirmer Gro\u00dfe Gr\u00f6\u00dfen Kastner &amp; \u00d6hler Lodenfrey Mientus S\u00d8R Schnitzler Troelstrup PKZ MEN Z\u00fcrich Engelska Herr[\/vc_column_text][vc_empty_space [&hellip;]<\/p>\n","protected":false},"author":1,"featured_media":7703,"parent":876,"menu_order":0,"comment_status":"closed","ping_status":"closed","template":"","meta":{"inline_featured_image":false,"footnotes":""},"kollektion":[],"class_list":["post-2257","page","type-page","status-publish","has-post-thumbnail","hentry"],"yoast_head":"<!-- This site is optimized with the Yoast SEO Premium plugin v27.3 (Yoast SEO v27.3) - https:\/\/yoast.com\/product\/yoast-seo-premium-wordpress\/ -->\n<title>DRESSLER - Online Shops<\/title>\n<meta name=\"description\" content=\"Mit der neuen Kollektion zelebriert DRESSLER einen kosmopolitischen Geist, der unsere Herkunft w\u00fcrdigt und den Weg in die Zukunft weist.\" \/>\n<meta name=\"robots\" content=\"index, follow, max-snippet:-1, max-image-preview:large, max-video-preview:-1\" \/>\n<link rel=\"canonical\" href=\"https:\/\/dressler1929.com\/en\/stores\/online-shops\/\" \/>\n<meta property=\"og:locale\" content=\"en_US\" \/>\n<meta property=\"og:type\" content=\"article\" \/>\n<meta property=\"og:title\" content=\"DRESSLER - Online Shops\" \/>\n<meta property=\"og:description\" content=\"Mit der neuen Kollektion zelebriert DRESSLER einen kosmopolitischen Geist, der unsere Herkunft w\u00fcrdigt und den Weg in die Zukunft weist.\" \/>\n<meta property=\"og:url\" content=\"https:\/\/dressler1929.com\/en\/stores\/online-shops\/\" \/>\n<meta property=\"og:site_name\" content=\"DRESSLER\" \/>\n<meta property=\"article:publisher\" content=\"https:\/\/www.facebook.com\/dressler.official\" \/>\n<meta property=\"article:modified_time\" content=\"2026-02-12T10:04:07+00:00\" \/>\n<meta property=\"og:image\" content=\"https:\/\/dressler1929.com\/wp-content\/uploads\/2024\/07\/dressler-online-shop-F3-scaled.jpg\" \/>\n\t<meta property=\"og:image:width\" content=\"2103\" \/>\n\t<meta property=\"og:image:height\" content=\"2560\" \/>\n\t<meta property=\"og:image:type\" content=\"image\/jpeg\" \/>\n<meta name=\"twitter:card\" content=\"summary_large_image\" \/>\n<meta name=\"twitter:site\" content=\"@dressler\" \/>\n<meta name=\"twitter:label1\" content=\"Est. reading time\" \/>\n\t<meta name=\"twitter:data1\" content=\"1 minute\" \/>\n<script type=\"application\/ld+json\" class=\"yoast-schema-graph\">{\"@context\":\"https:\\\/\\\/schema.org\",\"@graph\":[{\"@type\":\"WebPage\",\"@id\":\"https:\\\/\\\/dressler1929.com\\\/en\\\/stores\\\/online-shops\\\/\",\"url\":\"https:\\\/\\\/dressler1929.com\\\/en\\\/stores\\\/online-shops\\\/\",\"name\":\"DRESSLER - Online Shops\",\"isPartOf\":{\"@id\":\"https:\\\/\\\/dressler1929.com\\\/en\\\/#website\"},\"primaryImageOfPage\":{\"@id\":\"https:\\\/\\\/dressler1929.com\\\/en\\\/stores\\\/online-shops\\\/#primaryimage\"},\"image\":{\"@id\":\"https:\\\/\\\/dressler1929.com\\\/en\\\/stores\\\/online-shops\\\/#primaryimage\"},\"thumbnailUrl\":\"https:\\\/\\\/dressler1929.com\\\/wp-content\\\/uploads\\\/2024\\\/07\\\/dressler-online-shop-F3-scaled.jpg\",\"datePublished\":\"2023-03-01T13:32:05+00:00\",\"dateModified\":\"2026-02-12T10:04:07+00:00\",\"description\":\"Mit der neuen Kollektion zelebriert DRESSLER einen kosmopolitischen Geist, der unsere Herkunft w\u00fcrdigt und den Weg in die Zukunft weist.\",\"breadcrumb\":{\"@id\":\"https:\\\/\\\/dressler1929.com\\\/en\\\/stores\\\/online-shops\\\/#breadcrumb\"},\"inLanguage\":\"en-US\",\"potentialAction\":[{\"@type\":\"ReadAction\",\"target\":[\"https:\\\/\\\/dressler1929.com\\\/en\\\/stores\\\/online-shops\\\/\"]}]},{\"@type\":\"ImageObject\",\"inLanguage\":\"en-US\",\"@id\":\"https:\\\/\\\/dressler1929.com\\\/en\\\/stores\\\/online-shops\\\/#primaryimage\",\"url\":\"https:\\\/\\\/dressler1929.com\\\/wp-content\\\/uploads\\\/2024\\\/07\\\/dressler-online-shop-F3-scaled.jpg\",\"contentUrl\":\"https:\\\/\\\/dressler1929.com\\\/wp-content\\\/uploads\\\/2024\\\/07\\\/dressler-online-shop-F3-scaled.jpg\",\"width\":2103,\"height\":2560},{\"@type\":\"BreadcrumbList\",\"@id\":\"https:\\\/\\\/dressler1929.com\\\/en\\\/stores\\\/online-shops\\\/#breadcrumb\",\"itemListElement\":[{\"@type\":\"ListItem\",\"position\":1,\"name\":\"Startseite\",\"item\":\"https:\\\/\\\/dressler1929.com\\\/en\\\/home\\\/\"},{\"@type\":\"ListItem\",\"position\":2,\"name\":\"Stores\",\"item\":\"https:\\\/\\\/dressler1929.com\\\/en\\\/stores\\\/\"},{\"@type\":\"ListItem\",\"position\":3,\"name\":\"Online Shops\"}]},{\"@type\":\"WebSite\",\"@id\":\"https:\\\/\\\/dressler1929.com\\\/en\\\/#website\",\"url\":\"https:\\\/\\\/dressler1929.com\\\/en\\\/\",\"name\":\"DRESSLER\",\"description\":\"Exclusive menswear\",\"publisher\":{\"@id\":\"https:\\\/\\\/dressler1929.com\\\/en\\\/#organization\"},\"potentialAction\":[{\"@type\":\"SearchAction\",\"target\":{\"@type\":\"EntryPoint\",\"urlTemplate\":\"https:\\\/\\\/dressler1929.com\\\/en\\\/?s={search_term_string}\"},\"query-input\":{\"@type\":\"PropertyValueSpecification\",\"valueRequired\":true,\"valueName\":\"search_term_string\"}}],\"inLanguage\":\"en-US\"},{\"@type\":\"Organization\",\"@id\":\"https:\\\/\\\/dressler1929.com\\\/en\\\/#organization\",\"name\":\"DRESSLER\",\"url\":\"https:\\\/\\\/dressler1929.com\\\/en\\\/\",\"logo\":{\"@type\":\"ImageObject\",\"inLanguage\":\"en-US\",\"@id\":\"https:\\\/\\\/dressler1929.com\\\/en\\\/#\\\/schema\\\/logo\\\/image\\\/\",\"url\":\"https:\\\/\\\/dressler1929.com\\\/wp-content\\\/uploads\\\/2026\\\/02\\\/Dressler_Inital_black_vector_final.png\",\"contentUrl\":\"https:\\\/\\\/dressler1929.com\\\/wp-content\\\/uploads\\\/2026\\\/02\\\/Dressler_Inital_black_vector_final.png\",\"width\":1200,\"height\":1200,\"caption\":\"DRESSLER\"},\"image\":{\"@id\":\"https:\\\/\\\/dressler1929.com\\\/en\\\/#\\\/schema\\\/logo\\\/image\\\/\"},\"sameAs\":[\"https:\\\/\\\/www.facebook.com\\\/dressler.official\",\"https:\\\/\\\/x.com\\\/dressler\",\"https:\\\/\\\/www.instagram.com\\\/dressler_official\\\/\",\"https:\\\/\\\/www.youtube.com\\\/@dressler_official\",\"https:\\\/\\\/www.linkedin.com\\\/company\\\/dressler-bekleidungswerke-brinkmann-gmbh-&-co-kg\\\/\",\"https:\\\/\\\/pinterest.com\\\/dressler1929\\\/\"],\"description\":\"DRESSLER aus Gro\u00dfostheim in Bayern ist eines der \u00e4ltesten Herrenmodeunternehmen Deutschlands. Das Unternehmen wurde 1929 von seinem Namensgeber Eduard Dresser gegr\u00fcndet und \u00fcber mehr als 75 Jahre als Familienbetrieb gef\u00fchrt, bevor es 2004 in die in Herford ans\u00e4ssige Brinkmann Gruppe integriert wurde. Der Hauptsitz der Dressler Bekleidungswerke Brinkmann GmbH & Co. KG befindet sich weiterhin am historischen Standort nahe Frankfurt am Main. DRESSLER ist im gehobenen Marktsegment der Herrenmode im Stil der modernen Klassik positioniert und bekannt f\u00fcr seine \u00e4u\u00dferst hohen Qualit\u00e4tsstandards in Verarbeitung und Materialauswahl.\",\"email\":\"info@dressler1929.com\",\"telephone\":\"+49 06026 5020\",\"legalName\":\"Dressler Bekleidungswerke Brinkmann GmbH & Co. KG\",\"foundingDate\":\"1929-01-01\",\"vatID\":\"DE813847219\",\"numberOfEmployees\":{\"@type\":\"QuantitativeValue\",\"minValue\":\"11\",\"maxValue\":\"50\"}}]}<\/script>\n<!-- \/ Yoast SEO Premium plugin. -->","yoast_head_json":{"title":"DRESSLER - Online Shops","description":"Mit der neuen Kollektion zelebriert DRESSLER einen kosmopolitischen Geist, der unsere Herkunft w\u00fcrdigt und den Weg in die Zukunft weist.","robots":{"index":"index","follow":"follow","max-snippet":"max-snippet:-1","max-image-preview":"max-image-preview:large","max-video-preview":"max-video-preview:-1"},"canonical":"https:\/\/dressler1929.com\/en\/stores\/online-shops\/","og_locale":"en_US","og_type":"article","og_title":"DRESSLER - Online Shops","og_description":"Mit der neuen Kollektion zelebriert DRESSLER einen kosmopolitischen Geist, der unsere Herkunft w\u00fcrdigt und den Weg in die Zukunft weist.","og_url":"https:\/\/dressler1929.com\/en\/stores\/online-shops\/","og_site_name":"DRESSLER","article_publisher":"https:\/\/www.facebook.com\/dressler.official","article_modified_time":"2026-02-12T10:04:07+00:00","og_image":[{"width":2103,"height":2560,"url":"https:\/\/dressler1929.com\/wp-content\/uploads\/2024\/07\/dressler-online-shop-F3-scaled.jpg","type":"image\/jpeg"}],"twitter_card":"summary_large_image","twitter_site":"@dressler","twitter_misc":{"Est. reading time":"1 minute"},"schema":{"@context":"https:\/\/schema.org","@graph":[{"@type":"WebPage","@id":"https:\/\/dressler1929.com\/en\/stores\/online-shops\/","url":"https:\/\/dressler1929.com\/en\/stores\/online-shops\/","name":"DRESSLER - Online Shops","isPartOf":{"@id":"https:\/\/dressler1929.com\/en\/#website"},"primaryImageOfPage":{"@id":"https:\/\/dressler1929.com\/en\/stores\/online-shops\/#primaryimage"},"image":{"@id":"https:\/\/dressler1929.com\/en\/stores\/online-shops\/#primaryimage"},"thumbnailUrl":"https:\/\/dressler1929.com\/wp-content\/uploads\/2024\/07\/dressler-online-shop-F3-scaled.jpg","datePublished":"2023-03-01T13:32:05+00:00","dateModified":"2026-02-12T10:04:07+00:00","description":"Mit der neuen Kollektion zelebriert DRESSLER einen kosmopolitischen Geist, der unsere Herkunft w\u00fcrdigt und den Weg in die Zukunft weist.","breadcrumb":{"@id":"https:\/\/dressler1929.com\/en\/stores\/online-shops\/#breadcrumb"},"inLanguage":"en-US","potentialAction":[{"@type":"ReadAction","target":["https:\/\/dressler1929.com\/en\/stores\/online-shops\/"]}]},{"@type":"ImageObject","inLanguage":"en-US","@id":"https:\/\/dressler1929.com\/en\/stores\/online-shops\/#primaryimage","url":"https:\/\/dressler1929.com\/wp-content\/uploads\/2024\/07\/dressler-online-shop-F3-scaled.jpg","contentUrl":"https:\/\/dressler1929.com\/wp-content\/uploads\/2024\/07\/dressler-online-shop-F3-scaled.jpg","width":2103,"height":2560},{"@type":"BreadcrumbList","@id":"https:\/\/dressler1929.com\/en\/stores\/online-shops\/#breadcrumb","itemListElement":[{"@type":"ListItem","position":1,"name":"Startseite","item":"https:\/\/dressler1929.com\/en\/home\/"},{"@type":"ListItem","position":2,"name":"Stores","item":"https:\/\/dressler1929.com\/en\/stores\/"},{"@type":"ListItem","position":3,"name":"Online Shops"}]},{"@type":"WebSite","@id":"https:\/\/dressler1929.com\/en\/#website","url":"https:\/\/dressler1929.com\/en\/","name":"DRESSLER","description":"Exclusive menswear","publisher":{"@id":"https:\/\/dressler1929.com\/en\/#organization"},"potentialAction":[{"@type":"SearchAction","target":{"@type":"EntryPoint","urlTemplate":"https:\/\/dressler1929.com\/en\/?s={search_term_string}"},"query-input":{"@type":"PropertyValueSpecification","valueRequired":true,"valueName":"search_term_string"}}],"inLanguage":"en-US"},{"@type":"Organization","@id":"https:\/\/dressler1929.com\/en\/#organization","name":"DRESSLER","url":"https:\/\/dressler1929.com\/en\/","logo":{"@type":"ImageObject","inLanguage":"en-US","@id":"https:\/\/dressler1929.com\/en\/#\/schema\/logo\/image\/","url":"https:\/\/dressler1929.com\/wp-content\/uploads\/2026\/02\/Dressler_Inital_black_vector_final.png","contentUrl":"https:\/\/dressler1929.com\/wp-content\/uploads\/2026\/02\/Dressler_Inital_black_vector_final.png","width":1200,"height":1200,"caption":"DRESSLER"},"image":{"@id":"https:\/\/dressler1929.com\/en\/#\/schema\/logo\/image\/"},"sameAs":["https:\/\/www.facebook.com\/dressler.official","https:\/\/x.com\/dressler","https:\/\/www.instagram.com\/dressler_official\/","https:\/\/www.youtube.com\/@dressler_official","https:\/\/www.linkedin.com\/company\/dressler-bekleidungswerke-brinkmann-gmbh-&-co-kg\/","https:\/\/pinterest.com\/dressler1929\/"],"description":"DRESSLER aus Gro\u00dfostheim in Bayern ist eines der \u00e4ltesten Herrenmodeunternehmen Deutschlands. Das Unternehmen wurde 1929 von seinem Namensgeber Eduard Dresser gegr\u00fcndet und \u00fcber mehr als 75 Jahre als Familienbetrieb gef\u00fchrt, bevor es 2004 in die in Herford ans\u00e4ssige Brinkmann Gruppe integriert wurde. Der Hauptsitz der Dressler Bekleidungswerke Brinkmann GmbH & Co. KG befindet sich weiterhin am historischen Standort nahe Frankfurt am Main. DRESSLER ist im gehobenen Marktsegment der Herrenmode im Stil der modernen Klassik positioniert und bekannt f\u00fcr seine \u00e4u\u00dferst hohen Qualit\u00e4tsstandards in Verarbeitung und Materialauswahl.","email":"info@dressler1929.com","telephone":"+49 06026 5020","legalName":"Dressler Bekleidungswerke Brinkmann GmbH & Co. KG","foundingDate":"1929-01-01","vatID":"DE813847219","numberOfEmployees":{"@type":"QuantitativeValue","minValue":"11","maxValue":"50"}}]}},"_links":{"self":[{"href":"https:\/\/dressler1929.com\/en\/wp-json\/wp\/v2\/pages\/2257","targetHints":{"allow":["GET"]}}],"collection":[{"href":"https:\/\/dressler1929.com\/en\/wp-json\/wp\/v2\/pages"}],"about":[{"href":"https:\/\/dressler1929.com\/en\/wp-json\/wp\/v2\/types\/page"}],"author":[{"embeddable":true,"href":"https:\/\/dressler1929.com\/en\/wp-json\/wp\/v2\/users\/1"}],"replies":[{"embeddable":true,"href":"https:\/\/dressler1929.com\/en\/wp-json\/wp\/v2\/comments?post=2257"}],"version-history":[{"count":35,"href":"https:\/\/dressler1929.com\/en\/wp-json\/wp\/v2\/pages\/2257\/revisions"}],"predecessor-version":[{"id":13774,"href":"https:\/\/dressler1929.com\/en\/wp-json\/wp\/v2\/pages\/2257\/revisions\/13774"}],"up":[{"embeddable":true,"href":"https:\/\/dressler1929.com\/en\/wp-json\/wp\/v2\/pages\/876"}],"wp:featuredmedia":[{"embeddable":true,"href":"https:\/\/dressler1929.com\/en\/wp-json\/wp\/v2\/media\/7703"}],"wp:attachment":[{"href":"https:\/\/dressler1929.com\/en\/wp-json\/wp\/v2\/media?parent=2257"}],"wp:term":[{"taxonomy":"kollektion","embeddable":true,"href":"https:\/\/dressler1929.com\/en\/wp-json\/wp\/v2\/kollektion?post=2257"}],"curies":[{"name":"wp","href":"https:\/\/api.w.org\/{rel}","templated":true}]}}