{"id":8645,"date":"2024-11-22T10:31:49","date_gmt":"2024-11-22T09:31:49","guid":{"rendered":"https:\/\/dressler1929.com\/produkte\/"},"modified":"2025-02-21T23:40:35","modified_gmt":"2025-02-21T22:40:35","slug":"products","status":"publish","type":"page","link":"https:\/\/dressler1929.com\/en\/collections\/spring-summer-2025\/products\/","title":{"rendered":"Products"},"content":{"rendered":"<div class=\"wpb-content-wrapper\"><p>[vc_row full_width=&#8221;stretch_row&#8221; full_height=&#8221;yes&#8221; awb_type=&#8221;image&#8221; awb_image_background_position=&#8221;50% 30%&#8221; awb_color=&#8221;rgba(255,255,255,0.01)&#8221; awb_image=&#8221;9179&#8243; el_class=&#8221;background-gradient-overlay-dark half-opacity&#8221;][vc_column][vc_row_inner][vc_column_inner][vc_column_text css=&#8221;&#8221;]<\/p>\n<h1 class=\"color-white mobile-center\" style=\"text-align: center;\">Products<\/h1>\n<h3 class=\"color-white mobile-center\" style=\"text-align: center;\">Spring \/ Summer 2025<\/h3>\n<p>[\/vc_column_text][\/vc_column_inner][\/vc_row_inner][\/vc_column][\/vc_row][vc_row full_width=&#8221;stretch_row&#8221; awb_type=&#8221;color&#8221; awb_color=&#8221;#f4f4f4&#8243; css=&#8221;.vc_custom_1675280844290{padding-top: 2px !important;padding-bottom: 2px !important;}&#8221;][vc_column][vc_raw_html css=&#8221;.vc_custom_1739541829299{margin-bottom: 0px !important;}&#8221;]JTVCd3BnYl9ncmlkJTIwaWQlM0QlMjIxMjQlMjIlNUQ=[\/vc_raw_html][\/vc_column][\/vc_row]<\/p>\n<\/div>","protected":false},"excerpt":{"rendered":"<p>[vc_row full_width=&#8221;stretch_row&#8221; full_height=&#8221;yes&#8221; awb_type=&#8221;image&#8221; awb_image_background_position=&#8221;50% 30%&#8221; awb_color=&#8221;rgba(255,255,255,0.01)&#8221; awb_image=&#8221;9179&#8243; el_class=&#8221;background-gradient-overlay-dark half-opacity&#8221;][vc_column][vc_row_inner][vc_column_inner][vc_column_text css=&#8221;&#8221;] Products Spring \/ Summer 2025 [\/vc_column_text][\/vc_column_inner][\/vc_row_inner][\/vc_column][\/vc_row][vc_row full_width=&#8221;stretch_row&#8221; awb_type=&#8221;color&#8221; awb_color=&#8221;#f4f4f4&#8243; css=&#8221;.vc_custom_1675280844290{padding-top: 2px !important;padding-bottom: 2px !important;}&#8221;][vc_column][vc_raw_html css=&#8221;.vc_custom_1739541829299{margin-bottom: 0px !important;}&#8221;]JTVCd3BnYl9ncmlkJTIwaWQlM0QlMjIxMjQlMjIlNUQ=[\/vc_raw_html][\/vc_column][\/vc_row]<\/p>\n","protected":false},"author":1,"featured_media":9179,"parent":8650,"menu_order":0,"comment_status":"closed","ping_status":"closed","template":"","meta":{"inline_featured_image":false,"footnotes":""},"kollektion":[],"class_list":["post-8645","page","type-page","status-publish","has-post-thumbnail","hentry"],"yoast_head":"<!-- This site is optimized with the Yoast SEO Premium plugin v27.3 (Yoast SEO v27.3) - https:\/\/yoast.com\/product\/yoast-seo-premium-wordpress\/ -->\n<title>DRESSLER - Products<\/title>\n<meta name=\"description\" content=\"Mit der neuen Kollektion zelebriert DRESSLER einen kosmopolitischen Geist, der unsere Herkunft w\u00fcrdigt und den Weg in die Zukunft weist.\" \/>\n<meta name=\"robots\" content=\"index, follow, max-snippet:-1, max-image-preview:large, max-video-preview:-1\" \/>\n<link rel=\"canonical\" href=\"https:\/\/dressler1929.com\/en\/collections\/spring-summer-2025\/products\/\" \/>\n<meta property=\"og:locale\" content=\"en_US\" \/>\n<meta property=\"og:type\" content=\"article\" \/>\n<meta property=\"og:title\" content=\"DRESSLER - Products\" \/>\n<meta property=\"og:description\" content=\"Mit der neuen Kollektion zelebriert DRESSLER einen kosmopolitischen Geist, der unsere Herkunft w\u00fcrdigt und den Weg in die Zukunft weist.\" \/>\n<meta property=\"og:url\" content=\"https:\/\/dressler1929.com\/en\/collections\/spring-summer-2025\/products\/\" \/>\n<meta property=\"og:site_name\" content=\"DRESSLER\" \/>\n<meta property=\"article:publisher\" content=\"https:\/\/www.facebook.com\/dressler.official\" \/>\n<meta property=\"article:modified_time\" content=\"2025-02-21T22:40:35+00:00\" \/>\n<meta property=\"og:image\" content=\"https:\/\/dressler1929.com\/wp-content\/uploads\/2025\/02\/dressler-looks-3x2-spring-summer-2025-F1-web_STILL_019-scaled.jpg\" \/>\n\t<meta property=\"og:image:width\" content=\"2560\" \/>\n\t<meta property=\"og:image:height\" content=\"1707\" \/>\n\t<meta property=\"og:image:type\" content=\"image\/jpeg\" \/>\n<meta name=\"twitter:card\" content=\"summary_large_image\" \/>\n<meta name=\"twitter:site\" content=\"@dressler\" \/>\n<meta name=\"twitter:label1\" content=\"Est. reading time\" \/>\n\t<meta name=\"twitter:data1\" content=\"1 minute\" \/>\n<script type=\"application\/ld+json\" class=\"yoast-schema-graph\">{\"@context\":\"https:\\\/\\\/schema.org\",\"@graph\":[{\"@type\":\"WebPage\",\"@id\":\"https:\\\/\\\/dressler1929.com\\\/en\\\/collections\\\/spring-summer-2025\\\/products\\\/\",\"url\":\"https:\\\/\\\/dressler1929.com\\\/en\\\/collections\\\/spring-summer-2025\\\/products\\\/\",\"name\":\"DRESSLER - Products\",\"isPartOf\":{\"@id\":\"https:\\\/\\\/dressler1929.com\\\/en\\\/#website\"},\"primaryImageOfPage\":{\"@id\":\"https:\\\/\\\/dressler1929.com\\\/en\\\/collections\\\/spring-summer-2025\\\/products\\\/#primaryimage\"},\"image\":{\"@id\":\"https:\\\/\\\/dressler1929.com\\\/en\\\/collections\\\/spring-summer-2025\\\/products\\\/#primaryimage\"},\"thumbnailUrl\":\"https:\\\/\\\/dressler1929.com\\\/wp-content\\\/uploads\\\/2025\\\/02\\\/dressler-looks-3x2-spring-summer-2025-additional-01-F1-web_SS25_STILL_019-F-scaled.jpg\",\"datePublished\":\"2024-11-22T09:31:49+00:00\",\"dateModified\":\"2025-02-21T22:40:35+00:00\",\"description\":\"Mit der neuen Kollektion zelebriert DRESSLER einen kosmopolitischen Geist, der unsere Herkunft w\u00fcrdigt und den Weg in die Zukunft weist.\",\"breadcrumb\":{\"@id\":\"https:\\\/\\\/dressler1929.com\\\/en\\\/collections\\\/spring-summer-2025\\\/products\\\/#breadcrumb\"},\"inLanguage\":\"en-US\",\"potentialAction\":[{\"@type\":\"ReadAction\",\"target\":[\"https:\\\/\\\/dressler1929.com\\\/en\\\/collections\\\/spring-summer-2025\\\/products\\\/\"]}]},{\"@type\":\"ImageObject\",\"inLanguage\":\"en-US\",\"@id\":\"https:\\\/\\\/dressler1929.com\\\/en\\\/collections\\\/spring-summer-2025\\\/products\\\/#primaryimage\",\"url\":\"https:\\\/\\\/dressler1929.com\\\/wp-content\\\/uploads\\\/2025\\\/02\\\/dressler-looks-3x2-spring-summer-2025-additional-01-F1-web_SS25_STILL_019-F-scaled.jpg\",\"contentUrl\":\"https:\\\/\\\/dressler1929.com\\\/wp-content\\\/uploads\\\/2025\\\/02\\\/dressler-looks-3x2-spring-summer-2025-additional-01-F1-web_SS25_STILL_019-F-scaled.jpg\",\"width\":2560,\"height\":1707},{\"@type\":\"BreadcrumbList\",\"@id\":\"https:\\\/\\\/dressler1929.com\\\/en\\\/collections\\\/spring-summer-2025\\\/products\\\/#breadcrumb\",\"itemListElement\":[{\"@type\":\"ListItem\",\"position\":1,\"name\":\"Startseite\",\"item\":\"https:\\\/\\\/dressler1929.com\\\/en\\\/home\\\/\"},{\"@type\":\"ListItem\",\"position\":2,\"name\":\"Collections\",\"item\":\"https:\\\/\\\/dressler1929.com\\\/en\\\/collections\\\/\"},{\"@type\":\"ListItem\",\"position\":3,\"name\":\"Spring \\\/ Summer 2025\",\"item\":\"https:\\\/\\\/dressler1929.com\\\/en\\\/collections\\\/spring-summer-2025\\\/\"},{\"@type\":\"ListItem\",\"position\":4,\"name\":\"Products\"}]},{\"@type\":\"WebSite\",\"@id\":\"https:\\\/\\\/dressler1929.com\\\/en\\\/#website\",\"url\":\"https:\\\/\\\/dressler1929.com\\\/en\\\/\",\"name\":\"DRESSLER\",\"description\":\"Exclusive menswear\",\"publisher\":{\"@id\":\"https:\\\/\\\/dressler1929.com\\\/en\\\/#organization\"},\"potentialAction\":[{\"@type\":\"SearchAction\",\"target\":{\"@type\":\"EntryPoint\",\"urlTemplate\":\"https:\\\/\\\/dressler1929.com\\\/en\\\/?s={search_term_string}\"},\"query-input\":{\"@type\":\"PropertyValueSpecification\",\"valueRequired\":true,\"valueName\":\"search_term_string\"}}],\"inLanguage\":\"en-US\"},{\"@type\":\"Organization\",\"@id\":\"https:\\\/\\\/dressler1929.com\\\/en\\\/#organization\",\"name\":\"DRESSLER\",\"url\":\"https:\\\/\\\/dressler1929.com\\\/en\\\/\",\"logo\":{\"@type\":\"ImageObject\",\"inLanguage\":\"en-US\",\"@id\":\"https:\\\/\\\/dressler1929.com\\\/en\\\/#\\\/schema\\\/logo\\\/image\\\/\",\"url\":\"https:\\\/\\\/dressler1929.com\\\/wp-content\\\/uploads\\\/2026\\\/02\\\/Dressler_Inital_black_vector_final.png\",\"contentUrl\":\"https:\\\/\\\/dressler1929.com\\\/wp-content\\\/uploads\\\/2026\\\/02\\\/Dressler_Inital_black_vector_final.png\",\"width\":1200,\"height\":1200,\"caption\":\"DRESSLER\"},\"image\":{\"@id\":\"https:\\\/\\\/dressler1929.com\\\/en\\\/#\\\/schema\\\/logo\\\/image\\\/\"},\"sameAs\":[\"https:\\\/\\\/www.facebook.com\\\/dressler.official\",\"https:\\\/\\\/x.com\\\/dressler\",\"https:\\\/\\\/www.instagram.com\\\/dressler_official\\\/\",\"https:\\\/\\\/www.youtube.com\\\/@dressler_official\",\"https:\\\/\\\/www.linkedin.com\\\/company\\\/dressler-bekleidungswerke-brinkmann-gmbh-&-co-kg\\\/\",\"https:\\\/\\\/pinterest.com\\\/dressler1929\\\/\"],\"description\":\"DRESSLER aus Gro\u00dfostheim in Bayern ist eines der \u00e4ltesten Herrenmodeunternehmen Deutschlands. Das Unternehmen wurde 1929 von seinem Namensgeber Eduard Dresser gegr\u00fcndet und \u00fcber mehr als 75 Jahre als Familienbetrieb gef\u00fchrt, bevor es 2004 in die in Herford ans\u00e4ssige Brinkmann Gruppe integriert wurde. Der Hauptsitz der Dressler Bekleidungswerke Brinkmann GmbH & Co. KG befindet sich weiterhin am historischen Standort nahe Frankfurt am Main. DRESSLER ist im gehobenen Marktsegment der Herrenmode im Stil der modernen Klassik positioniert und bekannt f\u00fcr seine \u00e4u\u00dferst hohen Qualit\u00e4tsstandards in Verarbeitung und Materialauswahl.\",\"email\":\"info@dressler1929.com\",\"telephone\":\"+49 06026 5020\",\"legalName\":\"Dressler Bekleidungswerke Brinkmann GmbH & Co. KG\",\"foundingDate\":\"1929-01-01\",\"vatID\":\"DE813847219\",\"numberOfEmployees\":{\"@type\":\"QuantitativeValue\",\"minValue\":\"11\",\"maxValue\":\"50\"}}]}<\/script>\n<!-- \/ Yoast SEO Premium plugin. -->","yoast_head_json":{"title":"DRESSLER - Products","description":"Mit der neuen Kollektion zelebriert DRESSLER einen kosmopolitischen Geist, der unsere Herkunft w\u00fcrdigt und den Weg in die Zukunft weist.","robots":{"index":"index","follow":"follow","max-snippet":"max-snippet:-1","max-image-preview":"max-image-preview:large","max-video-preview":"max-video-preview:-1"},"canonical":"https:\/\/dressler1929.com\/en\/collections\/spring-summer-2025\/products\/","og_locale":"en_US","og_type":"article","og_title":"DRESSLER - Products","og_description":"Mit der neuen Kollektion zelebriert DRESSLER einen kosmopolitischen Geist, der unsere Herkunft w\u00fcrdigt und den Weg in die Zukunft weist.","og_url":"https:\/\/dressler1929.com\/en\/collections\/spring-summer-2025\/products\/","og_site_name":"DRESSLER","article_publisher":"https:\/\/www.facebook.com\/dressler.official","article_modified_time":"2025-02-21T22:40:35+00:00","og_image":[{"width":2560,"height":1707,"url":"https:\/\/dressler1929.com\/wp-content\/uploads\/2025\/02\/dressler-looks-3x2-spring-summer-2025-F1-web_STILL_019-scaled.jpg","type":"image\/jpeg"}],"twitter_card":"summary_large_image","twitter_site":"@dressler","twitter_misc":{"Est. reading time":"1 minute"},"schema":{"@context":"https:\/\/schema.org","@graph":[{"@type":"WebPage","@id":"https:\/\/dressler1929.com\/en\/collections\/spring-summer-2025\/products\/","url":"https:\/\/dressler1929.com\/en\/collections\/spring-summer-2025\/products\/","name":"DRESSLER - Products","isPartOf":{"@id":"https:\/\/dressler1929.com\/en\/#website"},"primaryImageOfPage":{"@id":"https:\/\/dressler1929.com\/en\/collections\/spring-summer-2025\/products\/#primaryimage"},"image":{"@id":"https:\/\/dressler1929.com\/en\/collections\/spring-summer-2025\/products\/#primaryimage"},"thumbnailUrl":"https:\/\/dressler1929.com\/wp-content\/uploads\/2025\/02\/dressler-looks-3x2-spring-summer-2025-additional-01-F1-web_SS25_STILL_019-F-scaled.jpg","datePublished":"2024-11-22T09:31:49+00:00","dateModified":"2025-02-21T22:40:35+00:00","description":"Mit der neuen Kollektion zelebriert DRESSLER einen kosmopolitischen Geist, der unsere Herkunft w\u00fcrdigt und den Weg in die Zukunft weist.","breadcrumb":{"@id":"https:\/\/dressler1929.com\/en\/collections\/spring-summer-2025\/products\/#breadcrumb"},"inLanguage":"en-US","potentialAction":[{"@type":"ReadAction","target":["https:\/\/dressler1929.com\/en\/collections\/spring-summer-2025\/products\/"]}]},{"@type":"ImageObject","inLanguage":"en-US","@id":"https:\/\/dressler1929.com\/en\/collections\/spring-summer-2025\/products\/#primaryimage","url":"https:\/\/dressler1929.com\/wp-content\/uploads\/2025\/02\/dressler-looks-3x2-spring-summer-2025-additional-01-F1-web_SS25_STILL_019-F-scaled.jpg","contentUrl":"https:\/\/dressler1929.com\/wp-content\/uploads\/2025\/02\/dressler-looks-3x2-spring-summer-2025-additional-01-F1-web_SS25_STILL_019-F-scaled.jpg","width":2560,"height":1707},{"@type":"BreadcrumbList","@id":"https:\/\/dressler1929.com\/en\/collections\/spring-summer-2025\/products\/#breadcrumb","itemListElement":[{"@type":"ListItem","position":1,"name":"Startseite","item":"https:\/\/dressler1929.com\/en\/home\/"},{"@type":"ListItem","position":2,"name":"Collections","item":"https:\/\/dressler1929.com\/en\/collections\/"},{"@type":"ListItem","position":3,"name":"Spring \/ Summer 2025","item":"https:\/\/dressler1929.com\/en\/collections\/spring-summer-2025\/"},{"@type":"ListItem","position":4,"name":"Products"}]},{"@type":"WebSite","@id":"https:\/\/dressler1929.com\/en\/#website","url":"https:\/\/dressler1929.com\/en\/","name":"DRESSLER","description":"Exclusive menswear","publisher":{"@id":"https:\/\/dressler1929.com\/en\/#organization"},"potentialAction":[{"@type":"SearchAction","target":{"@type":"EntryPoint","urlTemplate":"https:\/\/dressler1929.com\/en\/?s={search_term_string}"},"query-input":{"@type":"PropertyValueSpecification","valueRequired":true,"valueName":"search_term_string"}}],"inLanguage":"en-US"},{"@type":"Organization","@id":"https:\/\/dressler1929.com\/en\/#organization","name":"DRESSLER","url":"https:\/\/dressler1929.com\/en\/","logo":{"@type":"ImageObject","inLanguage":"en-US","@id":"https:\/\/dressler1929.com\/en\/#\/schema\/logo\/image\/","url":"https:\/\/dressler1929.com\/wp-content\/uploads\/2026\/02\/Dressler_Inital_black_vector_final.png","contentUrl":"https:\/\/dressler1929.com\/wp-content\/uploads\/2026\/02\/Dressler_Inital_black_vector_final.png","width":1200,"height":1200,"caption":"DRESSLER"},"image":{"@id":"https:\/\/dressler1929.com\/en\/#\/schema\/logo\/image\/"},"sameAs":["https:\/\/www.facebook.com\/dressler.official","https:\/\/x.com\/dressler","https:\/\/www.instagram.com\/dressler_official\/","https:\/\/www.youtube.com\/@dressler_official","https:\/\/www.linkedin.com\/company\/dressler-bekleidungswerke-brinkmann-gmbh-&-co-kg\/","https:\/\/pinterest.com\/dressler1929\/"],"description":"DRESSLER aus Gro\u00dfostheim in Bayern ist eines der \u00e4ltesten Herrenmodeunternehmen Deutschlands. Das Unternehmen wurde 1929 von seinem Namensgeber Eduard Dresser gegr\u00fcndet und \u00fcber mehr als 75 Jahre als Familienbetrieb gef\u00fchrt, bevor es 2004 in die in Herford ans\u00e4ssige Brinkmann Gruppe integriert wurde. Der Hauptsitz der Dressler Bekleidungswerke Brinkmann GmbH & Co. KG befindet sich weiterhin am historischen Standort nahe Frankfurt am Main. DRESSLER ist im gehobenen Marktsegment der Herrenmode im Stil der modernen Klassik positioniert und bekannt f\u00fcr seine \u00e4u\u00dferst hohen Qualit\u00e4tsstandards in Verarbeitung und Materialauswahl.","email":"info@dressler1929.com","telephone":"+49 06026 5020","legalName":"Dressler Bekleidungswerke Brinkmann GmbH & Co. KG","foundingDate":"1929-01-01","vatID":"DE813847219","numberOfEmployees":{"@type":"QuantitativeValue","minValue":"11","maxValue":"50"}}]}},"_links":{"self":[{"href":"https:\/\/dressler1929.com\/en\/wp-json\/wp\/v2\/pages\/8645","targetHints":{"allow":["GET"]}}],"collection":[{"href":"https:\/\/dressler1929.com\/en\/wp-json\/wp\/v2\/pages"}],"about":[{"href":"https:\/\/dressler1929.com\/en\/wp-json\/wp\/v2\/types\/page"}],"author":[{"embeddable":true,"href":"https:\/\/dressler1929.com\/en\/wp-json\/wp\/v2\/users\/1"}],"replies":[{"embeddable":true,"href":"https:\/\/dressler1929.com\/en\/wp-json\/wp\/v2\/comments?post=8645"}],"version-history":[{"count":3,"href":"https:\/\/dressler1929.com\/en\/wp-json\/wp\/v2\/pages\/8645\/revisions"}],"predecessor-version":[{"id":8658,"href":"https:\/\/dressler1929.com\/en\/wp-json\/wp\/v2\/pages\/8645\/revisions\/8658"}],"up":[{"embeddable":true,"href":"https:\/\/dressler1929.com\/en\/wp-json\/wp\/v2\/pages\/8650"}],"wp:featuredmedia":[{"embeddable":true,"href":"https:\/\/dressler1929.com\/en\/wp-json\/wp\/v2\/media\/9179"}],"wp:attachment":[{"href":"https:\/\/dressler1929.com\/en\/wp-json\/wp\/v2\/media?parent=8645"}],"wp:term":[{"taxonomy":"kollektion","embeddable":true,"href":"https:\/\/dressler1929.com\/en\/wp-json\/wp\/v2\/kollektion?post=8645"}],"curies":[{"name":"wp","href":"https:\/\/api.w.org\/{rel}","templated":true}]}}