{"id":8650,"date":"2024-11-22T10:19:08","date_gmt":"2024-11-22T09:19:08","guid":{"rendered":"https:\/\/dressler1929.com\/collections\/fruehjahr-sommer-2025\/"},"modified":"2025-02-24T15:37:42","modified_gmt":"2025-02-24T14:37:42","slug":"spring-summer-2025","status":"publish","type":"page","link":"https:\/\/dressler1929.com\/en\/collections\/spring-summer-2025\/","title":{"rendered":"Spring \/ Summer 2025"},"content":{"rendered":"<div class=\"wpb-content-wrapper\"><p>[vc_row full_width=&#8221;stretch_row&#8221; full_height=&#8221;yes&#8221; awb_type=&#8221;image&#8221; awb_image_background_position=&#8221;25% 40%&#8221; awb_color=&#8221;rgba(0,0,0,0.01)&#8221; el_class=&#8221;background-gradient-overlay-dark&#8221; awb_image=&#8221;8604&#8243;][vc_column][vc_row_inner content_placement=&#8221;bottom&#8221; el_class=&#8221;intro-section&#8221;][vc_column_inner][vc_column_text css=&#8221;&#8221;]<\/p>\n<h1 class=\"color-white\" style=\"text-align: center;\">Collection<\/h1>\n<h4 class=\"color-white\" style=\"text-align: center;\">Spring \/ Summer 2025<\/h4>\n<p>[\/vc_column_text][vc_empty_space height=&#8221;10px&#8221;][vc_btn title=&#8221;Discover more&#8221; style=&#8221;custom&#8221; custom_background=&#8221;rgba(255,255,255,0.01)&#8221; custom_text=&#8221;#ffffff&#8221; shape=&#8221;square&#8221; align=&#8221;center&#8221; css=&#8221;&#8221; link=&#8221;url:%23collection|title:Collection&#8221; el_class=&#8221;ed-button light&#8221;][vc_empty_space height=&#8221;60px&#8221;][\/vc_column_inner][\/vc_row_inner][\/vc_column][\/vc_row][vc_row full_width=&#8221;stretch_row_content&#8221; awb_type=&#8221;color&#8221; awb_color=&#8221;#ffffff&#8221; el_class=&#8221;intro-text&#8221; el_id=&#8221;collection&#8221;][vc_column][vc_row_inner el_class=&#8221;text-block-max-width-700&#8243;][vc_column_inner][vc_empty_space height=&#8221;120px&#8221;][vc_column_text css_animation=&#8221;fadeInUp&#8221; css=&#8221;&#8221;]<\/p>\n<h4>The Shape of Value<\/h4>\n<p>[\/vc_column_text][vc_column_text css_animation=&#8221;fadeInUp&#8221; css=&#8221;&#8221;]For Spring\/Summer 2025, classic fashion is being redefined in the form of a stylistically reduced, but highly cultivated subtlety. Christian Fenske, Head of Design at DRESSLER: &#8220;Stylistically, I was looking for a little more tranquillity in the design. For me, it\u2019s about reflecting on values and a modern definition of a timeless look.&#8221;<\/p>\n<p>The palette of hues in the new collection is designed to radiate harmony and calm. Instead of signal colours and trendy tones, the focus is on classic choices that have been reinterpreted in nuanced doses. The focus is on high-quality natural fabrics. Combining linen with wool and\/or silk produces particularly intriguing surfaces. Textures have come to the fore, but even coarse weaves are extra soft and extremely comfortable to wear.[\/vc_column_text][vc_empty_space height=&#8221;120px&#8221;][\/vc_column_inner][\/vc_row_inner][\/vc_column][\/vc_row][vc_row][vc_column css_animation=&#8221;fadeInUp&#8221; css=&#8221;.vc_custom_1718645324430{margin-top: 2px !important;}&#8221;][vc_raw_html css=&#8221;.vc_custom_1739791279423{margin-bottom: 0px !important;}&#8221;]JTVCd3BnYl9ncmlkJTIwaWQlM0QlMjIxMjclMjIlNUQ=[\/vc_raw_html][\/vc_column][\/vc_row][vc_row full_width=&#8221;stretch_row&#8221; awb_type=&#8221;color&#8221; awb_color=&#8221;#f4f4f4&#8243; el_id=&#8221;keylooks&#8221;][vc_column][vc_empty_space height=&#8221;120px&#8221; el_class=&#8221;spacer-120-mobile&#8221;][vc_row_inner][vc_column_inner][vc_column_text css_animation=&#8221;fadeInUp&#8221; css=&#8221;&#8221;]<\/p>\n<h3 class=\"color-black\" style=\"text-align: center;\">The looks<\/h3>\n<h5 class=\"color-black\" style=\"text-align: center;\">Discover our key looks of <span class=\"nobreak\">the season<\/span><\/h5>\n<p>[\/vc_column_text][\/vc_column_inner][\/vc_row_inner][vc_empty_space height=&#8221;30px&#8221;][\/vc_column][\/vc_row][vc_row full_width=&#8221;stretch_row_content_no_spaces&#8221; awb_type=&#8221;color&#8221; awb_color=&#8221;#f4f4f4&#8243;][vc_column][vc_row_inner][vc_column_inner][vc_raw_html css=&#8221;&#8221; el_class=&#8221;keylooks-slider&#8221;]JTVCd3BnYl9ncmlkJTIwaWQlM0QlMjIxMjYlMjIlNUQ=[\/vc_raw_html][\/vc_column_inner][\/vc_row_inner][vc_empty_space height=&#8221;5px&#8221;][vc_btn title=&#8221;All looks&#8221; style=&#8221;custom&#8221; custom_background=&#8221;rgba(0,0,0,0.01)&#8221; custom_text=&#8221;#000000&#8243; shape=&#8221;square&#8221; align=&#8221;center&#8221; css=&#8221;&#8221; link=&#8221;url:%2Fen%2Fcollections%2Fspring-summer-2025%2Flookbook%2F|title:Spring%20%2F%20Summer%202025&#8243; el_class=&#8221;ed-button black&#8221;][vc_empty_space height=&#8221;120px&#8221; el_class=&#8221;spacer-120-mobile&#8221;][\/vc_column][\/vc_row][vc_row full_width=&#8221;stretch_row_content&#8221; awb_type=&#8221;color&#8221; awb_color=&#8221;#000000&#8243; el_class=&#8221;intro-text&#8221; el_id=&#8221;in-motion&#8221;][vc_column][vc_row_inner el_class=&#8221;video-block-max-width-900&#8243;][vc_column_inner][vc_empty_space height=&#8221;120px&#8221;][vc_column_text css_animation=&#8221;fadeInUp&#8221; css=&#8221;&#8221;]<\/p>\n<h3 class=\"color-white\" style=\"text-align: center;\">In motion<\/h3>\n<h5 class=\"color-white\" style=\"text-align: center;\">Watch the full collection video<\/h5>\n<p>[\/vc_column_text][vc_empty_space height=&#8221;30px&#8221;][vc_video link=&#8221;https:\/\/vimeo.com\/1057561196&#8243; el_aspect=&#8221;916&#8243; align=&#8221;center&#8221; css_animation=&#8221;fadeInUp&#8221; css=&#8221;&#8221; el_class=&#8221;collection-video-fs25&#8243;][vc_empty_space height=&#8221;120px&#8221;][\/vc_column_inner][\/vc_row_inner][\/vc_column][\/vc_row][vc_row full_width=&#8221;stretch_row_content&#8221; awb_type=&#8221;color&#8221; awb_color=&#8221;#f4f4f4&#8243; el_id=&#8221;featured-products&#8221;][vc_column][vc_empty_space height=&#8221;120px&#8221; el_class=&#8221;spacer-120-mobile&#8221;][vc_row_inner][vc_column_inner][vc_column_text css_animation=&#8221;fadeInUp&#8221; css=&#8221;&#8221;]<\/p>\n<h3 class=\"color-black\" style=\"text-align: center;\">The products<\/h3>\n<h5 class=\"color-black\" style=\"text-align: center;\">Discover our featured products of <span class=\"nobreak\">the season<\/span><\/h5>\n<p>[\/vc_column_text][\/vc_column_inner][\/vc_row_inner][vc_empty_space height=&#8221;30px&#8221;][vc_row_inner el_class=&#8221;product-block-max-width-1200&#8243;][vc_column_inner][vc_raw_html css=&#8221;&#8221;]JTVCd3BnYl9ncmlkJTIwaWQlM0QlMjIxMjUlMjIlNUQ=[\/vc_raw_html][\/vc_column_inner][\/vc_row_inner][vc_empty_space height=&#8221;45px&#8221;][vc_btn title=&#8221;All products&#8221; style=&#8221;custom&#8221; custom_background=&#8221;rgba(0,0,0,0.01)&#8221; custom_text=&#8221;#000000&#8243; shape=&#8221;square&#8221; align=&#8221;center&#8221; css=&#8221;&#8221; link=&#8221;url:%2Fen%2Fcollections%2Fspring-summer-2025%2Fproducts%2F|title:Spring%20%2F%20Summer%202025&#8243; el_class=&#8221;ed-button black&#8221;][vc_empty_space height=&#8221;120px&#8221; el_class=&#8221;spacer-120-mobile&#8221;][\/vc_column][\/vc_row]<\/p>\n<\/div>","protected":false},"excerpt":{"rendered":"<p>[vc_row full_width=&#8221;stretch_row&#8221; full_height=&#8221;yes&#8221; awb_type=&#8221;image&#8221; awb_image_background_position=&#8221;25% 40%&#8221; awb_color=&#8221;rgba(0,0,0,0.01)&#8221; el_class=&#8221;background-gradient-overlay-dark&#8221; awb_image=&#8221;8604&#8243;][vc_column][vc_row_inner content_placement=&#8221;bottom&#8221; el_class=&#8221;intro-section&#8221;][vc_column_inner][vc_column_text css=&#8221;&#8221;] Collection Spring \/ Summer 2025 [\/vc_column_text][vc_empty_space height=&#8221;10px&#8221;][vc_btn title=&#8221;Discover more&#8221; style=&#8221;custom&#8221; custom_background=&#8221;rgba(255,255,255,0.01)&#8221; custom_text=&#8221;#ffffff&#8221; shape=&#8221;square&#8221; align=&#8221;center&#8221; css=&#8221;&#8221; link=&#8221;url:%23collection|title:Collection&#8221; el_class=&#8221;ed-button light&#8221;][vc_empty_space height=&#8221;60px&#8221;][\/vc_column_inner][\/vc_row_inner][\/vc_column][\/vc_row][vc_row full_width=&#8221;stretch_row_content&#8221; awb_type=&#8221;color&#8221; awb_color=&#8221;#ffffff&#8221; el_class=&#8221;intro-text&#8221; el_id=&#8221;collection&#8221;][vc_column][vc_row_inner el_class=&#8221;text-block-max-width-700&#8243;][vc_column_inner][vc_empty_space height=&#8221;120px&#8221;][vc_column_text css_animation=&#8221;fadeInUp&#8221; css=&#8221;&#8221;] The Shape of Value [\/vc_column_text][vc_column_text css_animation=&#8221;fadeInUp&#8221; css=&#8221;&#8221;]For Spring\/Summer 2025, classic fashion is being redefined in [&hellip;]<\/p>\n","protected":false},"author":1,"featured_media":8214,"parent":790,"menu_order":6,"comment_status":"closed","ping_status":"closed","template":"","meta":{"inline_featured_image":false,"footnotes":""},"kollektion":[],"class_list":["post-8650","page","type-page","status-publish","has-post-thumbnail","hentry"],"yoast_head":"<!-- This site is optimized with the Yoast SEO Premium plugin v27.3 (Yoast SEO v27.3) - https:\/\/yoast.com\/product\/yoast-seo-premium-wordpress\/ -->\n<title>DRESSLER - Spring \/ Summer 2025<\/title>\n<meta name=\"description\" content=\"Mit der neuen Kollektion zelebriert DRESSLER einen kosmopolitischen Geist, der unsere Herkunft w\u00fcrdigt und den Weg in die Zukunft weist.\" \/>\n<meta name=\"robots\" content=\"index, follow, max-snippet:-1, max-image-preview:large, max-video-preview:-1\" \/>\n<link rel=\"canonical\" href=\"https:\/\/dressler1929.com\/en\/collections\/spring-summer-2025\/\" \/>\n<meta property=\"og:locale\" content=\"en_US\" \/>\n<meta property=\"og:type\" content=\"article\" \/>\n<meta property=\"og:title\" content=\"DRESSLER - Spring \/ Summer 2025\" \/>\n<meta property=\"og:description\" content=\"Mit der neuen Kollektion zelebriert DRESSLER einen kosmopolitischen Geist, der unsere Herkunft w\u00fcrdigt und den Weg in die Zukunft weist.\" \/>\n<meta property=\"og:url\" content=\"https:\/\/dressler1929.com\/en\/collections\/spring-summer-2025\/\" \/>\n<meta property=\"og:site_name\" content=\"DRESSLER\" \/>\n<meta property=\"article:publisher\" content=\"https:\/\/www.facebook.com\/dressler.official\" \/>\n<meta property=\"article:modified_time\" content=\"2025-02-24T14:37:42+00:00\" \/>\n<meta property=\"og:image\" content=\"https:\/\/dressler1929.com\/wp-content\/uploads\/2025\/02\/dressler-looks-2x3-spring-summer-2025-F1-web_Sakko-16_2-scaled.jpg\" \/>\n\t<meta property=\"og:image:width\" content=\"1707\" \/>\n\t<meta property=\"og:image:height\" content=\"2560\" \/>\n\t<meta property=\"og:image:type\" content=\"image\/jpeg\" \/>\n<meta name=\"twitter:card\" content=\"summary_large_image\" \/>\n<meta name=\"twitter:site\" content=\"@dressler\" \/>\n<meta name=\"twitter:label1\" content=\"Est. reading time\" \/>\n\t<meta name=\"twitter:data1\" content=\"2 minutes\" \/>\n<script type=\"application\/ld+json\" class=\"yoast-schema-graph\">{\"@context\":\"https:\\\/\\\/schema.org\",\"@graph\":[{\"@type\":\"WebPage\",\"@id\":\"https:\\\/\\\/dressler1929.com\\\/en\\\/collections\\\/spring-summer-2025\\\/\",\"url\":\"https:\\\/\\\/dressler1929.com\\\/en\\\/collections\\\/spring-summer-2025\\\/\",\"name\":\"DRESSLER - Spring \\\/ Summer 2025\",\"isPartOf\":{\"@id\":\"https:\\\/\\\/dressler1929.com\\\/en\\\/#website\"},\"primaryImageOfPage\":{\"@id\":\"https:\\\/\\\/dressler1929.com\\\/en\\\/collections\\\/spring-summer-2025\\\/#primaryimage\"},\"image\":{\"@id\":\"https:\\\/\\\/dressler1929.com\\\/en\\\/collections\\\/spring-summer-2025\\\/#primaryimage\"},\"thumbnailUrl\":\"https:\\\/\\\/dressler1929.com\\\/wp-content\\\/uploads\\\/2025\\\/02\\\/dressler-looks-2x3-spring-summer-2025-F1-web_Sakko-16_2-scaled.jpg\",\"datePublished\":\"2024-11-22T09:19:08+00:00\",\"dateModified\":\"2025-02-24T14:37:42+00:00\",\"description\":\"Mit der neuen Kollektion zelebriert DRESSLER einen kosmopolitischen Geist, der unsere Herkunft w\u00fcrdigt und den Weg in die Zukunft weist.\",\"breadcrumb\":{\"@id\":\"https:\\\/\\\/dressler1929.com\\\/en\\\/collections\\\/spring-summer-2025\\\/#breadcrumb\"},\"inLanguage\":\"en-US\",\"potentialAction\":[{\"@type\":\"ReadAction\",\"target\":[\"https:\\\/\\\/dressler1929.com\\\/en\\\/collections\\\/spring-summer-2025\\\/\"]}]},{\"@type\":\"ImageObject\",\"inLanguage\":\"en-US\",\"@id\":\"https:\\\/\\\/dressler1929.com\\\/en\\\/collections\\\/spring-summer-2025\\\/#primaryimage\",\"url\":\"https:\\\/\\\/dressler1929.com\\\/wp-content\\\/uploads\\\/2025\\\/02\\\/dressler-looks-2x3-spring-summer-2025-F1-web_Sakko-16_2-scaled.jpg\",\"contentUrl\":\"https:\\\/\\\/dressler1929.com\\\/wp-content\\\/uploads\\\/2025\\\/02\\\/dressler-looks-2x3-spring-summer-2025-F1-web_Sakko-16_2-scaled.jpg\",\"width\":1707,\"height\":2560},{\"@type\":\"BreadcrumbList\",\"@id\":\"https:\\\/\\\/dressler1929.com\\\/en\\\/collections\\\/spring-summer-2025\\\/#breadcrumb\",\"itemListElement\":[{\"@type\":\"ListItem\",\"position\":1,\"name\":\"Startseite\",\"item\":\"https:\\\/\\\/dressler1929.com\\\/en\\\/home\\\/\"},{\"@type\":\"ListItem\",\"position\":2,\"name\":\"Collections\",\"item\":\"https:\\\/\\\/dressler1929.com\\\/en\\\/collections\\\/\"},{\"@type\":\"ListItem\",\"position\":3,\"name\":\"Spring \\\/ Summer 2025\"}]},{\"@type\":\"WebSite\",\"@id\":\"https:\\\/\\\/dressler1929.com\\\/en\\\/#website\",\"url\":\"https:\\\/\\\/dressler1929.com\\\/en\\\/\",\"name\":\"DRESSLER\",\"description\":\"Exclusive menswear\",\"publisher\":{\"@id\":\"https:\\\/\\\/dressler1929.com\\\/en\\\/#organization\"},\"potentialAction\":[{\"@type\":\"SearchAction\",\"target\":{\"@type\":\"EntryPoint\",\"urlTemplate\":\"https:\\\/\\\/dressler1929.com\\\/en\\\/?s={search_term_string}\"},\"query-input\":{\"@type\":\"PropertyValueSpecification\",\"valueRequired\":true,\"valueName\":\"search_term_string\"}}],\"inLanguage\":\"en-US\"},{\"@type\":\"Organization\",\"@id\":\"https:\\\/\\\/dressler1929.com\\\/en\\\/#organization\",\"name\":\"DRESSLER\",\"url\":\"https:\\\/\\\/dressler1929.com\\\/en\\\/\",\"logo\":{\"@type\":\"ImageObject\",\"inLanguage\":\"en-US\",\"@id\":\"https:\\\/\\\/dressler1929.com\\\/en\\\/#\\\/schema\\\/logo\\\/image\\\/\",\"url\":\"https:\\\/\\\/dressler1929.com\\\/wp-content\\\/uploads\\\/2026\\\/02\\\/Dressler_Inital_black_vector_final.png\",\"contentUrl\":\"https:\\\/\\\/dressler1929.com\\\/wp-content\\\/uploads\\\/2026\\\/02\\\/Dressler_Inital_black_vector_final.png\",\"width\":1200,\"height\":1200,\"caption\":\"DRESSLER\"},\"image\":{\"@id\":\"https:\\\/\\\/dressler1929.com\\\/en\\\/#\\\/schema\\\/logo\\\/image\\\/\"},\"sameAs\":[\"https:\\\/\\\/www.facebook.com\\\/dressler.official\",\"https:\\\/\\\/x.com\\\/dressler\",\"https:\\\/\\\/www.instagram.com\\\/dressler_official\\\/\",\"https:\\\/\\\/www.youtube.com\\\/@dressler_official\",\"https:\\\/\\\/www.linkedin.com\\\/company\\\/dressler-bekleidungswerke-brinkmann-gmbh-&-co-kg\\\/\",\"https:\\\/\\\/pinterest.com\\\/dressler1929\\\/\"],\"description\":\"DRESSLER aus Gro\u00dfostheim in Bayern ist eines der \u00e4ltesten Herrenmodeunternehmen Deutschlands. Das Unternehmen wurde 1929 von seinem Namensgeber Eduard Dresser gegr\u00fcndet und \u00fcber mehr als 75 Jahre als Familienbetrieb gef\u00fchrt, bevor es 2004 in die in Herford ans\u00e4ssige Brinkmann Gruppe integriert wurde. Der Hauptsitz der Dressler Bekleidungswerke Brinkmann GmbH & Co. KG befindet sich weiterhin am historischen Standort nahe Frankfurt am Main. DRESSLER ist im gehobenen Marktsegment der Herrenmode im Stil der modernen Klassik positioniert und bekannt f\u00fcr seine \u00e4u\u00dferst hohen Qualit\u00e4tsstandards in Verarbeitung und Materialauswahl.\",\"email\":\"info@dressler1929.com\",\"telephone\":\"+49 06026 5020\",\"legalName\":\"Dressler Bekleidungswerke Brinkmann GmbH & Co. KG\",\"foundingDate\":\"1929-01-01\",\"vatID\":\"DE813847219\",\"numberOfEmployees\":{\"@type\":\"QuantitativeValue\",\"minValue\":\"11\",\"maxValue\":\"50\"}}]}<\/script>\n<!-- \/ Yoast SEO Premium plugin. -->","yoast_head_json":{"title":"DRESSLER - Spring \/ Summer 2025","description":"Mit der neuen Kollektion zelebriert DRESSLER einen kosmopolitischen Geist, der unsere Herkunft w\u00fcrdigt und den Weg in die Zukunft weist.","robots":{"index":"index","follow":"follow","max-snippet":"max-snippet:-1","max-image-preview":"max-image-preview:large","max-video-preview":"max-video-preview:-1"},"canonical":"https:\/\/dressler1929.com\/en\/collections\/spring-summer-2025\/","og_locale":"en_US","og_type":"article","og_title":"DRESSLER - Spring \/ Summer 2025","og_description":"Mit der neuen Kollektion zelebriert DRESSLER einen kosmopolitischen Geist, der unsere Herkunft w\u00fcrdigt und den Weg in die Zukunft weist.","og_url":"https:\/\/dressler1929.com\/en\/collections\/spring-summer-2025\/","og_site_name":"DRESSLER","article_publisher":"https:\/\/www.facebook.com\/dressler.official","article_modified_time":"2025-02-24T14:37:42+00:00","og_image":[{"width":1707,"height":2560,"url":"https:\/\/dressler1929.com\/wp-content\/uploads\/2025\/02\/dressler-looks-2x3-spring-summer-2025-F1-web_Sakko-16_2-scaled.jpg","type":"image\/jpeg"}],"twitter_card":"summary_large_image","twitter_site":"@dressler","twitter_misc":{"Est. reading time":"2 minutes"},"schema":{"@context":"https:\/\/schema.org","@graph":[{"@type":"WebPage","@id":"https:\/\/dressler1929.com\/en\/collections\/spring-summer-2025\/","url":"https:\/\/dressler1929.com\/en\/collections\/spring-summer-2025\/","name":"DRESSLER - Spring \/ Summer 2025","isPartOf":{"@id":"https:\/\/dressler1929.com\/en\/#website"},"primaryImageOfPage":{"@id":"https:\/\/dressler1929.com\/en\/collections\/spring-summer-2025\/#primaryimage"},"image":{"@id":"https:\/\/dressler1929.com\/en\/collections\/spring-summer-2025\/#primaryimage"},"thumbnailUrl":"https:\/\/dressler1929.com\/wp-content\/uploads\/2025\/02\/dressler-looks-2x3-spring-summer-2025-F1-web_Sakko-16_2-scaled.jpg","datePublished":"2024-11-22T09:19:08+00:00","dateModified":"2025-02-24T14:37:42+00:00","description":"Mit der neuen Kollektion zelebriert DRESSLER einen kosmopolitischen Geist, der unsere Herkunft w\u00fcrdigt und den Weg in die Zukunft weist.","breadcrumb":{"@id":"https:\/\/dressler1929.com\/en\/collections\/spring-summer-2025\/#breadcrumb"},"inLanguage":"en-US","potentialAction":[{"@type":"ReadAction","target":["https:\/\/dressler1929.com\/en\/collections\/spring-summer-2025\/"]}]},{"@type":"ImageObject","inLanguage":"en-US","@id":"https:\/\/dressler1929.com\/en\/collections\/spring-summer-2025\/#primaryimage","url":"https:\/\/dressler1929.com\/wp-content\/uploads\/2025\/02\/dressler-looks-2x3-spring-summer-2025-F1-web_Sakko-16_2-scaled.jpg","contentUrl":"https:\/\/dressler1929.com\/wp-content\/uploads\/2025\/02\/dressler-looks-2x3-spring-summer-2025-F1-web_Sakko-16_2-scaled.jpg","width":1707,"height":2560},{"@type":"BreadcrumbList","@id":"https:\/\/dressler1929.com\/en\/collections\/spring-summer-2025\/#breadcrumb","itemListElement":[{"@type":"ListItem","position":1,"name":"Startseite","item":"https:\/\/dressler1929.com\/en\/home\/"},{"@type":"ListItem","position":2,"name":"Collections","item":"https:\/\/dressler1929.com\/en\/collections\/"},{"@type":"ListItem","position":3,"name":"Spring \/ Summer 2025"}]},{"@type":"WebSite","@id":"https:\/\/dressler1929.com\/en\/#website","url":"https:\/\/dressler1929.com\/en\/","name":"DRESSLER","description":"Exclusive menswear","publisher":{"@id":"https:\/\/dressler1929.com\/en\/#organization"},"potentialAction":[{"@type":"SearchAction","target":{"@type":"EntryPoint","urlTemplate":"https:\/\/dressler1929.com\/en\/?s={search_term_string}"},"query-input":{"@type":"PropertyValueSpecification","valueRequired":true,"valueName":"search_term_string"}}],"inLanguage":"en-US"},{"@type":"Organization","@id":"https:\/\/dressler1929.com\/en\/#organization","name":"DRESSLER","url":"https:\/\/dressler1929.com\/en\/","logo":{"@type":"ImageObject","inLanguage":"en-US","@id":"https:\/\/dressler1929.com\/en\/#\/schema\/logo\/image\/","url":"https:\/\/dressler1929.com\/wp-content\/uploads\/2026\/02\/Dressler_Inital_black_vector_final.png","contentUrl":"https:\/\/dressler1929.com\/wp-content\/uploads\/2026\/02\/Dressler_Inital_black_vector_final.png","width":1200,"height":1200,"caption":"DRESSLER"},"image":{"@id":"https:\/\/dressler1929.com\/en\/#\/schema\/logo\/image\/"},"sameAs":["https:\/\/www.facebook.com\/dressler.official","https:\/\/x.com\/dressler","https:\/\/www.instagram.com\/dressler_official\/","https:\/\/www.youtube.com\/@dressler_official","https:\/\/www.linkedin.com\/company\/dressler-bekleidungswerke-brinkmann-gmbh-&-co-kg\/","https:\/\/pinterest.com\/dressler1929\/"],"description":"DRESSLER aus Gro\u00dfostheim in Bayern ist eines der \u00e4ltesten Herrenmodeunternehmen Deutschlands. Das Unternehmen wurde 1929 von seinem Namensgeber Eduard Dresser gegr\u00fcndet und \u00fcber mehr als 75 Jahre als Familienbetrieb gef\u00fchrt, bevor es 2004 in die in Herford ans\u00e4ssige Brinkmann Gruppe integriert wurde. Der Hauptsitz der Dressler Bekleidungswerke Brinkmann GmbH & Co. KG befindet sich weiterhin am historischen Standort nahe Frankfurt am Main. DRESSLER ist im gehobenen Marktsegment der Herrenmode im Stil der modernen Klassik positioniert und bekannt f\u00fcr seine \u00e4u\u00dferst hohen Qualit\u00e4tsstandards in Verarbeitung und Materialauswahl.","email":"info@dressler1929.com","telephone":"+49 06026 5020","legalName":"Dressler Bekleidungswerke Brinkmann GmbH & Co. KG","foundingDate":"1929-01-01","vatID":"DE813847219","numberOfEmployees":{"@type":"QuantitativeValue","minValue":"11","maxValue":"50"}}]}},"_links":{"self":[{"href":"https:\/\/dressler1929.com\/en\/wp-json\/wp\/v2\/pages\/8650","targetHints":{"allow":["GET"]}}],"collection":[{"href":"https:\/\/dressler1929.com\/en\/wp-json\/wp\/v2\/pages"}],"about":[{"href":"https:\/\/dressler1929.com\/en\/wp-json\/wp\/v2\/types\/page"}],"author":[{"embeddable":true,"href":"https:\/\/dressler1929.com\/en\/wp-json\/wp\/v2\/users\/1"}],"replies":[{"embeddable":true,"href":"https:\/\/dressler1929.com\/en\/wp-json\/wp\/v2\/comments?post=8650"}],"version-history":[{"count":4,"href":"https:\/\/dressler1929.com\/en\/wp-json\/wp\/v2\/pages\/8650\/revisions"}],"predecessor-version":[{"id":8943,"href":"https:\/\/dressler1929.com\/en\/wp-json\/wp\/v2\/pages\/8650\/revisions\/8943"}],"up":[{"embeddable":true,"href":"https:\/\/dressler1929.com\/en\/wp-json\/wp\/v2\/pages\/790"}],"wp:featuredmedia":[{"embeddable":true,"href":"https:\/\/dressler1929.com\/en\/wp-json\/wp\/v2\/media\/8214"}],"wp:attachment":[{"href":"https:\/\/dressler1929.com\/en\/wp-json\/wp\/v2\/media?parent=8650"}],"wp:term":[{"taxonomy":"kollektion","embeddable":true,"href":"https:\/\/dressler1929.com\/en\/wp-json\/wp\/v2\/kollektion?post=8650"}],"curies":[{"name":"wp","href":"https:\/\/api.w.org\/{rel}","templated":true}]}}