{"id":877,"date":"2023-01-13T00:39:25","date_gmt":"2023-01-12T23:39:25","guid":{"rendered":"https:\/\/wp12296504.server-he.de\/eduard-dressler-stag\/brand\/"},"modified":"2026-02-24T00:44:54","modified_gmt":"2026-02-23T23:44:54","slug":"brand","status":"publish","type":"page","link":"https:\/\/dressler1929.com\/en\/brand\/","title":{"rendered":"Brand"},"content":{"rendered":"<div class=\"wpb-content-wrapper\"><p>[vc_row full_width=&#8221;stretch_row&#8221; full_height=&#8221;yes&#8221; awb_type=&#8221;video&#8221; awb_image_background_position=&#8221;50% 50%&#8221; awb_video_mobile=&#8221;1&#8243; awb_color=&#8221;rgba(0,0,0,0.01)&#8221; awb_image=&#8221;7272&#8243; awb_video_mp4=&#8221;7274&#8243; el_class=&#8221;background-gradient-overlay-dark&#8221;][vc_column][vc_row_inner content_placement=&#8221;bottom&#8221; el_class=&#8221;intro-section&#8221;][vc_column_inner][vc_column_text css=&#8221;&#8221;]<\/p>\n<h1 class=\"color-white\" style=\"text-align: center;\">The Brand DRESSLER<\/h1>\n<h4 class=\"color-white\" style=\"text-align: center; display: none;\">A new era of sophistication begins.<\/h4>\n<p>[\/vc_column_text][vc_empty_space height=&#8221;30px&#8221;][vc_btn title=&#8221;Discover more&#8221; style=&#8221;custom&#8221; custom_background=&#8221;#FFFFFF&#8221; custom_text=&#8221;#000000&#8243; shape=&#8221;round&#8221; size=&#8221;lg&#8221; align=&#8221;center&#8221; css_animation=&#8221;fadeInLeft&#8221; css=&#8221;.vc_custom_1771889982404{margin-right: 22px !important;}&#8221; link=&#8221;url:%23craftsmanship|title:Craftsmanship&#8221; el_class=&#8221;d-button&#8221;][vc_empty_space height=&#8221;60px&#8221;][\/vc_column_inner][\/vc_row_inner][\/vc_column][\/vc_row][vc_row full_width=&#8221;stretch_row_content&#8221; equal_height=&#8221;yes&#8221; content_placement=&#8221;middle&#8221; awb_type=&#8221;color&#8221; awb_color=&#8221;#ffffff&#8221; el_id=&#8221;craftsmanship&#8221;][vc_column offset=&#8221;vc_col-md-6&#8243;][vc_empty_space height=&#8221;120px&#8221;][vc_row_inner el_class=&#8221;column-text-wrapper left&#8221;][vc_column_inner][vc_column_text css_animation=&#8221;fadeInUp&#8221;]<\/p>\n<h2>Craftsmanship<\/h2>\n<h4>Since 1929.<\/h4>\n<p>[\/vc_column_text][vc_column_text css_animation=&#8221;fadeInUp&#8221; css=&#8221;&#8221;]For over 95 years, DRESSLER has cultivated a tradition of excellence and sophistication to the delight of connoisseurs the world over. We manufacture every single piece of menswear with the highest standards of tailoring, realised during an industrial finishing process. In our European production centres, demanding detail work has been successfully adapted to highly technological settings, and exclusively developed machines now enable craftsmanship at the highest level. Our philosophy combines the best from both worlds. We believe: machines can assist people, but never replace them.[\/vc_column_text][\/vc_column_inner][\/vc_row_inner][vc_empty_space height=&#8221;120px&#8221;][\/vc_column][vc_column awb_type=&#8221;image&#8221; awb_stretch=&#8221;1&#8243; awb_image_background_position=&#8221;50% 50%&#8221; awb_image=&#8221;1293&#8243; el_class=&#8221;column-img-bg&#8221; offset=&#8221;vc_col-md-6 vc_hidden-sm vc_hidden-xs&#8221;][\/vc_column][\/vc_row][vc_row full_width=&#8221;stretch_row_content&#8221; equal_height=&#8221;yes&#8221; content_placement=&#8221;middle&#8221; awb_type=&#8221;color&#8221; awb_color=&#8221;#f4f4f4&#8243; el_id=&#8221;quality&#8221;][vc_column awb_type=&#8221;image&#8221; awb_stretch=&#8221;1&#8243; awb_image_background_position=&#8221;35% 65%&#8221; awb_image=&#8221;7144&#8243; offset=&#8221;vc_col-md-6&#8243; el_class=&#8221;column-img-bg&#8221;][\/vc_column][vc_column offset=&#8221;vc_col-md-6&#8243;][vc_empty_space height=&#8221;120px&#8221;][vc_row_inner el_class=&#8221;column-text-wrapper right&#8221;][vc_column_inner][vc_column_text css_animation=&#8221;fadeInUp&#8221;]<\/p>\n<h2>Quality<\/h2>\n<h4>A source of sustainability in itself.<\/h4>\n<p>[\/vc_column_text][vc_column_text css_animation=&#8221;fadeInUp&#8221; css=&#8221;&#8221;]Certain things in life are invaluable. Men of today might not be as strict in adhering to dresscodes as in the classic days of old, but they tend to attach even more value to the concepts of premium quality and sustainability. We believe that quality is a source of sustainability in itself: Precious materials and a particularly valuable finish not only mean more comfort, but also help to keep our ecological footprint as small as possible through their longevity.[\/vc_column_text][\/vc_column_inner][\/vc_row_inner][vc_empty_space height=&#8221;120px&#8221;][\/vc_column][\/vc_row][vc_row full_width=&#8221;stretch_row&#8221; content_placement=&#8221;middle&#8221; awb_type=&#8221;image&#8221; awb_image_background_position=&#8221;50% 35%&#8221; awb_color=&#8221;#00000073&#8243; el_id=&#8221;fabrics&#8221; awb_image=&#8221;13799&#8243; el_class=&#8221;intermediate-section&#8221;][vc_column][vc_empty_space height=&#8221;120px&#8221;][vc_row_inner][vc_column_inner][vc_column_text css_animation=&#8221;fadeInUp&#8221; el_class=&#8221;text-block-max-width-540&#8243;]<\/p>\n<h1 class=\"color-white\" style=\"text-align: center;\">Fabrics<\/h1>\n<h4 class=\"color-white\" style=\"text-align: center;\">Finest cloth from the best Italian weavers.<\/h4>\n<p>[\/vc_column_text][\/vc_column_inner][\/vc_row_inner][vc_empty_space height=&#8221;120px&#8221;][\/vc_column][\/vc_row][vc_row full_width=&#8221;stretch_row_content&#8221; equal_height=&#8221;yes&#8221; content_placement=&#8221;middle&#8221;][vc_column offset=&#8221;vc_col-md-6&#8243;][vc_empty_space height=&#8221;120px&#8221;][vc_row_inner el_class=&#8221;column-text-wrapper right&#8221;][vc_column_inner][vc_column_text css_animation=&#8221;fadeInUp&#8221;]<\/p>\n<h4>Made in Italy<\/h4>\n<p>[\/vc_column_text][vc_column_text css_animation=&#8221;fadeInUp&#8221;]For decades, we have sourced most of our fabrics from the province of Biella in Italy, known for its supreme quality and environmentally friendly production methods. The region is home to some of the world\u2019s most renowned weavers, including the virtuosos from Lanificio Ermenegildo Zegna. All of our partners are guided by the same values we subscribe to, attaching great importance to animal welfare and the sustainable use of raw materials.[\/vc_column_text][\/vc_column_inner][\/vc_row_inner][vc_empty_space height=&#8221;120px&#8221;][\/vc_column][vc_column awb_type=&#8221;image&#8221; awb_stretch=&#8221;1&#8243; awb_image_background_position=&#8221;50% 50%&#8221; awb_image=&#8221;7139&#8243; el_class=&#8221;column-img-bg&#8221; offset=&#8221;vc_col-md-6&#8243;][\/vc_column][\/vc_row][vc_row full_width=&#8221;stretch_row_content&#8221; equal_height=&#8221;yes&#8221; content_placement=&#8221;middle&#8221;][vc_column awb_type=&#8221;image&#8221; awb_stretch=&#8221;1&#8243; awb_image_background_position=&#8221;50% 55%&#8221; awb_color=&#8221;rgba(0,0,0,0.01)&#8221; awb_image=&#8221;12104&#8243; el_class=&#8221;column-img-bg&#8221; offset=&#8221;vc_col-md-6 vc_hidden-sm vc_hidden-xs&#8221;][\/vc_column][vc_column offset=&#8221;vc_col-md-6&#8243;][vc_empty_space height=&#8221;120px&#8221;][vc_row_inner el_class=&#8221;column-text-wrapper right&#8221;][vc_column_inner][vc_column_text css_animation=&#8221;fadeInUp&#8221; css=&#8221;&#8221;]<\/p>\n<h4>Exclusive to DRESSLER<\/h4>\n<p>[\/vc_column_text][vc_column_text css_animation=&#8221;fadeInUp&#8221;]Thanks to the close cooperation with our partners, we have been able to put our own spin on the development of particularly innovative fabrics in recent years, leading to state-of-the-art results: We were able to implement outstanding natural stretch and bi-stretch properties into our premium compositions, thereby achieving a level of performance previously only known in functional wear. Never before have we been so close to the proverbial &#8220;suit that fits like a glove&#8221;.[\/vc_column_text][\/vc_column_inner][\/vc_row_inner][vc_empty_space height=&#8221;120px&#8221;][\/vc_column][\/vc_row][vc_row full_width=&#8221;stretch_row&#8221; content_placement=&#8221;middle&#8221; awb_type=&#8221;image&#8221; awb_image_background_position=&#8221;50% 50%&#8221; awb_color=&#8221;rgba(0,0,0,0.1)&#8221; awb_parallax=&#8221;scroll&#8221; awb_parallax_speed=&#8221;0.5&#8243; awb_parallax_mobile=&#8221;1&#8243; el_id=&#8221;sustainability&#8221; awb_image=&#8221;1249&#8243; el_class=&#8221;intermediate-section&#8221;][vc_column][vc_empty_space height=&#8221;120px&#8221;][vc_row_inner][vc_column_inner][vc_column_text css_animation=&#8221;fadeInUp&#8221;]<\/p>\n<h1 class=\"color-white\" style=\"text-align: center;\">Sustainability<\/h1>\n<p>[\/vc_column_text][\/vc_column_inner][\/vc_row_inner][vc_empty_space height=&#8221;120px&#8221;][\/vc_column][\/vc_row][vc_row full_width=&#8221;stretch_row&#8221; content_placement=&#8221;middle&#8221; awb_type=&#8221;color&#8221; awb_color=&#8221;#f4f4f4&#8243;][vc_column][vc_empty_space height=&#8221;120px&#8221;][vc_row_inner el_class=&#8221;text-column-center-max-width-825&#8243;][vc_column_inner][vc_column_text css_animation=&#8221;fadeInUp&#8221;]<\/p>\n<h4>More than a piece of clothing. A long-term companion.<\/h4>\n<p>[\/vc_column_text][vc_column_text css_animation=&#8221;fadeInUp&#8221;]<\/p>\n<h5>For us, sustainability is an intrinsic part of an all-encompassing, responsible lifestyle. This includes treating people and nature with respect, using resources conscientiously, and applying environmentally friendly, future-ready standards in all phases of production. A valuable piece of clothing, a sustainable long-term companion, makes us and those we encounter feel like we are &#8220;wearing the right thing&#8221;.<\/h5>\n<p>[\/vc_column_text][\/vc_column_inner][\/vc_row_inner][\/vc_column][\/vc_row][vc_row full_width=&#8221;stretch_row&#8221; awb_type=&#8221;color&#8221; awb_color=&#8221;#f4f4f4&#8243;][vc_column][vc_empty_space height=&#8221;80px&#8221;][vc_row_inner el_class=&#8221;text-column-center-max-width-825 grid-text-block-wrapper&#8221;][vc_column_inner width=&#8221;1\/2&#8243;][vc_column_text css_animation=&#8221;fadeInUp&#8221;]<\/p>\n<h5>Longevity<\/h5>\n<p>[\/vc_column_text][vc_column_text css_animation=&#8221;fadeInUp&#8221;]We believe that quality is a source of sustainability in itself: Precious materials and a particularly valuable finish not only mean more comfort, but also contribute to more sustainability through their longevity.[\/vc_column_text][\/vc_column_inner][vc_column_inner width=&#8221;1\/2&#8243;][vc_column_text css_animation=&#8221;fadeInUp&#8221;]<\/p>\n<h5>A European project<\/h5>\n<p>[\/vc_column_text][vc_column_text css_animation=&#8221;fadeInUp&#8221;]We do not traverse the world\u2019s oceans to produce our clothing, and we maintain respectful and fair partnerships with our European production facilities. Our supply chain guarantees short transport routes and keeps the CO<sub>2<\/sub> balance as low as possible.[\/vc_column_text][\/vc_column_inner][\/vc_row_inner][vc_empty_space height=&#8221;10px&#8221;][vc_row_inner el_class=&#8221;text-column-center-max-width-825 grid-text-block-wrapper&#8221;][vc_column_inner width=&#8221;1\/2&#8243;][vc_column_text css_animation=&#8221;fadeInUp&#8221;]<\/p>\n<h5>Value of labor<\/h5>\n<p>[\/vc_column_text][vc_column_text css_animation=&#8221;fadeInUp&#8221;]We don\u2019t create fast fashion, we create long-term companions for people who value premium quality fabrics and can appreciate the worth of human labour.[\/vc_column_text][\/vc_column_inner][vc_column_inner width=&#8221;1\/2&#8243;][vc_column_text css_animation=&#8221;fadeInUp&#8221;]<\/p>\n<h5>Partnership<\/h5>\n<p>[\/vc_column_text][vc_column_text css_animation=&#8221;fadeInUp&#8221;]We work closely with partners that are guided by the same values we subscribe to, attaching great importance to animal welfare and the sustainable use of raw materials.[\/vc_column_text][\/vc_column_inner][\/vc_row_inner][vc_empty_space height=&#8221;120px&#8221;][\/vc_column][\/vc_row][vc_row][vc_column][vc_raw_html css=&#8221;.vc_custom_1771326604652{margin-bottom: 2px !important;}&#8221;]JTVCd3BnYl9ncmlkJTIwaWQlM0QlMjIxOTYlMjIlNUQ=[\/vc_raw_html][\/vc_column][\/vc_row]<\/p>\n<\/div>","protected":false},"excerpt":{"rendered":"<p>[vc_row full_width=&#8221;stretch_row&#8221; full_height=&#8221;yes&#8221; awb_type=&#8221;video&#8221; awb_image_background_position=&#8221;50% 50%&#8221; awb_video_mobile=&#8221;1&#8243; awb_color=&#8221;rgba(0,0,0,0.01)&#8221; awb_image=&#8221;7272&#8243; awb_video_mp4=&#8221;7274&#8243; el_class=&#8221;background-gradient-overlay-dark&#8221;][vc_column][vc_row_inner content_placement=&#8221;bottom&#8221; el_class=&#8221;intro-section&#8221;][vc_column_inner][vc_column_text css=&#8221;&#8221;] The Brand DRESSLER A new era of sophistication begins. [\/vc_column_text][vc_empty_space height=&#8221;30px&#8221;][vc_btn title=&#8221;Discover more&#8221; style=&#8221;custom&#8221; custom_background=&#8221;#FFFFFF&#8221; custom_text=&#8221;#000000&#8243; shape=&#8221;round&#8221; size=&#8221;lg&#8221; align=&#8221;center&#8221; css_animation=&#8221;fadeInLeft&#8221; css=&#8221;.vc_custom_1771889982404{margin-right: 22px !important;}&#8221; link=&#8221;url:%23craftsmanship|title:Craftsmanship&#8221; el_class=&#8221;d-button&#8221;][vc_empty_space height=&#8221;60px&#8221;][\/vc_column_inner][\/vc_row_inner][\/vc_column][\/vc_row][vc_row full_width=&#8221;stretch_row_content&#8221; equal_height=&#8221;yes&#8221; content_placement=&#8221;middle&#8221; awb_type=&#8221;color&#8221; awb_color=&#8221;#ffffff&#8221; el_id=&#8221;craftsmanship&#8221;][vc_column offset=&#8221;vc_col-md-6&#8243;][vc_empty_space height=&#8221;120px&#8221;][vc_row_inner el_class=&#8221;column-text-wrapper left&#8221;][vc_column_inner][vc_column_text css_animation=&#8221;fadeInUp&#8221;] Craftsmanship Since 1929. [\/vc_column_text][vc_column_text [&hellip;]<\/p>\n","protected":false},"author":1,"featured_media":7144,"parent":0,"menu_order":3,"comment_status":"closed","ping_status":"closed","template":"","meta":{"inline_featured_image":false,"footnotes":""},"kollektion":[],"class_list":["post-877","page","type-page","status-publish","has-post-thumbnail","hentry"],"yoast_head":"<!-- This site is optimized with the Yoast SEO Premium plugin v27.3 (Yoast SEO v27.3) - https:\/\/yoast.com\/product\/yoast-seo-premium-wordpress\/ -->\n<title>DRESSLER - Brand<\/title>\n<meta name=\"description\" content=\"Mit der neuen Kollektion zelebriert DRESSLER einen kosmopolitischen Geist, der unsere Herkunft w\u00fcrdigt und den Weg in die Zukunft weist.\" \/>\n<meta name=\"robots\" content=\"index, follow, max-snippet:-1, max-image-preview:large, max-video-preview:-1\" \/>\n<link rel=\"canonical\" href=\"https:\/\/dressler1929.com\/en\/brand\/\" \/>\n<meta property=\"og:locale\" content=\"en_US\" \/>\n<meta property=\"og:type\" content=\"article\" \/>\n<meta property=\"og:title\" content=\"DRESSLER - Brand\" \/>\n<meta property=\"og:description\" content=\"Mit der neuen Kollektion zelebriert DRESSLER einen kosmopolitischen Geist, der unsere Herkunft w\u00fcrdigt und den Weg in die Zukunft weist.\" \/>\n<meta property=\"og:url\" content=\"https:\/\/dressler1929.com\/en\/brand\/\" \/>\n<meta property=\"og:site_name\" content=\"DRESSLER\" \/>\n<meta property=\"article:publisher\" content=\"https:\/\/www.facebook.com\/dressler.official\" \/>\n<meta property=\"article:modified_time\" content=\"2026-02-23T23:44:54+00:00\" \/>\n<meta property=\"og:image\" content=\"https:\/\/dressler1929.com\/wp-content\/uploads\/2024\/06\/Eduard-Dressler3515_by_florianjaeger_com_web-scaled.jpg\" \/>\n\t<meta property=\"og:image:width\" content=\"2560\" \/>\n\t<meta property=\"og:image:height\" content=\"1707\" \/>\n\t<meta property=\"og:image:type\" content=\"image\/jpeg\" \/>\n<meta name=\"twitter:card\" content=\"summary_large_image\" \/>\n<meta name=\"twitter:site\" content=\"@dressler\" \/>\n<meta name=\"twitter:label1\" content=\"Est. reading time\" \/>\n\t<meta name=\"twitter:data1\" content=\"6 minutes\" \/>\n<script type=\"application\/ld+json\" class=\"yoast-schema-graph\">{\"@context\":\"https:\\\/\\\/schema.org\",\"@graph\":[{\"@type\":\"WebPage\",\"@id\":\"https:\\\/\\\/dressler1929.com\\\/en\\\/brand\\\/\",\"url\":\"https:\\\/\\\/dressler1929.com\\\/en\\\/brand\\\/\",\"name\":\"DRESSLER - Brand\",\"isPartOf\":{\"@id\":\"https:\\\/\\\/dressler1929.com\\\/en\\\/#website\"},\"primaryImageOfPage\":{\"@id\":\"https:\\\/\\\/dressler1929.com\\\/en\\\/brand\\\/#primaryimage\"},\"image\":{\"@id\":\"https:\\\/\\\/dressler1929.com\\\/en\\\/brand\\\/#primaryimage\"},\"thumbnailUrl\":\"https:\\\/\\\/dressler1929.com\\\/wp-content\\\/uploads\\\/2024\\\/06\\\/Eduard-Dressler3515_by_florianjaeger_com_web-scaled.jpg\",\"datePublished\":\"2023-01-12T23:39:25+00:00\",\"dateModified\":\"2026-02-23T23:44:54+00:00\",\"description\":\"Mit der neuen Kollektion zelebriert DRESSLER einen kosmopolitischen Geist, der unsere Herkunft w\u00fcrdigt und den Weg in die Zukunft weist.\",\"breadcrumb\":{\"@id\":\"https:\\\/\\\/dressler1929.com\\\/en\\\/brand\\\/#breadcrumb\"},\"inLanguage\":\"en-US\",\"potentialAction\":[{\"@type\":\"ReadAction\",\"target\":[\"https:\\\/\\\/dressler1929.com\\\/en\\\/brand\\\/\"]}]},{\"@type\":\"ImageObject\",\"inLanguage\":\"en-US\",\"@id\":\"https:\\\/\\\/dressler1929.com\\\/en\\\/brand\\\/#primaryimage\",\"url\":\"https:\\\/\\\/dressler1929.com\\\/wp-content\\\/uploads\\\/2024\\\/06\\\/Eduard-Dressler3515_by_florianjaeger_com_web-scaled.jpg\",\"contentUrl\":\"https:\\\/\\\/dressler1929.com\\\/wp-content\\\/uploads\\\/2024\\\/06\\\/Eduard-Dressler3515_by_florianjaeger_com_web-scaled.jpg\",\"width\":2560,\"height\":1707},{\"@type\":\"BreadcrumbList\",\"@id\":\"https:\\\/\\\/dressler1929.com\\\/en\\\/brand\\\/#breadcrumb\",\"itemListElement\":[{\"@type\":\"ListItem\",\"position\":1,\"name\":\"Startseite\",\"item\":\"https:\\\/\\\/dressler1929.com\\\/en\\\/home\\\/\"},{\"@type\":\"ListItem\",\"position\":2,\"name\":\"Brand\"}]},{\"@type\":\"WebSite\",\"@id\":\"https:\\\/\\\/dressler1929.com\\\/en\\\/#website\",\"url\":\"https:\\\/\\\/dressler1929.com\\\/en\\\/\",\"name\":\"DRESSLER\",\"description\":\"Exclusive menswear\",\"publisher\":{\"@id\":\"https:\\\/\\\/dressler1929.com\\\/en\\\/#organization\"},\"potentialAction\":[{\"@type\":\"SearchAction\",\"target\":{\"@type\":\"EntryPoint\",\"urlTemplate\":\"https:\\\/\\\/dressler1929.com\\\/en\\\/?s={search_term_string}\"},\"query-input\":{\"@type\":\"PropertyValueSpecification\",\"valueRequired\":true,\"valueName\":\"search_term_string\"}}],\"inLanguage\":\"en-US\"},{\"@type\":\"Organization\",\"@id\":\"https:\\\/\\\/dressler1929.com\\\/en\\\/#organization\",\"name\":\"DRESSLER\",\"url\":\"https:\\\/\\\/dressler1929.com\\\/en\\\/\",\"logo\":{\"@type\":\"ImageObject\",\"inLanguage\":\"en-US\",\"@id\":\"https:\\\/\\\/dressler1929.com\\\/en\\\/#\\\/schema\\\/logo\\\/image\\\/\",\"url\":\"https:\\\/\\\/dressler1929.com\\\/wp-content\\\/uploads\\\/2026\\\/02\\\/Dressler_Inital_black_vector_final.png\",\"contentUrl\":\"https:\\\/\\\/dressler1929.com\\\/wp-content\\\/uploads\\\/2026\\\/02\\\/Dressler_Inital_black_vector_final.png\",\"width\":1200,\"height\":1200,\"caption\":\"DRESSLER\"},\"image\":{\"@id\":\"https:\\\/\\\/dressler1929.com\\\/en\\\/#\\\/schema\\\/logo\\\/image\\\/\"},\"sameAs\":[\"https:\\\/\\\/www.facebook.com\\\/dressler.official\",\"https:\\\/\\\/x.com\\\/dressler\",\"https:\\\/\\\/www.instagram.com\\\/dressler_official\\\/\",\"https:\\\/\\\/www.youtube.com\\\/@dressler_official\",\"https:\\\/\\\/www.linkedin.com\\\/company\\\/dressler-bekleidungswerke-brinkmann-gmbh-&-co-kg\\\/\",\"https:\\\/\\\/pinterest.com\\\/dressler1929\\\/\"],\"description\":\"DRESSLER aus Gro\u00dfostheim in Bayern ist eines der \u00e4ltesten Herrenmodeunternehmen Deutschlands. Das Unternehmen wurde 1929 von seinem Namensgeber Eduard Dresser gegr\u00fcndet und \u00fcber mehr als 75 Jahre als Familienbetrieb gef\u00fchrt, bevor es 2004 in die in Herford ans\u00e4ssige Brinkmann Gruppe integriert wurde. Der Hauptsitz der Dressler Bekleidungswerke Brinkmann GmbH & Co. KG befindet sich weiterhin am historischen Standort nahe Frankfurt am Main. DRESSLER ist im gehobenen Marktsegment der Herrenmode im Stil der modernen Klassik positioniert und bekannt f\u00fcr seine \u00e4u\u00dferst hohen Qualit\u00e4tsstandards in Verarbeitung und Materialauswahl.\",\"email\":\"info@dressler1929.com\",\"telephone\":\"+49 06026 5020\",\"legalName\":\"Dressler Bekleidungswerke Brinkmann GmbH & Co. KG\",\"foundingDate\":\"1929-01-01\",\"vatID\":\"DE813847219\",\"numberOfEmployees\":{\"@type\":\"QuantitativeValue\",\"minValue\":\"11\",\"maxValue\":\"50\"}}]}<\/script>\n<!-- \/ Yoast SEO Premium plugin. -->","yoast_head_json":{"title":"DRESSLER - Brand","description":"Mit der neuen Kollektion zelebriert DRESSLER einen kosmopolitischen Geist, der unsere Herkunft w\u00fcrdigt und den Weg in die Zukunft weist.","robots":{"index":"index","follow":"follow","max-snippet":"max-snippet:-1","max-image-preview":"max-image-preview:large","max-video-preview":"max-video-preview:-1"},"canonical":"https:\/\/dressler1929.com\/en\/brand\/","og_locale":"en_US","og_type":"article","og_title":"DRESSLER - Brand","og_description":"Mit der neuen Kollektion zelebriert DRESSLER einen kosmopolitischen Geist, der unsere Herkunft w\u00fcrdigt und den Weg in die Zukunft weist.","og_url":"https:\/\/dressler1929.com\/en\/brand\/","og_site_name":"DRESSLER","article_publisher":"https:\/\/www.facebook.com\/dressler.official","article_modified_time":"2026-02-23T23:44:54+00:00","og_image":[{"width":2560,"height":1707,"url":"https:\/\/dressler1929.com\/wp-content\/uploads\/2024\/06\/Eduard-Dressler3515_by_florianjaeger_com_web-scaled.jpg","type":"image\/jpeg"}],"twitter_card":"summary_large_image","twitter_site":"@dressler","twitter_misc":{"Est. reading time":"6 minutes"},"schema":{"@context":"https:\/\/schema.org","@graph":[{"@type":"WebPage","@id":"https:\/\/dressler1929.com\/en\/brand\/","url":"https:\/\/dressler1929.com\/en\/brand\/","name":"DRESSLER - Brand","isPartOf":{"@id":"https:\/\/dressler1929.com\/en\/#website"},"primaryImageOfPage":{"@id":"https:\/\/dressler1929.com\/en\/brand\/#primaryimage"},"image":{"@id":"https:\/\/dressler1929.com\/en\/brand\/#primaryimage"},"thumbnailUrl":"https:\/\/dressler1929.com\/wp-content\/uploads\/2024\/06\/Eduard-Dressler3515_by_florianjaeger_com_web-scaled.jpg","datePublished":"2023-01-12T23:39:25+00:00","dateModified":"2026-02-23T23:44:54+00:00","description":"Mit der neuen Kollektion zelebriert DRESSLER einen kosmopolitischen Geist, der unsere Herkunft w\u00fcrdigt und den Weg in die Zukunft weist.","breadcrumb":{"@id":"https:\/\/dressler1929.com\/en\/brand\/#breadcrumb"},"inLanguage":"en-US","potentialAction":[{"@type":"ReadAction","target":["https:\/\/dressler1929.com\/en\/brand\/"]}]},{"@type":"ImageObject","inLanguage":"en-US","@id":"https:\/\/dressler1929.com\/en\/brand\/#primaryimage","url":"https:\/\/dressler1929.com\/wp-content\/uploads\/2024\/06\/Eduard-Dressler3515_by_florianjaeger_com_web-scaled.jpg","contentUrl":"https:\/\/dressler1929.com\/wp-content\/uploads\/2024\/06\/Eduard-Dressler3515_by_florianjaeger_com_web-scaled.jpg","width":2560,"height":1707},{"@type":"BreadcrumbList","@id":"https:\/\/dressler1929.com\/en\/brand\/#breadcrumb","itemListElement":[{"@type":"ListItem","position":1,"name":"Startseite","item":"https:\/\/dressler1929.com\/en\/home\/"},{"@type":"ListItem","position":2,"name":"Brand"}]},{"@type":"WebSite","@id":"https:\/\/dressler1929.com\/en\/#website","url":"https:\/\/dressler1929.com\/en\/","name":"DRESSLER","description":"Exclusive menswear","publisher":{"@id":"https:\/\/dressler1929.com\/en\/#organization"},"potentialAction":[{"@type":"SearchAction","target":{"@type":"EntryPoint","urlTemplate":"https:\/\/dressler1929.com\/en\/?s={search_term_string}"},"query-input":{"@type":"PropertyValueSpecification","valueRequired":true,"valueName":"search_term_string"}}],"inLanguage":"en-US"},{"@type":"Organization","@id":"https:\/\/dressler1929.com\/en\/#organization","name":"DRESSLER","url":"https:\/\/dressler1929.com\/en\/","logo":{"@type":"ImageObject","inLanguage":"en-US","@id":"https:\/\/dressler1929.com\/en\/#\/schema\/logo\/image\/","url":"https:\/\/dressler1929.com\/wp-content\/uploads\/2026\/02\/Dressler_Inital_black_vector_final.png","contentUrl":"https:\/\/dressler1929.com\/wp-content\/uploads\/2026\/02\/Dressler_Inital_black_vector_final.png","width":1200,"height":1200,"caption":"DRESSLER"},"image":{"@id":"https:\/\/dressler1929.com\/en\/#\/schema\/logo\/image\/"},"sameAs":["https:\/\/www.facebook.com\/dressler.official","https:\/\/x.com\/dressler","https:\/\/www.instagram.com\/dressler_official\/","https:\/\/www.youtube.com\/@dressler_official","https:\/\/www.linkedin.com\/company\/dressler-bekleidungswerke-brinkmann-gmbh-&-co-kg\/","https:\/\/pinterest.com\/dressler1929\/"],"description":"DRESSLER aus Gro\u00dfostheim in Bayern ist eines der \u00e4ltesten Herrenmodeunternehmen Deutschlands. Das Unternehmen wurde 1929 von seinem Namensgeber Eduard Dresser gegr\u00fcndet und \u00fcber mehr als 75 Jahre als Familienbetrieb gef\u00fchrt, bevor es 2004 in die in Herford ans\u00e4ssige Brinkmann Gruppe integriert wurde. Der Hauptsitz der Dressler Bekleidungswerke Brinkmann GmbH & Co. KG befindet sich weiterhin am historischen Standort nahe Frankfurt am Main. DRESSLER ist im gehobenen Marktsegment der Herrenmode im Stil der modernen Klassik positioniert und bekannt f\u00fcr seine \u00e4u\u00dferst hohen Qualit\u00e4tsstandards in Verarbeitung und Materialauswahl.","email":"info@dressler1929.com","telephone":"+49 06026 5020","legalName":"Dressler Bekleidungswerke Brinkmann GmbH & Co. KG","foundingDate":"1929-01-01","vatID":"DE813847219","numberOfEmployees":{"@type":"QuantitativeValue","minValue":"11","maxValue":"50"}}]}},"_links":{"self":[{"href":"https:\/\/dressler1929.com\/en\/wp-json\/wp\/v2\/pages\/877","targetHints":{"allow":["GET"]}}],"collection":[{"href":"https:\/\/dressler1929.com\/en\/wp-json\/wp\/v2\/pages"}],"about":[{"href":"https:\/\/dressler1929.com\/en\/wp-json\/wp\/v2\/types\/page"}],"author":[{"embeddable":true,"href":"https:\/\/dressler1929.com\/en\/wp-json\/wp\/v2\/users\/1"}],"replies":[{"embeddable":true,"href":"https:\/\/dressler1929.com\/en\/wp-json\/wp\/v2\/comments?post=877"}],"version-history":[{"count":69,"href":"https:\/\/dressler1929.com\/en\/wp-json\/wp\/v2\/pages\/877\/revisions"}],"predecessor-version":[{"id":13927,"href":"https:\/\/dressler1929.com\/en\/wp-json\/wp\/v2\/pages\/877\/revisions\/13927"}],"wp:featuredmedia":[{"embeddable":true,"href":"https:\/\/dressler1929.com\/en\/wp-json\/wp\/v2\/media\/7144"}],"wp:attachment":[{"href":"https:\/\/dressler1929.com\/en\/wp-json\/wp\/v2\/media?parent=877"}],"wp:term":[{"taxonomy":"kollektion","embeddable":true,"href":"https:\/\/dressler1929.com\/en\/wp-json\/wp\/v2\/kollektion?post=877"}],"curies":[{"name":"wp","href":"https:\/\/api.w.org\/{rel}","templated":true}]}}