{"id":878,"date":"2023-01-13T00:39:14","date_gmt":"2023-01-12T23:39:14","guid":{"rendered":"https:\/\/wp12296504.server-he.de\/eduard-dressler-stag\/made-to-measure\/"},"modified":"2025-07-28T17:12:56","modified_gmt":"2025-07-28T15:12:56","slug":"made-to-measure","status":"publish","type":"page","link":"https:\/\/dressler1929.com\/en\/made-to-measure\/","title":{"rendered":"Made to Measure"},"content":{"rendered":"<div class=\"wpb-content-wrapper\"><p>[vc_row full_width=&#8221;stretch_row&#8221; full_height=&#8221;yes&#8221; awb_type=&#8221;image&#8221; awb_image_background_position=&#8221;65% 20%&#8221; awb_color=&#8221;#00000033&#8243; awb_image=&#8221;10020&#8243;][vc_column][vc_row_inner content_placement=&#8221;bottom&#8221; el_class=&#8221;intro-section&#8221;][vc_column_inner][vc_column_text css=&#8221;&#8221;]<\/p>\n<h1 class=\"color-white\" style=\"text-align: center;\">Made to measure<\/h1>\n<h4 class=\"color-white\" style=\"text-align: center;\">Suits you perfectly.<\/h4>\n<p>[\/vc_column_text][vc_empty_space height=&#8221;10px&#8221;][vc_btn title=&#8221;Discover individuality&#8221; style=&#8221;custom&#8221; custom_background=&#8221;rgba(255,255,255,0.01)&#8221; custom_text=&#8221;#ffffff&#8221; shape=&#8221;square&#8221; align=&#8221;center&#8221; css=&#8221;&#8221; link=&#8221;url:%23intro|title:Learn%20more&#8221; el_class=&#8221;ed-button light&#8221;][vc_empty_space height=&#8221;60px&#8221;][\/vc_column_inner][\/vc_row_inner][\/vc_column][\/vc_row][vc_row full_width=&#8221;stretch_row&#8221; content_placement=&#8221;middle&#8221; awb_type=&#8221;color&#8221; awb_color=&#8221;#ffffff&#8221; el_id=&#8221;intro&#8221;][vc_column][vc_row_inner equal_height=&#8221;yes&#8221; content_placement=&#8221;middle&#8221; el_class=&#8221;swap-on-mobile-922&#8243;][vc_column_inner el_class=&#8221;text-column-center-max-width-825&#8243;][vc_empty_space height=&#8221;200px&#8221;][vc_column_text css_animation=&#8221;fadeInUp&#8221; css=&#8221;&#8221;]<\/p>\n<h4>Because every man is unique.<\/h4>\n<p>[\/vc_column_text][vc_column_text css_animation=&#8221;fadeInUp&#8221; css=&#8221;&#8221;]<\/p>\n<h5>Exclusive tailoring services, provided via a network of trusted retail partners, allow you to reflect your individuality in every single detail of your suit. Choose between the full range of Made-to-Measure options or the quick and streamlined Colour your Suit package.<\/h5>\n<p>[\/vc_column_text][vc_empty_space height=&#8221;200px&#8221;][\/vc_column_inner][\/vc_row_inner][\/vc_column][\/vc_row][vc_row full_width=&#8221;stretch_row_content&#8221; equal_height=&#8221;yes&#8221; content_placement=&#8221;middle&#8221; awb_type=&#8221;color&#8221; awb_stretch=&#8221;1&#8243; awb_color=&#8221;#ffffff&#8221; css=&#8221;.vc_custom_1719843095663{margin-bottom: 2px !important;}&#8221;][vc_column width=&#8221;1\/2&#8243; awb_type=&#8221;image&#8221; awb_image_background_position=&#8221;50% 100%&#8221; el_class=&#8221;column-img-bg&#8221; awb_image=&#8221;7130&#8243;][\/vc_column][vc_column width=&#8221;1\/2&#8243; awb_type=&#8221;image&#8221; awb_image_background_position=&#8221;50% 50%&#8221; el_class=&#8221;column-img-bg column-left-border&#8221; offset=&#8221;vc_hidden-xs&#8221; awb_image=&#8221;7120&#8243;][\/vc_column][\/vc_row][vc_row full_width=&#8221;stretch_row&#8221; awb_type=&#8221;color&#8221; awb_color=&#8221;#f4f4f4&#8243;][vc_column][vc_empty_space height=&#8221;200px&#8221;][vc_row_inner el_class=&#8221;text-column-center-max-width-825&#8243;][vc_column_inner][vc_column_text css_animation=&#8221;fadeInUp&#8221; css=&#8221;&#8221;]<\/p>\n<h2 class=\"color-black\">Your journey <span class=\"nobreak\">to the perfect suit.<\/span><\/h2>\n<p>[\/vc_column_text][vc_column_text css_animation=&#8221;fadeInUp&#8221; css=&#8221;&#8221;]<\/p>\n<h5 class=\"color-black\">Start your journey towards a truly unique suit tailored exclusively to your needs. Our M-t-M partners will be happy to advise you.<\/h5>\n<p>[\/vc_column_text][\/vc_column_inner][\/vc_row_inner][vc_empty_space height=&#8221;120px&#8221;][\/vc_column][\/vc_row][vc_row full_width=&#8221;stretch_row_content_no_spaces&#8221; awb_type=&#8221;color&#8221; awb_color=&#8221;#f4f4f4&#8243; el_class=&#8221;slider-mtm-wrapper&#8221;][vc_column][vc_row_inner][vc_column_inner][vc_raw_html css=&#8221;&#8221;]JTVCd3BnYl9ncmlkJTIwaWQlM0QlMjIxMTglMjIlNUQ=[\/vc_raw_html][\/vc_column_inner][\/vc_row_inner][\/vc_column][\/vc_row][vc_row full_width=&#8221;stretch_row&#8221; awb_type=&#8221;color&#8221; awb_color=&#8221;#f4f4f4&#8243; el_class=&#8221;mtm-steps&#8221;][vc_column][vc_empty_space height=&#8221;80px&#8221; el_class=&#8221;spacer-made-to-measure-steps&#8221;][vc_row_inner content_placement=&#8221;middle&#8221; el_class=&#8221;text-column-center-max-width-825&#8243;][vc_column_inner width=&#8221;1\/5&#8243; offset=&#8221;vc_col-xs-3&#8243;][vc_column_text css_animation=&#8221;fadeInUp&#8221; css=&#8221;&#8221;]<\/p>\n<h1 class=\"color-black\">1<\/h1>\n<p>[\/vc_column_text][\/vc_column_inner][vc_column_inner width=&#8221;4\/5&#8243; offset=&#8221;vc_col-xs-9&#8243;][vc_column_text css_animation=&#8221;fadeInUp&#8221; css=&#8221;&#8221;]<\/p>\n<h5 class=\"color-black\">Measure<\/h5>\n<p>[\/vc_column_text][\/vc_column_inner][\/vc_row_inner][vc_row_inner el_class=&#8221;text-column-center-max-width-825&#8243;][vc_column_inner width=&#8221;1\/5&#8243;][\/vc_column_inner][vc_column_inner width=&#8221;4\/5&#8243;][vc_column_text css_animation=&#8221;fadeInUp&#8221; css=&#8221;&#8221;]<\/p>\n<p class=\"color-black\">When it comes to a perfectly fitting suit, a few stitches make the difference between mediocrity and perfection. Let a specialist take your precise measurements.<\/p>\n<p>[\/vc_column_text][\/vc_column_inner][\/vc_row_inner][vc_empty_space height=&#8221;80px&#8221; el_class=&#8221;spacer-made-to-measure-steps&#8221;][vc_row_inner content_placement=&#8221;middle&#8221; el_class=&#8221;text-column-center-max-width-825&#8243;][vc_column_inner width=&#8221;1\/5&#8243; offset=&#8221;vc_col-xs-3&#8243;][vc_column_text css_animation=&#8221;fadeInUp&#8221;]<\/p>\n<h1 class=\"color-black\">2<\/h1>\n<p>[\/vc_column_text][\/vc_column_inner][vc_column_inner width=&#8221;4\/5&#8243; offset=&#8221;vc_col-xs-9&#8243;][vc_column_text css_animation=&#8221;fadeInUp&#8221;]<\/p>\n<h5 class=\"color-black\">Cut<\/h5>\n<p>[\/vc_column_text][\/vc_column_inner][\/vc_row_inner][vc_row_inner el_class=&#8221;text-column-center-max-width-825&#8243;][vc_column_inner width=&#8221;1\/5&#8243;][\/vc_column_inner][vc_column_inner width=&#8221;4\/5&#8243;][vc_column_text css_animation=&#8221;fadeInUp&#8221;]<\/p>\n<p class=\"color-black\">Laying the foundation for greatness. Select the appropriate cut to make your suit feel like a second skin.<\/p>\n<p>[\/vc_column_text][\/vc_column_inner][\/vc_row_inner][vc_empty_space height=&#8221;80px&#8221; el_class=&#8221;spacer-made-to-measure-steps&#8221;][vc_row_inner content_placement=&#8221;middle&#8221; el_class=&#8221;text-column-center-max-width-825&#8243;][vc_column_inner width=&#8221;1\/5&#8243; offset=&#8221;vc_col-xs-3&#8243;][vc_column_text css_animation=&#8221;fadeInUp&#8221;]<\/p>\n<h1 class=\"color-black\">3<\/h1>\n<p>[\/vc_column_text][\/vc_column_inner][vc_column_inner width=&#8221;4\/5&#8243; offset=&#8221;vc_col-xs-9&#8243;][vc_column_text css_animation=&#8221;fadeInUp&#8221;]<\/p>\n<h5 class=\"color-black\">Fabric<\/h5>\n<p>[\/vc_column_text][\/vc_column_inner][\/vc_row_inner][vc_row_inner el_class=&#8221;text-column-center-max-width-825&#8243;][vc_column_inner width=&#8221;1\/5&#8243;][\/vc_column_inner][vc_column_inner width=&#8221;4\/5&#8243;][vc_column_text css_animation=&#8221;fadeInUp&#8221;]<\/p>\n<p class=\"color-black\">Choose your suit fabric from a range of premium and sustainable fabrics made by the finest Italian weavers.<\/p>\n<p>[\/vc_column_text][\/vc_column_inner][\/vc_row_inner][vc_empty_space height=&#8221;80px&#8221; el_class=&#8221;spacer-made-to-measure-steps&#8221;][vc_row_inner content_placement=&#8221;middle&#8221; el_class=&#8221;text-column-center-max-width-825&#8243;][vc_column_inner width=&#8221;1\/5&#8243; offset=&#8221;vc_col-xs-3&#8243;][vc_column_text css_animation=&#8221;fadeInUp&#8221;]<\/p>\n<h1 class=\"color-black\">4<\/h1>\n<p>[\/vc_column_text][\/vc_column_inner][vc_column_inner width=&#8221;4\/5&#8243; offset=&#8221;vc_col-xs-9&#8243;][vc_column_text css_animation=&#8221;fadeInUp&#8221;]<\/p>\n<h5 class=\"color-black\">Pattern<\/h5>\n<p>[\/vc_column_text][\/vc_column_inner][\/vc_row_inner][vc_row_inner el_class=&#8221;text-column-center-max-width-825&#8243;][vc_column_inner width=&#8221;1\/5&#8243;][\/vc_column_inner][vc_column_inner width=&#8221;4\/5&#8243;][vc_column_text css_animation=&#8221;fadeInUp&#8221;]<\/p>\n<p class=\"color-black\">No matter if you prefer classic designs or bold and eye-catching patterns: Your creativity knows no bounds.<\/p>\n<p>[\/vc_column_text][\/vc_column_inner][\/vc_row_inner][vc_empty_space height=&#8221;80px&#8221; el_class=&#8221;spacer-made-to-measure-steps&#8221;][vc_row_inner content_placement=&#8221;middle&#8221; el_class=&#8221;text-column-center-max-width-825&#8243;][vc_column_inner width=&#8221;1\/5&#8243; offset=&#8221;vc_col-xs-3&#8243;][vc_column_text css_animation=&#8221;fadeInUp&#8221;]<\/p>\n<h1 class=\"color-black\">5<\/h1>\n<p>[\/vc_column_text][\/vc_column_inner][vc_column_inner width=&#8221;4\/5&#8243; offset=&#8221;vc_col-xs-9&#8243;][vc_column_text css_animation=&#8221;fadeInUp&#8221;]<\/p>\n<h5 class=\"color-black\">Linings and buttons<\/h5>\n<p>[\/vc_column_text][\/vc_column_inner][\/vc_row_inner][vc_row_inner el_class=&#8221;text-column-center-max-width-825&#8243;][vc_column_inner width=&#8221;1\/5&#8243;][\/vc_column_inner][vc_column_inner width=&#8221;4\/5&#8243;][vc_column_text css_animation=&#8221;fadeInUp&#8221;]<\/p>\n<p class=\"color-black\">Choose between various designs for the lining and an exclusive assortment of top-drawer buttons.<\/p>\n<p>[\/vc_column_text][\/vc_column_inner][\/vc_row_inner][vc_empty_space height=&#8221;80px&#8221; el_class=&#8221;spacer-made-to-measure-steps&#8221;][vc_row_inner content_placement=&#8221;middle&#8221; el_class=&#8221;text-column-center-max-width-825&#8243;][vc_column_inner width=&#8221;1\/5&#8243; offset=&#8221;vc_col-xs-3&#8243;][vc_column_text css_animation=&#8221;fadeInUp&#8221;]<\/p>\n<h1 class=\"color-black\">6<\/h1>\n<p>[\/vc_column_text][\/vc_column_inner][vc_column_inner width=&#8221;4\/5&#8243; offset=&#8221;vc_col-xs-9&#8243;][vc_column_text css_animation=&#8221;fadeInUp&#8221; css=&#8221;&#8221;]<\/p>\n<h5 class=\"color-black\">Unique details and Initials<\/h5>\n<p>[\/vc_column_text][\/vc_column_inner][\/vc_row_inner][vc_row_inner el_class=&#8221;text-column-center-max-width-825&#8243;][vc_column_inner width=&#8221;1\/5&#8243;][\/vc_column_inner][vc_column_inner width=&#8221;4\/5&#8243;][vc_column_text css_animation=&#8221;fadeInUp&#8221; css=&#8221;&#8221;]<\/p>\n<p class=\"color-black\">You can round off your look with contrasting button holes and an undercollar made of coloured felt. As an individual touch, your garment will also be embroidered with your initials.<\/p>\n<p>[\/vc_column_text][\/vc_column_inner][\/vc_row_inner][vc_empty_space height=&#8221;80px&#8221; el_class=&#8221;spacer-made-to-measure-steps&#8221;][vc_row_inner el_class=&#8221;text-column-center-max-width-825&#8243;][vc_column_inner width=&#8221;1\/5&#8243;][\/vc_column_inner][vc_column_inner width=&#8221;4\/5&#8243;][vc_btn title=&#8221;Find a Made-to-Measure Partner&#8221; style=&#8221;custom&#8221; custom_background=&#8221;&#8221; custom_text=&#8221;#000000&#8243; shape=&#8221;square&#8221; align=&#8221;left&#8221; css_animation=&#8221;fadeInUp&#8221; css=&#8221;&#8221; link=&#8221;url:%2Fen%2Fstores%2Fstorefinder%2F|title:M-t-M%20Partner|target:_blank&#8221; el_class=&#8221;ed-button dark&#8221;][\/vc_column_inner][\/vc_row_inner][vc_empty_space height=&#8221;200px&#8221;][\/vc_column][\/vc_row][vc_row][vc_column][vc_raw_html css=&#8221;.vc_custom_1677193151522{margin-bottom: 0px !important;}&#8221;]JTVCd3BnYl9ncmlkJTIwaWQlM0QlMjIxMCUyMiU1RA==[\/vc_raw_html][\/vc_column][\/vc_row]<\/p>\n<\/div>","protected":false},"excerpt":{"rendered":"<p>[vc_row full_width=&#8221;stretch_row&#8221; full_height=&#8221;yes&#8221; awb_type=&#8221;image&#8221; awb_image_background_position=&#8221;65% 20%&#8221; awb_color=&#8221;#00000033&#8243; awb_image=&#8221;10020&#8243;][vc_column][vc_row_inner content_placement=&#8221;bottom&#8221; el_class=&#8221;intro-section&#8221;][vc_column_inner][vc_column_text css=&#8221;&#8221;] Made to measure Suits you perfectly. [\/vc_column_text][vc_empty_space height=&#8221;10px&#8221;][vc_btn title=&#8221;Discover individuality&#8221; style=&#8221;custom&#8221; custom_background=&#8221;rgba(255,255,255,0.01)&#8221; custom_text=&#8221;#ffffff&#8221; shape=&#8221;square&#8221; align=&#8221;center&#8221; css=&#8221;&#8221; link=&#8221;url:%23intro|title:Learn%20more&#8221; el_class=&#8221;ed-button light&#8221;][vc_empty_space height=&#8221;60px&#8221;][\/vc_column_inner][\/vc_row_inner][\/vc_column][\/vc_row][vc_row full_width=&#8221;stretch_row&#8221; content_placement=&#8221;middle&#8221; awb_type=&#8221;color&#8221; awb_color=&#8221;#ffffff&#8221; el_id=&#8221;intro&#8221;][vc_column][vc_row_inner equal_height=&#8221;yes&#8221; content_placement=&#8221;middle&#8221; el_class=&#8221;swap-on-mobile-922&#8243;][vc_column_inner el_class=&#8221;text-column-center-max-width-825&#8243;][vc_empty_space height=&#8221;200px&#8221;][vc_column_text css_animation=&#8221;fadeInUp&#8221; css=&#8221;&#8221;] Because every man is unique. [\/vc_column_text][vc_column_text css_animation=&#8221;fadeInUp&#8221; css=&#8221;&#8221;] Exclusive tailoring services, provided [&hellip;]<\/p>\n","protected":false},"author":1,"featured_media":10020,"parent":0,"menu_order":2,"comment_status":"closed","ping_status":"closed","template":"","meta":{"inline_featured_image":false,"footnotes":""},"kollektion":[],"class_list":["post-878","page","type-page","status-publish","has-post-thumbnail","hentry"],"yoast_head":"<!-- This site is optimized with the Yoast SEO Premium plugin v27.3 (Yoast SEO v27.3) - https:\/\/yoast.com\/product\/yoast-seo-premium-wordpress\/ -->\n<title>DRESSLER - Made to Measure<\/title>\n<meta name=\"description\" content=\"Mit der neuen Kollektion zelebriert DRESSLER einen kosmopolitischen Geist, der unsere Herkunft w\u00fcrdigt und den Weg in die Zukunft weist.\" \/>\n<meta name=\"robots\" content=\"index, follow, max-snippet:-1, max-image-preview:large, max-video-preview:-1\" \/>\n<link rel=\"canonical\" href=\"https:\/\/dressler1929.com\/en\/made-to-measure\/\" \/>\n<meta property=\"og:locale\" content=\"en_US\" \/>\n<meta property=\"og:type\" content=\"article\" \/>\n<meta property=\"og:title\" content=\"DRESSLER - Made to Measure\" \/>\n<meta property=\"og:description\" content=\"Mit der neuen Kollektion zelebriert DRESSLER einen kosmopolitischen Geist, der unsere Herkunft w\u00fcrdigt und den Weg in die Zukunft weist.\" \/>\n<meta property=\"og:url\" content=\"https:\/\/dressler1929.com\/en\/made-to-measure\/\" \/>\n<meta property=\"og:site_name\" content=\"DRESSLER\" \/>\n<meta property=\"article:publisher\" content=\"https:\/\/www.facebook.com\/dressler.official\" \/>\n<meta property=\"article:modified_time\" content=\"2025-07-28T15:12:56+00:00\" \/>\n<meta property=\"og:image\" content=\"https:\/\/dressler1929.com\/wp-content\/uploads\/2025\/07\/dressler-HW25-looks-3x2-F1-web_kam_Anzug-8_1-scaled.jpg\" \/>\n\t<meta property=\"og:image:width\" content=\"2560\" \/>\n\t<meta property=\"og:image:height\" content=\"1707\" \/>\n\t<meta property=\"og:image:type\" content=\"image\/jpeg\" \/>\n<meta name=\"twitter:card\" content=\"summary_large_image\" \/>\n<meta name=\"twitter:site\" content=\"@dressler\" \/>\n<meta name=\"twitter:label1\" content=\"Est. reading time\" \/>\n\t<meta name=\"twitter:data1\" content=\"4 minutes\" \/>\n<script type=\"application\/ld+json\" class=\"yoast-schema-graph\">{\"@context\":\"https:\\\/\\\/schema.org\",\"@graph\":[{\"@type\":\"WebPage\",\"@id\":\"https:\\\/\\\/dressler1929.com\\\/en\\\/made-to-measure\\\/\",\"url\":\"https:\\\/\\\/dressler1929.com\\\/en\\\/made-to-measure\\\/\",\"name\":\"DRESSLER - Made to Measure\",\"isPartOf\":{\"@id\":\"https:\\\/\\\/dressler1929.com\\\/en\\\/#website\"},\"primaryImageOfPage\":{\"@id\":\"https:\\\/\\\/dressler1929.com\\\/en\\\/made-to-measure\\\/#primaryimage\"},\"image\":{\"@id\":\"https:\\\/\\\/dressler1929.com\\\/en\\\/made-to-measure\\\/#primaryimage\"},\"thumbnailUrl\":\"https:\\\/\\\/dressler1929.com\\\/wp-content\\\/uploads\\\/2025\\\/07\\\/dressler-HW25-looks-3x2-F1-web_kam_Anzug-8_1-scaled.jpg\",\"datePublished\":\"2023-01-12T23:39:14+00:00\",\"dateModified\":\"2025-07-28T15:12:56+00:00\",\"description\":\"Mit der neuen Kollektion zelebriert DRESSLER einen kosmopolitischen Geist, der unsere Herkunft w\u00fcrdigt und den Weg in die Zukunft weist.\",\"breadcrumb\":{\"@id\":\"https:\\\/\\\/dressler1929.com\\\/en\\\/made-to-measure\\\/#breadcrumb\"},\"inLanguage\":\"en-US\",\"potentialAction\":[{\"@type\":\"ReadAction\",\"target\":[\"https:\\\/\\\/dressler1929.com\\\/en\\\/made-to-measure\\\/\"]}]},{\"@type\":\"ImageObject\",\"inLanguage\":\"en-US\",\"@id\":\"https:\\\/\\\/dressler1929.com\\\/en\\\/made-to-measure\\\/#primaryimage\",\"url\":\"https:\\\/\\\/dressler1929.com\\\/wp-content\\\/uploads\\\/2025\\\/07\\\/dressler-HW25-looks-3x2-F1-web_kam_Anzug-8_1-scaled.jpg\",\"contentUrl\":\"https:\\\/\\\/dressler1929.com\\\/wp-content\\\/uploads\\\/2025\\\/07\\\/dressler-HW25-looks-3x2-F1-web_kam_Anzug-8_1-scaled.jpg\",\"width\":2560,\"height\":1707},{\"@type\":\"BreadcrumbList\",\"@id\":\"https:\\\/\\\/dressler1929.com\\\/en\\\/made-to-measure\\\/#breadcrumb\",\"itemListElement\":[{\"@type\":\"ListItem\",\"position\":1,\"name\":\"Startseite\",\"item\":\"https:\\\/\\\/dressler1929.com\\\/en\\\/home\\\/\"},{\"@type\":\"ListItem\",\"position\":2,\"name\":\"Made to Measure\"}]},{\"@type\":\"WebSite\",\"@id\":\"https:\\\/\\\/dressler1929.com\\\/en\\\/#website\",\"url\":\"https:\\\/\\\/dressler1929.com\\\/en\\\/\",\"name\":\"DRESSLER\",\"description\":\"Exclusive menswear\",\"publisher\":{\"@id\":\"https:\\\/\\\/dressler1929.com\\\/en\\\/#organization\"},\"potentialAction\":[{\"@type\":\"SearchAction\",\"target\":{\"@type\":\"EntryPoint\",\"urlTemplate\":\"https:\\\/\\\/dressler1929.com\\\/en\\\/?s={search_term_string}\"},\"query-input\":{\"@type\":\"PropertyValueSpecification\",\"valueRequired\":true,\"valueName\":\"search_term_string\"}}],\"inLanguage\":\"en-US\"},{\"@type\":\"Organization\",\"@id\":\"https:\\\/\\\/dressler1929.com\\\/en\\\/#organization\",\"name\":\"DRESSLER\",\"url\":\"https:\\\/\\\/dressler1929.com\\\/en\\\/\",\"logo\":{\"@type\":\"ImageObject\",\"inLanguage\":\"en-US\",\"@id\":\"https:\\\/\\\/dressler1929.com\\\/en\\\/#\\\/schema\\\/logo\\\/image\\\/\",\"url\":\"https:\\\/\\\/dressler1929.com\\\/wp-content\\\/uploads\\\/2026\\\/02\\\/Dressler_Inital_black_vector_final.png\",\"contentUrl\":\"https:\\\/\\\/dressler1929.com\\\/wp-content\\\/uploads\\\/2026\\\/02\\\/Dressler_Inital_black_vector_final.png\",\"width\":1200,\"height\":1200,\"caption\":\"DRESSLER\"},\"image\":{\"@id\":\"https:\\\/\\\/dressler1929.com\\\/en\\\/#\\\/schema\\\/logo\\\/image\\\/\"},\"sameAs\":[\"https:\\\/\\\/www.facebook.com\\\/dressler.official\",\"https:\\\/\\\/x.com\\\/dressler\",\"https:\\\/\\\/www.instagram.com\\\/dressler_official\\\/\",\"https:\\\/\\\/www.youtube.com\\\/@dressler_official\",\"https:\\\/\\\/www.linkedin.com\\\/company\\\/dressler-bekleidungswerke-brinkmann-gmbh-&-co-kg\\\/\",\"https:\\\/\\\/pinterest.com\\\/dressler1929\\\/\"],\"description\":\"DRESSLER aus Gro\u00dfostheim in Bayern ist eines der \u00e4ltesten Herrenmodeunternehmen Deutschlands. Das Unternehmen wurde 1929 von seinem Namensgeber Eduard Dresser gegr\u00fcndet und \u00fcber mehr als 75 Jahre als Familienbetrieb gef\u00fchrt, bevor es 2004 in die in Herford ans\u00e4ssige Brinkmann Gruppe integriert wurde. Der Hauptsitz der Dressler Bekleidungswerke Brinkmann GmbH & Co. KG befindet sich weiterhin am historischen Standort nahe Frankfurt am Main. DRESSLER ist im gehobenen Marktsegment der Herrenmode im Stil der modernen Klassik positioniert und bekannt f\u00fcr seine \u00e4u\u00dferst hohen Qualit\u00e4tsstandards in Verarbeitung und Materialauswahl.\",\"email\":\"info@dressler1929.com\",\"telephone\":\"+49 06026 5020\",\"legalName\":\"Dressler Bekleidungswerke Brinkmann GmbH & Co. KG\",\"foundingDate\":\"1929-01-01\",\"vatID\":\"DE813847219\",\"numberOfEmployees\":{\"@type\":\"QuantitativeValue\",\"minValue\":\"11\",\"maxValue\":\"50\"}}]}<\/script>\n<!-- \/ Yoast SEO Premium plugin. -->","yoast_head_json":{"title":"DRESSLER - Made to Measure","description":"Mit der neuen Kollektion zelebriert DRESSLER einen kosmopolitischen Geist, der unsere Herkunft w\u00fcrdigt und den Weg in die Zukunft weist.","robots":{"index":"index","follow":"follow","max-snippet":"max-snippet:-1","max-image-preview":"max-image-preview:large","max-video-preview":"max-video-preview:-1"},"canonical":"https:\/\/dressler1929.com\/en\/made-to-measure\/","og_locale":"en_US","og_type":"article","og_title":"DRESSLER - Made to Measure","og_description":"Mit der neuen Kollektion zelebriert DRESSLER einen kosmopolitischen Geist, der unsere Herkunft w\u00fcrdigt und den Weg in die Zukunft weist.","og_url":"https:\/\/dressler1929.com\/en\/made-to-measure\/","og_site_name":"DRESSLER","article_publisher":"https:\/\/www.facebook.com\/dressler.official","article_modified_time":"2025-07-28T15:12:56+00:00","og_image":[{"width":2560,"height":1707,"url":"https:\/\/dressler1929.com\/wp-content\/uploads\/2025\/07\/dressler-HW25-looks-3x2-F1-web_kam_Anzug-8_1-scaled.jpg","type":"image\/jpeg"}],"twitter_card":"summary_large_image","twitter_site":"@dressler","twitter_misc":{"Est. reading time":"4 minutes"},"schema":{"@context":"https:\/\/schema.org","@graph":[{"@type":"WebPage","@id":"https:\/\/dressler1929.com\/en\/made-to-measure\/","url":"https:\/\/dressler1929.com\/en\/made-to-measure\/","name":"DRESSLER - Made to Measure","isPartOf":{"@id":"https:\/\/dressler1929.com\/en\/#website"},"primaryImageOfPage":{"@id":"https:\/\/dressler1929.com\/en\/made-to-measure\/#primaryimage"},"image":{"@id":"https:\/\/dressler1929.com\/en\/made-to-measure\/#primaryimage"},"thumbnailUrl":"https:\/\/dressler1929.com\/wp-content\/uploads\/2025\/07\/dressler-HW25-looks-3x2-F1-web_kam_Anzug-8_1-scaled.jpg","datePublished":"2023-01-12T23:39:14+00:00","dateModified":"2025-07-28T15:12:56+00:00","description":"Mit der neuen Kollektion zelebriert DRESSLER einen kosmopolitischen Geist, der unsere Herkunft w\u00fcrdigt und den Weg in die Zukunft weist.","breadcrumb":{"@id":"https:\/\/dressler1929.com\/en\/made-to-measure\/#breadcrumb"},"inLanguage":"en-US","potentialAction":[{"@type":"ReadAction","target":["https:\/\/dressler1929.com\/en\/made-to-measure\/"]}]},{"@type":"ImageObject","inLanguage":"en-US","@id":"https:\/\/dressler1929.com\/en\/made-to-measure\/#primaryimage","url":"https:\/\/dressler1929.com\/wp-content\/uploads\/2025\/07\/dressler-HW25-looks-3x2-F1-web_kam_Anzug-8_1-scaled.jpg","contentUrl":"https:\/\/dressler1929.com\/wp-content\/uploads\/2025\/07\/dressler-HW25-looks-3x2-F1-web_kam_Anzug-8_1-scaled.jpg","width":2560,"height":1707},{"@type":"BreadcrumbList","@id":"https:\/\/dressler1929.com\/en\/made-to-measure\/#breadcrumb","itemListElement":[{"@type":"ListItem","position":1,"name":"Startseite","item":"https:\/\/dressler1929.com\/en\/home\/"},{"@type":"ListItem","position":2,"name":"Made to Measure"}]},{"@type":"WebSite","@id":"https:\/\/dressler1929.com\/en\/#website","url":"https:\/\/dressler1929.com\/en\/","name":"DRESSLER","description":"Exclusive menswear","publisher":{"@id":"https:\/\/dressler1929.com\/en\/#organization"},"potentialAction":[{"@type":"SearchAction","target":{"@type":"EntryPoint","urlTemplate":"https:\/\/dressler1929.com\/en\/?s={search_term_string}"},"query-input":{"@type":"PropertyValueSpecification","valueRequired":true,"valueName":"search_term_string"}}],"inLanguage":"en-US"},{"@type":"Organization","@id":"https:\/\/dressler1929.com\/en\/#organization","name":"DRESSLER","url":"https:\/\/dressler1929.com\/en\/","logo":{"@type":"ImageObject","inLanguage":"en-US","@id":"https:\/\/dressler1929.com\/en\/#\/schema\/logo\/image\/","url":"https:\/\/dressler1929.com\/wp-content\/uploads\/2026\/02\/Dressler_Inital_black_vector_final.png","contentUrl":"https:\/\/dressler1929.com\/wp-content\/uploads\/2026\/02\/Dressler_Inital_black_vector_final.png","width":1200,"height":1200,"caption":"DRESSLER"},"image":{"@id":"https:\/\/dressler1929.com\/en\/#\/schema\/logo\/image\/"},"sameAs":["https:\/\/www.facebook.com\/dressler.official","https:\/\/x.com\/dressler","https:\/\/www.instagram.com\/dressler_official\/","https:\/\/www.youtube.com\/@dressler_official","https:\/\/www.linkedin.com\/company\/dressler-bekleidungswerke-brinkmann-gmbh-&-co-kg\/","https:\/\/pinterest.com\/dressler1929\/"],"description":"DRESSLER aus Gro\u00dfostheim in Bayern ist eines der \u00e4ltesten Herrenmodeunternehmen Deutschlands. Das Unternehmen wurde 1929 von seinem Namensgeber Eduard Dresser gegr\u00fcndet und \u00fcber mehr als 75 Jahre als Familienbetrieb gef\u00fchrt, bevor es 2004 in die in Herford ans\u00e4ssige Brinkmann Gruppe integriert wurde. Der Hauptsitz der Dressler Bekleidungswerke Brinkmann GmbH & Co. KG befindet sich weiterhin am historischen Standort nahe Frankfurt am Main. DRESSLER ist im gehobenen Marktsegment der Herrenmode im Stil der modernen Klassik positioniert und bekannt f\u00fcr seine \u00e4u\u00dferst hohen Qualit\u00e4tsstandards in Verarbeitung und Materialauswahl.","email":"info@dressler1929.com","telephone":"+49 06026 5020","legalName":"Dressler Bekleidungswerke Brinkmann GmbH & Co. KG","foundingDate":"1929-01-01","vatID":"DE813847219","numberOfEmployees":{"@type":"QuantitativeValue","minValue":"11","maxValue":"50"}}]}},"_links":{"self":[{"href":"https:\/\/dressler1929.com\/en\/wp-json\/wp\/v2\/pages\/878","targetHints":{"allow":["GET"]}}],"collection":[{"href":"https:\/\/dressler1929.com\/en\/wp-json\/wp\/v2\/pages"}],"about":[{"href":"https:\/\/dressler1929.com\/en\/wp-json\/wp\/v2\/types\/page"}],"author":[{"embeddable":true,"href":"https:\/\/dressler1929.com\/en\/wp-json\/wp\/v2\/users\/1"}],"replies":[{"embeddable":true,"href":"https:\/\/dressler1929.com\/en\/wp-json\/wp\/v2\/comments?post=878"}],"version-history":[{"count":42,"href":"https:\/\/dressler1929.com\/en\/wp-json\/wp\/v2\/pages\/878\/revisions"}],"predecessor-version":[{"id":10382,"href":"https:\/\/dressler1929.com\/en\/wp-json\/wp\/v2\/pages\/878\/revisions\/10382"}],"wp:featuredmedia":[{"embeddable":true,"href":"https:\/\/dressler1929.com\/en\/wp-json\/wp\/v2\/media\/10020"}],"wp:attachment":[{"href":"https:\/\/dressler1929.com\/en\/wp-json\/wp\/v2\/media?parent=878"}],"wp:term":[{"taxonomy":"kollektion","embeddable":true,"href":"https:\/\/dressler1929.com\/en\/wp-json\/wp\/v2\/kollektion?post=878"}],"curies":[{"name":"wp","href":"https:\/\/api.w.org\/{rel}","templated":true}]}}