{"id":10412,"date":"2025-07-13T01:21:34","date_gmt":"2025-07-12T23:21:34","guid":{"rendered":"https:\/\/dressler1929.com\/produkte\/uncategorized\/jacket-in-grey-with-check-pattern\/"},"modified":"2025-07-30T18:15:02","modified_gmt":"2025-07-30T16:15:02","slug":"121300-24106-12-jacket-in-grey-with-check-pattern","status":"publish","type":"product","link":"https:\/\/dressler1929.com\/en\/products\/jacket\/121300-24106-12-jacket-in-grey-with-check-pattern\/","title":{"rendered":"Jacket in grey with check pattern"},"content":{"rendered":"","protected":false},"excerpt":{"rendered":"<p>The jacket is made from high-quality wool and cotton with a cashmere and silk content for an extra soft feel.<\/p>\n<h6>Details<\/h6>\n<ul>\n<li>high quality wool-cotton blend with cashmere and silk, extra soft touch<\/li>\n<li>regular fit, figur hugging<\/li>\n<li>unconstructed, very light wearing comfort <\/li>\n<li>single-breasted, three-button<\/li>\n<li>turn-down collar <\/li>\n<li>unlined<\/li>\n<li>two short hem slits<\/li>\n<li>cuffs with kissing buttons<\/li>\n<li>two patch pockets<\/li>\n<li>welt pocket at chest height<\/li>\n<li>two inside pockets with button fastening<\/li>\n<\/ul>\n","protected":false},"featured_media":9833,"template":"","meta":{"inline_featured_image":false},"product_brand":[],"product_cat":[43],"product_tag":[],"kollektion":[83],"class_list":{"0":"post-10412","1":"product","2":"type-product","3":"status-publish","4":"has-post-thumbnail","6":"product_cat-jacket","7":"kollektion-autumn-winter-2025","9":"first","10":"instock","11":"shipping-taxable","12":"product-type-external"},"yoast_head":"<!-- This site is optimized with the Yoast SEO Premium plugin v27.3 (Yoast SEO v27.3) - https:\/\/yoast.com\/product\/yoast-seo-premium-wordpress\/ -->\n<title>DRESSLER - Jacket in grey with check pattern<\/title>\n<meta name=\"description\" content=\"Jacket in grey with check pattern: The jacket is made from high-quality wool and cotton with a cashmere and silk content for an extra soft feel. Details   high quality wool-cotton blend with cashmere and silk, extra soft touch  regular fit, figur hugging  unconstructed, very light wearing comfort   single-breasted, three-button  turn-down collar   unlined  two short hem slits  cuffs with kissing buttons  two patch pockets  welt pocket at chest height  two inside pockets with button fastening\" \/>\n<meta name=\"robots\" content=\"index, follow, max-snippet:-1, max-image-preview:large, max-video-preview:-1\" \/>\n<link rel=\"canonical\" href=\"https:\/\/dressler1929.com\/en\/products\/jacket\/121300-24106-12-jacket-in-grey-with-check-pattern\/\" \/>\n<meta property=\"og:locale\" content=\"en_US\" \/>\n<meta property=\"og:type\" content=\"article\" \/>\n<meta property=\"og:title\" content=\"DRESSLER - Jacket in grey with check pattern\" \/>\n<meta property=\"og:description\" content=\"Jacket in grey with check pattern: The jacket is made from high-quality wool and cotton with a cashmere and silk content for an extra soft feel. Details   high quality wool-cotton blend with cashmere and silk, extra soft touch  regular fit, figur hugging  unconstructed, very light wearing comfort   single-breasted, three-button  turn-down collar   unlined  two short hem slits  cuffs with kissing buttons  two patch pockets  welt pocket at chest height  two inside pockets with button fastening\" \/>\n<meta property=\"og:url\" content=\"https:\/\/dressler1929.com\/en\/products\/jacket\/121300-24106-12-jacket-in-grey-with-check-pattern\/\" \/>\n<meta property=\"og:site_name\" content=\"DRESSLER\" \/>\n<meta property=\"article:publisher\" content=\"https:\/\/www.facebook.com\/dressler.official\" \/>\n<meta property=\"article:modified_time\" content=\"2025-07-30T16:15:02+00:00\" \/>\n<meta property=\"og:image\" content=\"https:\/\/dressler1929.com\/wp-content\/uploads\/2025\/07\/edr_121300_24106_12_f-web-scaled.jpg\" \/>\n\t<meta property=\"og:image:width\" content=\"1707\" \/>\n\t<meta property=\"og:image:height\" content=\"2560\" \/>\n\t<meta property=\"og:image:type\" content=\"image\/jpeg\" \/>\n<meta name=\"twitter:card\" content=\"summary_large_image\" \/>\n<meta name=\"twitter:site\" content=\"@dressler\" \/>\n<meta name=\"twitter:label1\" content=\"Est. reading time\" \/>\n\t<meta name=\"twitter:data1\" content=\"1 minute\" \/>\n<script type=\"application\/ld+json\" class=\"yoast-schema-graph\">{\"@context\":\"https:\\\/\\\/schema.org\",\"@graph\":[{\"@type\":\"WebPage\",\"@id\":\"https:\\\/\\\/dressler1929.com\\\/en\\\/products\\\/jacket\\\/121300-24106-12-jacket-in-grey-with-check-pattern\\\/\",\"url\":\"https:\\\/\\\/dressler1929.com\\\/en\\\/products\\\/jacket\\\/121300-24106-12-jacket-in-grey-with-check-pattern\\\/\",\"name\":\"DRESSLER - Jacket in grey with check pattern\",\"isPartOf\":{\"@id\":\"https:\\\/\\\/dressler1929.com\\\/en\\\/#website\"},\"primaryImageOfPage\":{\"@id\":\"https:\\\/\\\/dressler1929.com\\\/en\\\/products\\\/jacket\\\/121300-24106-12-jacket-in-grey-with-check-pattern\\\/#primaryimage\"},\"image\":{\"@id\":\"https:\\\/\\\/dressler1929.com\\\/en\\\/products\\\/jacket\\\/121300-24106-12-jacket-in-grey-with-check-pattern\\\/#primaryimage\"},\"thumbnailUrl\":\"https:\\\/\\\/dressler1929.com\\\/wp-content\\\/uploads\\\/2025\\\/07\\\/edr_121300_24106_12_f-web-scaled.jpg\",\"datePublished\":\"2025-07-12T23:21:34+00:00\",\"dateModified\":\"2025-07-30T16:15:02+00:00\",\"description\":\"Jacket in grey with check pattern: The jacket is made from high-quality wool and cotton with a cashmere and silk content for an extra soft feel. Details high quality wool-cotton blend with cashmere and silk, extra soft touch regular fit, figur hugging unconstructed, very light wearing comfort single-breasted, three-button turn-down collar unlined two short hem slits cuffs with kissing buttons two patch pockets welt pocket at chest height two inside pockets with button fastening\",\"breadcrumb\":{\"@id\":\"https:\\\/\\\/dressler1929.com\\\/en\\\/products\\\/jacket\\\/121300-24106-12-jacket-in-grey-with-check-pattern\\\/#breadcrumb\"},\"inLanguage\":\"en-US\",\"potentialAction\":[{\"@type\":\"ReadAction\",\"target\":[\"https:\\\/\\\/dressler1929.com\\\/en\\\/products\\\/jacket\\\/121300-24106-12-jacket-in-grey-with-check-pattern\\\/\"]}]},{\"@type\":\"ImageObject\",\"inLanguage\":\"en-US\",\"@id\":\"https:\\\/\\\/dressler1929.com\\\/en\\\/products\\\/jacket\\\/121300-24106-12-jacket-in-grey-with-check-pattern\\\/#primaryimage\",\"url\":\"https:\\\/\\\/dressler1929.com\\\/wp-content\\\/uploads\\\/2025\\\/07\\\/edr_121300_24106_12_f-web-scaled.jpg\",\"contentUrl\":\"https:\\\/\\\/dressler1929.com\\\/wp-content\\\/uploads\\\/2025\\\/07\\\/edr_121300_24106_12_f-web-scaled.jpg\",\"width\":1707,\"height\":2560},{\"@type\":\"BreadcrumbList\",\"@id\":\"https:\\\/\\\/dressler1929.com\\\/en\\\/products\\\/jacket\\\/121300-24106-12-jacket-in-grey-with-check-pattern\\\/#breadcrumb\",\"itemListElement\":[{\"@type\":\"ListItem\",\"position\":1,\"name\":\"Startseite\",\"item\":\"https:\\\/\\\/dressler1929.com\\\/en\\\/home\\\/\"},{\"@type\":\"ListItem\",\"position\":2,\"name\":\"Products\",\"item\":\"https:\\\/\\\/dressler1929.com\\\/en\\\/products\\\/\"},{\"@type\":\"ListItem\",\"position\":3,\"name\":\"Jacket in grey with check pattern\"}]},{\"@type\":\"WebSite\",\"@id\":\"https:\\\/\\\/dressler1929.com\\\/en\\\/#website\",\"url\":\"https:\\\/\\\/dressler1929.com\\\/en\\\/\",\"name\":\"DRESSLER\",\"description\":\"Exclusive menswear\",\"publisher\":{\"@id\":\"https:\\\/\\\/dressler1929.com\\\/en\\\/#organization\"},\"potentialAction\":[{\"@type\":\"SearchAction\",\"target\":{\"@type\":\"EntryPoint\",\"urlTemplate\":\"https:\\\/\\\/dressler1929.com\\\/en\\\/?s={search_term_string}\"},\"query-input\":{\"@type\":\"PropertyValueSpecification\",\"valueRequired\":true,\"valueName\":\"search_term_string\"}}],\"inLanguage\":\"en-US\"},{\"@type\":\"Organization\",\"@id\":\"https:\\\/\\\/dressler1929.com\\\/en\\\/#organization\",\"name\":\"DRESSLER\",\"url\":\"https:\\\/\\\/dressler1929.com\\\/en\\\/\",\"logo\":{\"@type\":\"ImageObject\",\"inLanguage\":\"en-US\",\"@id\":\"https:\\\/\\\/dressler1929.com\\\/en\\\/#\\\/schema\\\/logo\\\/image\\\/\",\"url\":\"https:\\\/\\\/dressler1929.com\\\/wp-content\\\/uploads\\\/2026\\\/02\\\/Dressler_Inital_black_vector_final.png\",\"contentUrl\":\"https:\\\/\\\/dressler1929.com\\\/wp-content\\\/uploads\\\/2026\\\/02\\\/Dressler_Inital_black_vector_final.png\",\"width\":1200,\"height\":1200,\"caption\":\"DRESSLER\"},\"image\":{\"@id\":\"https:\\\/\\\/dressler1929.com\\\/en\\\/#\\\/schema\\\/logo\\\/image\\\/\"},\"sameAs\":[\"https:\\\/\\\/www.facebook.com\\\/dressler.official\",\"https:\\\/\\\/x.com\\\/dressler\",\"https:\\\/\\\/www.instagram.com\\\/dressler_official\\\/\",\"https:\\\/\\\/www.youtube.com\\\/@dressler_official\",\"https:\\\/\\\/www.linkedin.com\\\/company\\\/dressler-bekleidungswerke-brinkmann-gmbh-&-co-kg\\\/\",\"https:\\\/\\\/pinterest.com\\\/dressler1929\\\/\"],\"description\":\"DRESSLER aus Gro\u00dfostheim in Bayern ist eines der \u00e4ltesten Herrenmodeunternehmen Deutschlands. Das Unternehmen wurde 1929 von seinem Namensgeber Eduard Dresser gegr\u00fcndet und \u00fcber mehr als 75 Jahre als Familienbetrieb gef\u00fchrt, bevor es 2004 in die in Herford ans\u00e4ssige Brinkmann Gruppe integriert wurde. Der Hauptsitz der Dressler Bekleidungswerke Brinkmann GmbH & Co. KG befindet sich weiterhin am historischen Standort nahe Frankfurt am Main. DRESSLER ist im gehobenen Marktsegment der Herrenmode im Stil der modernen Klassik positioniert und bekannt f\u00fcr seine \u00e4u\u00dferst hohen Qualit\u00e4tsstandards in Verarbeitung und Materialauswahl.\",\"email\":\"info@dressler1929.com\",\"telephone\":\"+49 06026 5020\",\"legalName\":\"Dressler Bekleidungswerke Brinkmann GmbH & Co. KG\",\"foundingDate\":\"1929-01-01\",\"vatID\":\"DE813847219\",\"numberOfEmployees\":{\"@type\":\"QuantitativeValue\",\"minValue\":\"11\",\"maxValue\":\"50\"}}]}<\/script>\n<!-- \/ Yoast SEO Premium plugin. -->","yoast_head_json":{"title":"DRESSLER - Jacket in grey with check pattern","description":"Jacket in grey with check pattern: The jacket is made from high-quality wool and cotton with a cashmere and silk content for an extra soft feel. Details   high quality wool-cotton blend with cashmere and silk, extra soft touch  regular fit, figur hugging  unconstructed, very light wearing comfort   single-breasted, three-button  turn-down collar   unlined  two short hem slits  cuffs with kissing buttons  two patch pockets  welt pocket at chest height  two inside pockets with button fastening","robots":{"index":"index","follow":"follow","max-snippet":"max-snippet:-1","max-image-preview":"max-image-preview:large","max-video-preview":"max-video-preview:-1"},"canonical":"https:\/\/dressler1929.com\/en\/products\/jacket\/121300-24106-12-jacket-in-grey-with-check-pattern\/","og_locale":"en_US","og_type":"article","og_title":"DRESSLER - Jacket in grey with check pattern","og_description":"Jacket in grey with check pattern: The jacket is made from high-quality wool and cotton with a cashmere and silk content for an extra soft feel. Details   high quality wool-cotton blend with cashmere and silk, extra soft touch  regular fit, figur hugging  unconstructed, very light wearing comfort   single-breasted, three-button  turn-down collar   unlined  two short hem slits  cuffs with kissing buttons  two patch pockets  welt pocket at chest height  two inside pockets with button fastening","og_url":"https:\/\/dressler1929.com\/en\/products\/jacket\/121300-24106-12-jacket-in-grey-with-check-pattern\/","og_site_name":"DRESSLER","article_publisher":"https:\/\/www.facebook.com\/dressler.official","article_modified_time":"2025-07-30T16:15:02+00:00","og_image":[{"width":1707,"height":2560,"url":"https:\/\/dressler1929.com\/wp-content\/uploads\/2025\/07\/edr_121300_24106_12_f-web-scaled.jpg","type":"image\/jpeg"}],"twitter_card":"summary_large_image","twitter_site":"@dressler","twitter_misc":{"Est. reading time":"1 minute"},"schema":{"@context":"https:\/\/schema.org","@graph":[{"@type":"WebPage","@id":"https:\/\/dressler1929.com\/en\/products\/jacket\/121300-24106-12-jacket-in-grey-with-check-pattern\/","url":"https:\/\/dressler1929.com\/en\/products\/jacket\/121300-24106-12-jacket-in-grey-with-check-pattern\/","name":"DRESSLER - Jacket in grey with check pattern","isPartOf":{"@id":"https:\/\/dressler1929.com\/en\/#website"},"primaryImageOfPage":{"@id":"https:\/\/dressler1929.com\/en\/products\/jacket\/121300-24106-12-jacket-in-grey-with-check-pattern\/#primaryimage"},"image":{"@id":"https:\/\/dressler1929.com\/en\/products\/jacket\/121300-24106-12-jacket-in-grey-with-check-pattern\/#primaryimage"},"thumbnailUrl":"https:\/\/dressler1929.com\/wp-content\/uploads\/2025\/07\/edr_121300_24106_12_f-web-scaled.jpg","datePublished":"2025-07-12T23:21:34+00:00","dateModified":"2025-07-30T16:15:02+00:00","description":"Jacket in grey with check pattern: The jacket is made from high-quality wool and cotton with a cashmere and silk content for an extra soft feel. Details high quality wool-cotton blend with cashmere and silk, extra soft touch regular fit, figur hugging unconstructed, very light wearing comfort single-breasted, three-button turn-down collar unlined two short hem slits cuffs with kissing buttons two patch pockets welt pocket at chest height two inside pockets with button fastening","breadcrumb":{"@id":"https:\/\/dressler1929.com\/en\/products\/jacket\/121300-24106-12-jacket-in-grey-with-check-pattern\/#breadcrumb"},"inLanguage":"en-US","potentialAction":[{"@type":"ReadAction","target":["https:\/\/dressler1929.com\/en\/products\/jacket\/121300-24106-12-jacket-in-grey-with-check-pattern\/"]}]},{"@type":"ImageObject","inLanguage":"en-US","@id":"https:\/\/dressler1929.com\/en\/products\/jacket\/121300-24106-12-jacket-in-grey-with-check-pattern\/#primaryimage","url":"https:\/\/dressler1929.com\/wp-content\/uploads\/2025\/07\/edr_121300_24106_12_f-web-scaled.jpg","contentUrl":"https:\/\/dressler1929.com\/wp-content\/uploads\/2025\/07\/edr_121300_24106_12_f-web-scaled.jpg","width":1707,"height":2560},{"@type":"BreadcrumbList","@id":"https:\/\/dressler1929.com\/en\/products\/jacket\/121300-24106-12-jacket-in-grey-with-check-pattern\/#breadcrumb","itemListElement":[{"@type":"ListItem","position":1,"name":"Startseite","item":"https:\/\/dressler1929.com\/en\/home\/"},{"@type":"ListItem","position":2,"name":"Products","item":"https:\/\/dressler1929.com\/en\/products\/"},{"@type":"ListItem","position":3,"name":"Jacket in grey with check pattern"}]},{"@type":"WebSite","@id":"https:\/\/dressler1929.com\/en\/#website","url":"https:\/\/dressler1929.com\/en\/","name":"DRESSLER","description":"Exclusive menswear","publisher":{"@id":"https:\/\/dressler1929.com\/en\/#organization"},"potentialAction":[{"@type":"SearchAction","target":{"@type":"EntryPoint","urlTemplate":"https:\/\/dressler1929.com\/en\/?s={search_term_string}"},"query-input":{"@type":"PropertyValueSpecification","valueRequired":true,"valueName":"search_term_string"}}],"inLanguage":"en-US"},{"@type":"Organization","@id":"https:\/\/dressler1929.com\/en\/#organization","name":"DRESSLER","url":"https:\/\/dressler1929.com\/en\/","logo":{"@type":"ImageObject","inLanguage":"en-US","@id":"https:\/\/dressler1929.com\/en\/#\/schema\/logo\/image\/","url":"https:\/\/dressler1929.com\/wp-content\/uploads\/2026\/02\/Dressler_Inital_black_vector_final.png","contentUrl":"https:\/\/dressler1929.com\/wp-content\/uploads\/2026\/02\/Dressler_Inital_black_vector_final.png","width":1200,"height":1200,"caption":"DRESSLER"},"image":{"@id":"https:\/\/dressler1929.com\/en\/#\/schema\/logo\/image\/"},"sameAs":["https:\/\/www.facebook.com\/dressler.official","https:\/\/x.com\/dressler","https:\/\/www.instagram.com\/dressler_official\/","https:\/\/www.youtube.com\/@dressler_official","https:\/\/www.linkedin.com\/company\/dressler-bekleidungswerke-brinkmann-gmbh-&-co-kg\/","https:\/\/pinterest.com\/dressler1929\/"],"description":"DRESSLER aus Gro\u00dfostheim in Bayern ist eines der \u00e4ltesten Herrenmodeunternehmen Deutschlands. Das Unternehmen wurde 1929 von seinem Namensgeber Eduard Dresser gegr\u00fcndet und \u00fcber mehr als 75 Jahre als Familienbetrieb gef\u00fchrt, bevor es 2004 in die in Herford ans\u00e4ssige Brinkmann Gruppe integriert wurde. Der Hauptsitz der Dressler Bekleidungswerke Brinkmann GmbH & Co. KG befindet sich weiterhin am historischen Standort nahe Frankfurt am Main. DRESSLER ist im gehobenen Marktsegment der Herrenmode im Stil der modernen Klassik positioniert und bekannt f\u00fcr seine \u00e4u\u00dferst hohen Qualit\u00e4tsstandards in Verarbeitung und Materialauswahl.","email":"info@dressler1929.com","telephone":"+49 06026 5020","legalName":"Dressler Bekleidungswerke Brinkmann GmbH & Co. KG","foundingDate":"1929-01-01","vatID":"DE813847219","numberOfEmployees":{"@type":"QuantitativeValue","minValue":"11","maxValue":"50"}}]}},"_links":{"self":[{"href":"https:\/\/dressler1929.com\/en\/wp-json\/wp\/v2\/product\/10412","targetHints":{"allow":["GET"]}}],"collection":[{"href":"https:\/\/dressler1929.com\/en\/wp-json\/wp\/v2\/product"}],"about":[{"href":"https:\/\/dressler1929.com\/en\/wp-json\/wp\/v2\/types\/product"}],"wp:featuredmedia":[{"embeddable":true,"href":"https:\/\/dressler1929.com\/en\/wp-json\/wp\/v2\/media\/9833"}],"wp:attachment":[{"href":"https:\/\/dressler1929.com\/en\/wp-json\/wp\/v2\/media?parent=10412"}],"wp:term":[{"taxonomy":"product_brand","embeddable":true,"href":"https:\/\/dressler1929.com\/en\/wp-json\/wp\/v2\/product_brand?post=10412"},{"taxonomy":"product_cat","embeddable":true,"href":"https:\/\/dressler1929.com\/en\/wp-json\/wp\/v2\/product_cat?post=10412"},{"taxonomy":"product_tag","embeddable":true,"href":"https:\/\/dressler1929.com\/en\/wp-json\/wp\/v2\/product_tag?post=10412"},{"taxonomy":"kollektion","embeddable":true,"href":"https:\/\/dressler1929.com\/en\/wp-json\/wp\/v2\/kollektion?post=10412"}],"curies":[{"name":"wp","href":"https:\/\/api.w.org\/{rel}","templated":true}]}}