{"id":10448,"date":"2025-07-28T12:32:44","date_gmt":"2025-07-28T10:32:44","guid":{"rendered":"https:\/\/dressler1929.com\/produkte\/uncategorized\/knitted-pullover-with-collar-in-dark-green\/"},"modified":"2025-09-29T18:29:08","modified_gmt":"2025-09-29T16:29:08","slug":"su11-d4424-67-knitted-pullover-with-collar-in-dark-green","status":"publish","type":"product","link":"https:\/\/dressler1929.com\/en\/products\/pullover\/su11-d4424-67-knitted-pullover-with-collar-in-dark-green\/","title":{"rendered":"Knitted pullover with collar in dark green"},"content":{"rendered":"","protected":false},"excerpt":{"rendered":"<p>The pullover made of high-quality Merino extrafine wool offers a pleasant feel.<\/p>\n<h6>Details<\/h6>\n<ul>\n<li>high quality merino extrafine wool, fine touch<\/li>\n<li>regular fit<\/li>\n<li>stand-up collar<\/li>\n<li>long sleeve<\/li>\n<li>with high-quality seam finishing<\/li>\n<li>comfortable ribbed cuff<\/li>\n<li>very fine knitting pattern<\/li>\n<li>made in Italy<\/li>\n<\/ul>\n","protected":false},"featured_media":9889,"template":"","meta":{"inline_featured_image":false},"product_brand":[],"product_cat":[80,84],"product_tag":[],"kollektion":[83,82],"class_list":{"0":"post-10448","1":"product","2":"type-product","3":"status-publish","4":"has-post-thumbnail","6":"product_cat-pullover","7":"product_cat-pullover-en","8":"kollektion-autumn-winter-2025","9":"kollektion-herbst-winter-2025","11":"first","12":"instock","13":"shipping-taxable","14":"product-type-external"},"yoast_head":"<!-- This site is optimized with the Yoast SEO Premium plugin v27.3 (Yoast SEO v27.3) - https:\/\/yoast.com\/product\/yoast-seo-premium-wordpress\/ -->\n<title>DRESSLER - Knitted pullover with collar in dark green<\/title>\n<meta name=\"description\" content=\"Knitted pullover with collar in dark green: The pullover made of high-quality Merino extrafine wool offers a pleasant feel. Details   high quality merino extrafine wool, fine touch  regular fit  stand-up collar  long sleeve  with high-quality seam finishing  comfortable ribbed cuff  very fine knitting pattern  made in Italy\" \/>\n<meta name=\"robots\" content=\"index, follow, max-snippet:-1, max-image-preview:large, max-video-preview:-1\" \/>\n<link rel=\"canonical\" href=\"https:\/\/dressler1929.com\/en\/products\/pullover\/su11-d4424-67-knitted-pullover-with-collar-in-dark-green\/\" \/>\n<meta property=\"og:locale\" content=\"en_US\" \/>\n<meta property=\"og:type\" content=\"article\" \/>\n<meta property=\"og:title\" content=\"DRESSLER - Knitted pullover with collar in dark green\" \/>\n<meta property=\"og:description\" content=\"Knitted pullover with collar in dark green: The pullover made of high-quality Merino extrafine wool offers a pleasant feel. Details   high quality merino extrafine wool, fine touch  regular fit  stand-up collar  long sleeve  with high-quality seam finishing  comfortable ribbed cuff  very fine knitting pattern  made in Italy\" \/>\n<meta property=\"og:url\" content=\"https:\/\/dressler1929.com\/en\/products\/pullover\/su11-d4424-67-knitted-pullover-with-collar-in-dark-green\/\" \/>\n<meta property=\"og:site_name\" content=\"DRESSLER\" \/>\n<meta property=\"article:publisher\" content=\"https:\/\/www.facebook.com\/dressler.official\" \/>\n<meta property=\"article:modified_time\" content=\"2025-09-29T16:29:08+00:00\" \/>\n<meta property=\"og:image\" content=\"https:\/\/dressler1929.com\/wp-content\/uploads\/2025\/07\/edr_SU11_D4424_67_f-web-scaled.jpg\" \/>\n\t<meta property=\"og:image:width\" content=\"1707\" \/>\n\t<meta property=\"og:image:height\" content=\"2560\" \/>\n\t<meta property=\"og:image:type\" content=\"image\/jpeg\" \/>\n<meta name=\"twitter:card\" content=\"summary_large_image\" \/>\n<meta name=\"twitter:site\" content=\"@dressler\" \/>\n<meta name=\"twitter:label1\" content=\"Est. reading time\" \/>\n\t<meta name=\"twitter:data1\" content=\"1 minute\" \/>\n<script type=\"application\/ld+json\" class=\"yoast-schema-graph\">{\"@context\":\"https:\\\/\\\/schema.org\",\"@graph\":[{\"@type\":\"WebPage\",\"@id\":\"https:\\\/\\\/dressler1929.com\\\/en\\\/products\\\/pullover\\\/su11-d4424-67-knitted-pullover-with-collar-in-dark-green\\\/\",\"url\":\"https:\\\/\\\/dressler1929.com\\\/en\\\/products\\\/pullover\\\/su11-d4424-67-knitted-pullover-with-collar-in-dark-green\\\/\",\"name\":\"DRESSLER - Knitted pullover with collar in dark green\",\"isPartOf\":{\"@id\":\"https:\\\/\\\/dressler1929.com\\\/en\\\/#website\"},\"primaryImageOfPage\":{\"@id\":\"https:\\\/\\\/dressler1929.com\\\/en\\\/products\\\/pullover\\\/su11-d4424-67-knitted-pullover-with-collar-in-dark-green\\\/#primaryimage\"},\"image\":{\"@id\":\"https:\\\/\\\/dressler1929.com\\\/en\\\/products\\\/pullover\\\/su11-d4424-67-knitted-pullover-with-collar-in-dark-green\\\/#primaryimage\"},\"thumbnailUrl\":\"https:\\\/\\\/dressler1929.com\\\/wp-content\\\/uploads\\\/2025\\\/07\\\/edr_SU11_D4424_67_f-web-scaled.jpg\",\"datePublished\":\"2025-07-28T10:32:44+00:00\",\"dateModified\":\"2025-09-29T16:29:08+00:00\",\"description\":\"Knitted pullover with collar in dark green: The pullover made of high-quality Merino extrafine wool offers a pleasant feel. Details high quality merino extrafine wool, fine touch regular fit stand-up collar long sleeve with high-quality seam finishing comfortable ribbed cuff very fine knitting pattern made in Italy\",\"breadcrumb\":{\"@id\":\"https:\\\/\\\/dressler1929.com\\\/en\\\/products\\\/pullover\\\/su11-d4424-67-knitted-pullover-with-collar-in-dark-green\\\/#breadcrumb\"},\"inLanguage\":\"en-US\",\"potentialAction\":[{\"@type\":\"ReadAction\",\"target\":[\"https:\\\/\\\/dressler1929.com\\\/en\\\/products\\\/pullover\\\/su11-d4424-67-knitted-pullover-with-collar-in-dark-green\\\/\"]}]},{\"@type\":\"ImageObject\",\"inLanguage\":\"en-US\",\"@id\":\"https:\\\/\\\/dressler1929.com\\\/en\\\/products\\\/pullover\\\/su11-d4424-67-knitted-pullover-with-collar-in-dark-green\\\/#primaryimage\",\"url\":\"https:\\\/\\\/dressler1929.com\\\/wp-content\\\/uploads\\\/2025\\\/07\\\/edr_SU11_D4424_67_f-web-scaled.jpg\",\"contentUrl\":\"https:\\\/\\\/dressler1929.com\\\/wp-content\\\/uploads\\\/2025\\\/07\\\/edr_SU11_D4424_67_f-web-scaled.jpg\",\"width\":1707,\"height\":2560},{\"@type\":\"BreadcrumbList\",\"@id\":\"https:\\\/\\\/dressler1929.com\\\/en\\\/products\\\/pullover\\\/su11-d4424-67-knitted-pullover-with-collar-in-dark-green\\\/#breadcrumb\",\"itemListElement\":[{\"@type\":\"ListItem\",\"position\":1,\"name\":\"Startseite\",\"item\":\"https:\\\/\\\/dressler1929.com\\\/en\\\/home\\\/\"},{\"@type\":\"ListItem\",\"position\":2,\"name\":\"Products\",\"item\":\"https:\\\/\\\/dressler1929.com\\\/en\\\/products\\\/\"},{\"@type\":\"ListItem\",\"position\":3,\"name\":\"Knitted pullover with collar in dark green\"}]},{\"@type\":\"WebSite\",\"@id\":\"https:\\\/\\\/dressler1929.com\\\/en\\\/#website\",\"url\":\"https:\\\/\\\/dressler1929.com\\\/en\\\/\",\"name\":\"DRESSLER\",\"description\":\"Exclusive menswear\",\"publisher\":{\"@id\":\"https:\\\/\\\/dressler1929.com\\\/en\\\/#organization\"},\"potentialAction\":[{\"@type\":\"SearchAction\",\"target\":{\"@type\":\"EntryPoint\",\"urlTemplate\":\"https:\\\/\\\/dressler1929.com\\\/en\\\/?s={search_term_string}\"},\"query-input\":{\"@type\":\"PropertyValueSpecification\",\"valueRequired\":true,\"valueName\":\"search_term_string\"}}],\"inLanguage\":\"en-US\"},{\"@type\":\"Organization\",\"@id\":\"https:\\\/\\\/dressler1929.com\\\/en\\\/#organization\",\"name\":\"DRESSLER\",\"url\":\"https:\\\/\\\/dressler1929.com\\\/en\\\/\",\"logo\":{\"@type\":\"ImageObject\",\"inLanguage\":\"en-US\",\"@id\":\"https:\\\/\\\/dressler1929.com\\\/en\\\/#\\\/schema\\\/logo\\\/image\\\/\",\"url\":\"https:\\\/\\\/dressler1929.com\\\/wp-content\\\/uploads\\\/2026\\\/02\\\/Dressler_Inital_black_vector_final.png\",\"contentUrl\":\"https:\\\/\\\/dressler1929.com\\\/wp-content\\\/uploads\\\/2026\\\/02\\\/Dressler_Inital_black_vector_final.png\",\"width\":1200,\"height\":1200,\"caption\":\"DRESSLER\"},\"image\":{\"@id\":\"https:\\\/\\\/dressler1929.com\\\/en\\\/#\\\/schema\\\/logo\\\/image\\\/\"},\"sameAs\":[\"https:\\\/\\\/www.facebook.com\\\/dressler.official\",\"https:\\\/\\\/x.com\\\/dressler\",\"https:\\\/\\\/www.instagram.com\\\/dressler_official\\\/\",\"https:\\\/\\\/www.youtube.com\\\/@dressler_official\",\"https:\\\/\\\/www.linkedin.com\\\/company\\\/dressler-bekleidungswerke-brinkmann-gmbh-&-co-kg\\\/\",\"https:\\\/\\\/pinterest.com\\\/dressler1929\\\/\"],\"description\":\"DRESSLER aus Gro\u00dfostheim in Bayern ist eines der \u00e4ltesten Herrenmodeunternehmen Deutschlands. Das Unternehmen wurde 1929 von seinem Namensgeber Eduard Dresser gegr\u00fcndet und \u00fcber mehr als 75 Jahre als Familienbetrieb gef\u00fchrt, bevor es 2004 in die in Herford ans\u00e4ssige Brinkmann Gruppe integriert wurde. Der Hauptsitz der Dressler Bekleidungswerke Brinkmann GmbH & Co. KG befindet sich weiterhin am historischen Standort nahe Frankfurt am Main. DRESSLER ist im gehobenen Marktsegment der Herrenmode im Stil der modernen Klassik positioniert und bekannt f\u00fcr seine \u00e4u\u00dferst hohen Qualit\u00e4tsstandards in Verarbeitung und Materialauswahl.\",\"email\":\"info@dressler1929.com\",\"telephone\":\"+49 06026 5020\",\"legalName\":\"Dressler Bekleidungswerke Brinkmann GmbH & Co. KG\",\"foundingDate\":\"1929-01-01\",\"vatID\":\"DE813847219\",\"numberOfEmployees\":{\"@type\":\"QuantitativeValue\",\"minValue\":\"11\",\"maxValue\":\"50\"}}]}<\/script>\n<!-- \/ Yoast SEO Premium plugin. -->","yoast_head_json":{"title":"DRESSLER - Knitted pullover with collar in dark green","description":"Knitted pullover with collar in dark green: The pullover made of high-quality Merino extrafine wool offers a pleasant feel. Details   high quality merino extrafine wool, fine touch  regular fit  stand-up collar  long sleeve  with high-quality seam finishing  comfortable ribbed cuff  very fine knitting pattern  made in Italy","robots":{"index":"index","follow":"follow","max-snippet":"max-snippet:-1","max-image-preview":"max-image-preview:large","max-video-preview":"max-video-preview:-1"},"canonical":"https:\/\/dressler1929.com\/en\/products\/pullover\/su11-d4424-67-knitted-pullover-with-collar-in-dark-green\/","og_locale":"en_US","og_type":"article","og_title":"DRESSLER - Knitted pullover with collar in dark green","og_description":"Knitted pullover with collar in dark green: The pullover made of high-quality Merino extrafine wool offers a pleasant feel. Details   high quality merino extrafine wool, fine touch  regular fit  stand-up collar  long sleeve  with high-quality seam finishing  comfortable ribbed cuff  very fine knitting pattern  made in Italy","og_url":"https:\/\/dressler1929.com\/en\/products\/pullover\/su11-d4424-67-knitted-pullover-with-collar-in-dark-green\/","og_site_name":"DRESSLER","article_publisher":"https:\/\/www.facebook.com\/dressler.official","article_modified_time":"2025-09-29T16:29:08+00:00","og_image":[{"width":1707,"height":2560,"url":"https:\/\/dressler1929.com\/wp-content\/uploads\/2025\/07\/edr_SU11_D4424_67_f-web-scaled.jpg","type":"image\/jpeg"}],"twitter_card":"summary_large_image","twitter_site":"@dressler","twitter_misc":{"Est. reading time":"1 minute"},"schema":{"@context":"https:\/\/schema.org","@graph":[{"@type":"WebPage","@id":"https:\/\/dressler1929.com\/en\/products\/pullover\/su11-d4424-67-knitted-pullover-with-collar-in-dark-green\/","url":"https:\/\/dressler1929.com\/en\/products\/pullover\/su11-d4424-67-knitted-pullover-with-collar-in-dark-green\/","name":"DRESSLER - Knitted pullover with collar in dark green","isPartOf":{"@id":"https:\/\/dressler1929.com\/en\/#website"},"primaryImageOfPage":{"@id":"https:\/\/dressler1929.com\/en\/products\/pullover\/su11-d4424-67-knitted-pullover-with-collar-in-dark-green\/#primaryimage"},"image":{"@id":"https:\/\/dressler1929.com\/en\/products\/pullover\/su11-d4424-67-knitted-pullover-with-collar-in-dark-green\/#primaryimage"},"thumbnailUrl":"https:\/\/dressler1929.com\/wp-content\/uploads\/2025\/07\/edr_SU11_D4424_67_f-web-scaled.jpg","datePublished":"2025-07-28T10:32:44+00:00","dateModified":"2025-09-29T16:29:08+00:00","description":"Knitted pullover with collar in dark green: The pullover made of high-quality Merino extrafine wool offers a pleasant feel. Details high quality merino extrafine wool, fine touch regular fit stand-up collar long sleeve with high-quality seam finishing comfortable ribbed cuff very fine knitting pattern made in Italy","breadcrumb":{"@id":"https:\/\/dressler1929.com\/en\/products\/pullover\/su11-d4424-67-knitted-pullover-with-collar-in-dark-green\/#breadcrumb"},"inLanguage":"en-US","potentialAction":[{"@type":"ReadAction","target":["https:\/\/dressler1929.com\/en\/products\/pullover\/su11-d4424-67-knitted-pullover-with-collar-in-dark-green\/"]}]},{"@type":"ImageObject","inLanguage":"en-US","@id":"https:\/\/dressler1929.com\/en\/products\/pullover\/su11-d4424-67-knitted-pullover-with-collar-in-dark-green\/#primaryimage","url":"https:\/\/dressler1929.com\/wp-content\/uploads\/2025\/07\/edr_SU11_D4424_67_f-web-scaled.jpg","contentUrl":"https:\/\/dressler1929.com\/wp-content\/uploads\/2025\/07\/edr_SU11_D4424_67_f-web-scaled.jpg","width":1707,"height":2560},{"@type":"BreadcrumbList","@id":"https:\/\/dressler1929.com\/en\/products\/pullover\/su11-d4424-67-knitted-pullover-with-collar-in-dark-green\/#breadcrumb","itemListElement":[{"@type":"ListItem","position":1,"name":"Startseite","item":"https:\/\/dressler1929.com\/en\/home\/"},{"@type":"ListItem","position":2,"name":"Products","item":"https:\/\/dressler1929.com\/en\/products\/"},{"@type":"ListItem","position":3,"name":"Knitted pullover with collar in dark green"}]},{"@type":"WebSite","@id":"https:\/\/dressler1929.com\/en\/#website","url":"https:\/\/dressler1929.com\/en\/","name":"DRESSLER","description":"Exclusive menswear","publisher":{"@id":"https:\/\/dressler1929.com\/en\/#organization"},"potentialAction":[{"@type":"SearchAction","target":{"@type":"EntryPoint","urlTemplate":"https:\/\/dressler1929.com\/en\/?s={search_term_string}"},"query-input":{"@type":"PropertyValueSpecification","valueRequired":true,"valueName":"search_term_string"}}],"inLanguage":"en-US"},{"@type":"Organization","@id":"https:\/\/dressler1929.com\/en\/#organization","name":"DRESSLER","url":"https:\/\/dressler1929.com\/en\/","logo":{"@type":"ImageObject","inLanguage":"en-US","@id":"https:\/\/dressler1929.com\/en\/#\/schema\/logo\/image\/","url":"https:\/\/dressler1929.com\/wp-content\/uploads\/2026\/02\/Dressler_Inital_black_vector_final.png","contentUrl":"https:\/\/dressler1929.com\/wp-content\/uploads\/2026\/02\/Dressler_Inital_black_vector_final.png","width":1200,"height":1200,"caption":"DRESSLER"},"image":{"@id":"https:\/\/dressler1929.com\/en\/#\/schema\/logo\/image\/"},"sameAs":["https:\/\/www.facebook.com\/dressler.official","https:\/\/x.com\/dressler","https:\/\/www.instagram.com\/dressler_official\/","https:\/\/www.youtube.com\/@dressler_official","https:\/\/www.linkedin.com\/company\/dressler-bekleidungswerke-brinkmann-gmbh-&-co-kg\/","https:\/\/pinterest.com\/dressler1929\/"],"description":"DRESSLER aus Gro\u00dfostheim in Bayern ist eines der \u00e4ltesten Herrenmodeunternehmen Deutschlands. Das Unternehmen wurde 1929 von seinem Namensgeber Eduard Dresser gegr\u00fcndet und \u00fcber mehr als 75 Jahre als Familienbetrieb gef\u00fchrt, bevor es 2004 in die in Herford ans\u00e4ssige Brinkmann Gruppe integriert wurde. Der Hauptsitz der Dressler Bekleidungswerke Brinkmann GmbH & Co. KG befindet sich weiterhin am historischen Standort nahe Frankfurt am Main. DRESSLER ist im gehobenen Marktsegment der Herrenmode im Stil der modernen Klassik positioniert und bekannt f\u00fcr seine \u00e4u\u00dferst hohen Qualit\u00e4tsstandards in Verarbeitung und Materialauswahl.","email":"info@dressler1929.com","telephone":"+49 06026 5020","legalName":"Dressler Bekleidungswerke Brinkmann GmbH & Co. KG","foundingDate":"1929-01-01","vatID":"DE813847219","numberOfEmployees":{"@type":"QuantitativeValue","minValue":"11","maxValue":"50"}}]}},"_links":{"self":[{"href":"https:\/\/dressler1929.com\/en\/wp-json\/wp\/v2\/product\/10448","targetHints":{"allow":["GET"]}}],"collection":[{"href":"https:\/\/dressler1929.com\/en\/wp-json\/wp\/v2\/product"}],"about":[{"href":"https:\/\/dressler1929.com\/en\/wp-json\/wp\/v2\/types\/product"}],"wp:featuredmedia":[{"embeddable":true,"href":"https:\/\/dressler1929.com\/en\/wp-json\/wp\/v2\/media\/9889"}],"wp:attachment":[{"href":"https:\/\/dressler1929.com\/en\/wp-json\/wp\/v2\/media?parent=10448"}],"wp:term":[{"taxonomy":"product_brand","embeddable":true,"href":"https:\/\/dressler1929.com\/en\/wp-json\/wp\/v2\/product_brand?post=10448"},{"taxonomy":"product_cat","embeddable":true,"href":"https:\/\/dressler1929.com\/en\/wp-json\/wp\/v2\/product_cat?post=10448"},{"taxonomy":"product_tag","embeddable":true,"href":"https:\/\/dressler1929.com\/en\/wp-json\/wp\/v2\/product_tag?post=10448"},{"taxonomy":"kollektion","embeddable":true,"href":"https:\/\/dressler1929.com\/en\/wp-json\/wp\/v2\/kollektion?post=10448"}],"curies":[{"name":"wp","href":"https:\/\/api.w.org\/{rel}","templated":true}]}}