{"id":13084,"date":"2026-02-02T09:29:54","date_gmt":"2026-02-02T08:29:54","guid":{"rendered":"https:\/\/dressler1929.com\/produkte\/uncategorized\/239020-55134-70-anzug-hose-in-hellbeige\/"},"modified":"2026-03-13T22:12:53","modified_gmt":"2026-03-13T21:12:53","slug":"239020-55134-70-suit-trousers-in-light-beige","status":"publish","type":"product","link":"https:\/\/dressler1929.com\/en\/products\/hosen\/239020-55134-70-suit-trousers-in-light-beige\/","title":{"rendered":"Suit trousers in light beige"},"content":{"rendered":"","protected":false},"excerpt":{"rendered":"<p>The trousers are made from a high-quality linen-lyocell blend and offer maximum comfort due to their stretch content. The pants are available individually or as part of a suit.<\/p>\n<h6>Details<\/h6>\n<ul>\n<li>regular fit, figur hugging<\/li>\n<li>slightly tapered<\/li>\n<li>single pleat with crease<\/li>\n<li>closes with button, hook and zipper fastener<\/li>\n<li>eight belt loops<\/li>\n<li>french slit pockets<\/li>\n<li>two buttoned back pockets with double piping<\/li>\n<li>hem turn-up<\/li>\n<\/ul>\n","protected":false},"featured_media":12384,"template":"","meta":{"inline_featured_image":false},"product_brand":[],"product_cat":[125,126,28,41],"product_tag":[],"kollektion":[200,217],"class_list":{"0":"post-13084","1":"product","2":"type-product","3":"status-publish","4":"has-post-thumbnail","6":"product_cat-anzuege","7":"product_cat-day-suits","8":"product_cat-hosen","9":"product_cat-trousers","10":"kollektion-fruehjahr-sommer-2026","11":"kollektion-spring-summer-2026","13":"first","14":"instock","15":"shipping-taxable","16":"product-type-external"},"yoast_head":"<!-- This site is optimized with the Yoast SEO Premium plugin v27.3 (Yoast SEO v27.3) - https:\/\/yoast.com\/product\/yoast-seo-premium-wordpress\/ -->\n<title>DRESSLER - Suit trousers in light beige<\/title>\n<meta name=\"description\" content=\"Suit trousers in light beige: The trousers are made from a high-quality linen-lyocell blend and offer maximum comfort due to their stretch content. The pants are available individually or as part of a suit.Details regular fit, figur huggingslightly taperedsingle pleat with creasecloses with button, hook and zipper fastenereight belt loopsfrench slit pocketstwo buttoned back pockets with double pipinghem turn-up\" \/>\n<meta name=\"robots\" content=\"index, follow, max-snippet:-1, max-image-preview:large, max-video-preview:-1\" \/>\n<link rel=\"canonical\" href=\"https:\/\/dressler1929.com\/en\/products\/hosen\/239020-55134-70-suit-trousers-in-light-beige\/\" \/>\n<meta property=\"og:locale\" content=\"en_US\" \/>\n<meta property=\"og:type\" content=\"article\" \/>\n<meta property=\"og:title\" content=\"DRESSLER - Suit trousers in light beige\" \/>\n<meta property=\"og:description\" content=\"Suit trousers in light beige: The trousers are made from a high-quality linen-lyocell blend and offer maximum comfort due to their stretch content. The pants are available individually or as part of a suit.Details regular fit, figur huggingslightly taperedsingle pleat with creasecloses with button, hook and zipper fastenereight belt loopsfrench slit pocketstwo buttoned back pockets with double pipinghem turn-up\" \/>\n<meta property=\"og:url\" content=\"https:\/\/dressler1929.com\/en\/products\/hosen\/239020-55134-70-suit-trousers-in-light-beige\/\" \/>\n<meta property=\"og:site_name\" content=\"DRESSLER\" \/>\n<meta property=\"article:publisher\" content=\"https:\/\/www.facebook.com\/dressler.official\" \/>\n<meta property=\"article:modified_time\" content=\"2026-03-13T21:12:53+00:00\" \/>\n<meta property=\"og:image\" content=\"https:\/\/dressler1929.com\/wp-content\/uploads\/2026\/02\/edr_239020_55134_70_f-web-scaled.jpg\" \/>\n\t<meta property=\"og:image:width\" content=\"1707\" \/>\n\t<meta property=\"og:image:height\" content=\"2560\" \/>\n\t<meta property=\"og:image:type\" content=\"image\/jpeg\" \/>\n<meta name=\"twitter:card\" content=\"summary_large_image\" \/>\n<meta name=\"twitter:site\" content=\"@dressler\" \/>\n<meta name=\"twitter:label1\" content=\"Est. reading time\" \/>\n\t<meta name=\"twitter:data1\" content=\"1 minute\" \/>\n<script type=\"application\/ld+json\" class=\"yoast-schema-graph\">{\"@context\":\"https:\\\/\\\/schema.org\",\"@graph\":[{\"@type\":\"WebPage\",\"@id\":\"https:\\\/\\\/dressler1929.com\\\/en\\\/products\\\/hosen\\\/239020-55134-70-suit-trousers-in-light-beige\\\/\",\"url\":\"https:\\\/\\\/dressler1929.com\\\/en\\\/products\\\/hosen\\\/239020-55134-70-suit-trousers-in-light-beige\\\/\",\"name\":\"DRESSLER - Suit trousers in light beige\",\"isPartOf\":{\"@id\":\"https:\\\/\\\/dressler1929.com\\\/en\\\/#website\"},\"primaryImageOfPage\":{\"@id\":\"https:\\\/\\\/dressler1929.com\\\/en\\\/products\\\/hosen\\\/239020-55134-70-suit-trousers-in-light-beige\\\/#primaryimage\"},\"image\":{\"@id\":\"https:\\\/\\\/dressler1929.com\\\/en\\\/products\\\/hosen\\\/239020-55134-70-suit-trousers-in-light-beige\\\/#primaryimage\"},\"thumbnailUrl\":\"https:\\\/\\\/dressler1929.com\\\/wp-content\\\/uploads\\\/2026\\\/02\\\/edr_239020_55134_70_f-web-scaled.jpg\",\"datePublished\":\"2026-02-02T08:29:54+00:00\",\"dateModified\":\"2026-03-13T21:12:53+00:00\",\"description\":\"Suit trousers in light beige: The trousers are made from a high-quality linen-lyocell blend and offer maximum comfort due to their stretch content. The pants are available individually or as part of a suit.Details regular fit, figur huggingslightly taperedsingle pleat with creasecloses with button, hook and zipper fastenereight belt loopsfrench slit pocketstwo buttoned back pockets with double pipinghem turn-up\",\"breadcrumb\":{\"@id\":\"https:\\\/\\\/dressler1929.com\\\/en\\\/products\\\/hosen\\\/239020-55134-70-suit-trousers-in-light-beige\\\/#breadcrumb\"},\"inLanguage\":\"en-US\",\"potentialAction\":[{\"@type\":\"ReadAction\",\"target\":[\"https:\\\/\\\/dressler1929.com\\\/en\\\/products\\\/hosen\\\/239020-55134-70-suit-trousers-in-light-beige\\\/\"]}]},{\"@type\":\"ImageObject\",\"inLanguage\":\"en-US\",\"@id\":\"https:\\\/\\\/dressler1929.com\\\/en\\\/products\\\/hosen\\\/239020-55134-70-suit-trousers-in-light-beige\\\/#primaryimage\",\"url\":\"https:\\\/\\\/dressler1929.com\\\/wp-content\\\/uploads\\\/2026\\\/02\\\/edr_239020_55134_70_f-web-scaled.jpg\",\"contentUrl\":\"https:\\\/\\\/dressler1929.com\\\/wp-content\\\/uploads\\\/2026\\\/02\\\/edr_239020_55134_70_f-web-scaled.jpg\",\"width\":1707,\"height\":2560},{\"@type\":\"BreadcrumbList\",\"@id\":\"https:\\\/\\\/dressler1929.com\\\/en\\\/products\\\/hosen\\\/239020-55134-70-suit-trousers-in-light-beige\\\/#breadcrumb\",\"itemListElement\":[{\"@type\":\"ListItem\",\"position\":1,\"name\":\"Startseite\",\"item\":\"https:\\\/\\\/dressler1929.com\\\/en\\\/home\\\/\"},{\"@type\":\"ListItem\",\"position\":2,\"name\":\"Products\",\"item\":\"https:\\\/\\\/dressler1929.com\\\/en\\\/products\\\/\"},{\"@type\":\"ListItem\",\"position\":3,\"name\":\"Suit trousers in light beige\"}]},{\"@type\":\"WebSite\",\"@id\":\"https:\\\/\\\/dressler1929.com\\\/en\\\/#website\",\"url\":\"https:\\\/\\\/dressler1929.com\\\/en\\\/\",\"name\":\"DRESSLER\",\"description\":\"Exclusive menswear\",\"publisher\":{\"@id\":\"https:\\\/\\\/dressler1929.com\\\/en\\\/#organization\"},\"potentialAction\":[{\"@type\":\"SearchAction\",\"target\":{\"@type\":\"EntryPoint\",\"urlTemplate\":\"https:\\\/\\\/dressler1929.com\\\/en\\\/?s={search_term_string}\"},\"query-input\":{\"@type\":\"PropertyValueSpecification\",\"valueRequired\":true,\"valueName\":\"search_term_string\"}}],\"inLanguage\":\"en-US\"},{\"@type\":\"Organization\",\"@id\":\"https:\\\/\\\/dressler1929.com\\\/en\\\/#organization\",\"name\":\"DRESSLER\",\"url\":\"https:\\\/\\\/dressler1929.com\\\/en\\\/\",\"logo\":{\"@type\":\"ImageObject\",\"inLanguage\":\"en-US\",\"@id\":\"https:\\\/\\\/dressler1929.com\\\/en\\\/#\\\/schema\\\/logo\\\/image\\\/\",\"url\":\"https:\\\/\\\/dressler1929.com\\\/wp-content\\\/uploads\\\/2026\\\/02\\\/Dressler_Inital_black_vector_final.png\",\"contentUrl\":\"https:\\\/\\\/dressler1929.com\\\/wp-content\\\/uploads\\\/2026\\\/02\\\/Dressler_Inital_black_vector_final.png\",\"width\":1200,\"height\":1200,\"caption\":\"DRESSLER\"},\"image\":{\"@id\":\"https:\\\/\\\/dressler1929.com\\\/en\\\/#\\\/schema\\\/logo\\\/image\\\/\"},\"sameAs\":[\"https:\\\/\\\/www.facebook.com\\\/dressler.official\",\"https:\\\/\\\/x.com\\\/dressler\",\"https:\\\/\\\/www.instagram.com\\\/dressler_official\\\/\",\"https:\\\/\\\/www.youtube.com\\\/@dressler_official\",\"https:\\\/\\\/www.linkedin.com\\\/company\\\/dressler-bekleidungswerke-brinkmann-gmbh-&-co-kg\\\/\",\"https:\\\/\\\/pinterest.com\\\/dressler1929\\\/\"],\"description\":\"DRESSLER aus Gro\u00dfostheim in Bayern ist eines der \u00e4ltesten Herrenmodeunternehmen Deutschlands. Das Unternehmen wurde 1929 von seinem Namensgeber Eduard Dresser gegr\u00fcndet und \u00fcber mehr als 75 Jahre als Familienbetrieb gef\u00fchrt, bevor es 2004 in die in Herford ans\u00e4ssige Brinkmann Gruppe integriert wurde. Der Hauptsitz der Dressler Bekleidungswerke Brinkmann GmbH & Co. KG befindet sich weiterhin am historischen Standort nahe Frankfurt am Main. DRESSLER ist im gehobenen Marktsegment der Herrenmode im Stil der modernen Klassik positioniert und bekannt f\u00fcr seine \u00e4u\u00dferst hohen Qualit\u00e4tsstandards in Verarbeitung und Materialauswahl.\",\"email\":\"info@dressler1929.com\",\"telephone\":\"+49 06026 5020\",\"legalName\":\"Dressler Bekleidungswerke Brinkmann GmbH & Co. KG\",\"foundingDate\":\"1929-01-01\",\"vatID\":\"DE813847219\",\"numberOfEmployees\":{\"@type\":\"QuantitativeValue\",\"minValue\":\"11\",\"maxValue\":\"50\"}}]}<\/script>\n<!-- \/ Yoast SEO Premium plugin. -->","yoast_head_json":{"title":"DRESSLER - Suit trousers in light beige","description":"Suit trousers in light beige: The trousers are made from a high-quality linen-lyocell blend and offer maximum comfort due to their stretch content. The pants are available individually or as part of a suit.Details regular fit, figur huggingslightly taperedsingle pleat with creasecloses with button, hook and zipper fastenereight belt loopsfrench slit pocketstwo buttoned back pockets with double pipinghem turn-up","robots":{"index":"index","follow":"follow","max-snippet":"max-snippet:-1","max-image-preview":"max-image-preview:large","max-video-preview":"max-video-preview:-1"},"canonical":"https:\/\/dressler1929.com\/en\/products\/hosen\/239020-55134-70-suit-trousers-in-light-beige\/","og_locale":"en_US","og_type":"article","og_title":"DRESSLER - Suit trousers in light beige","og_description":"Suit trousers in light beige: The trousers are made from a high-quality linen-lyocell blend and offer maximum comfort due to their stretch content. The pants are available individually or as part of a suit.Details regular fit, figur huggingslightly taperedsingle pleat with creasecloses with button, hook and zipper fastenereight belt loopsfrench slit pocketstwo buttoned back pockets with double pipinghem turn-up","og_url":"https:\/\/dressler1929.com\/en\/products\/hosen\/239020-55134-70-suit-trousers-in-light-beige\/","og_site_name":"DRESSLER","article_publisher":"https:\/\/www.facebook.com\/dressler.official","article_modified_time":"2026-03-13T21:12:53+00:00","og_image":[{"width":1707,"height":2560,"url":"https:\/\/dressler1929.com\/wp-content\/uploads\/2026\/02\/edr_239020_55134_70_f-web-scaled.jpg","type":"image\/jpeg"}],"twitter_card":"summary_large_image","twitter_site":"@dressler","twitter_misc":{"Est. reading time":"1 minute"},"schema":{"@context":"https:\/\/schema.org","@graph":[{"@type":"WebPage","@id":"https:\/\/dressler1929.com\/en\/products\/hosen\/239020-55134-70-suit-trousers-in-light-beige\/","url":"https:\/\/dressler1929.com\/en\/products\/hosen\/239020-55134-70-suit-trousers-in-light-beige\/","name":"DRESSLER - Suit trousers in light beige","isPartOf":{"@id":"https:\/\/dressler1929.com\/en\/#website"},"primaryImageOfPage":{"@id":"https:\/\/dressler1929.com\/en\/products\/hosen\/239020-55134-70-suit-trousers-in-light-beige\/#primaryimage"},"image":{"@id":"https:\/\/dressler1929.com\/en\/products\/hosen\/239020-55134-70-suit-trousers-in-light-beige\/#primaryimage"},"thumbnailUrl":"https:\/\/dressler1929.com\/wp-content\/uploads\/2026\/02\/edr_239020_55134_70_f-web-scaled.jpg","datePublished":"2026-02-02T08:29:54+00:00","dateModified":"2026-03-13T21:12:53+00:00","description":"Suit trousers in light beige: The trousers are made from a high-quality linen-lyocell blend and offer maximum comfort due to their stretch content. The pants are available individually or as part of a suit.Details regular fit, figur huggingslightly taperedsingle pleat with creasecloses with button, hook and zipper fastenereight belt loopsfrench slit pocketstwo buttoned back pockets with double pipinghem turn-up","breadcrumb":{"@id":"https:\/\/dressler1929.com\/en\/products\/hosen\/239020-55134-70-suit-trousers-in-light-beige\/#breadcrumb"},"inLanguage":"en-US","potentialAction":[{"@type":"ReadAction","target":["https:\/\/dressler1929.com\/en\/products\/hosen\/239020-55134-70-suit-trousers-in-light-beige\/"]}]},{"@type":"ImageObject","inLanguage":"en-US","@id":"https:\/\/dressler1929.com\/en\/products\/hosen\/239020-55134-70-suit-trousers-in-light-beige\/#primaryimage","url":"https:\/\/dressler1929.com\/wp-content\/uploads\/2026\/02\/edr_239020_55134_70_f-web-scaled.jpg","contentUrl":"https:\/\/dressler1929.com\/wp-content\/uploads\/2026\/02\/edr_239020_55134_70_f-web-scaled.jpg","width":1707,"height":2560},{"@type":"BreadcrumbList","@id":"https:\/\/dressler1929.com\/en\/products\/hosen\/239020-55134-70-suit-trousers-in-light-beige\/#breadcrumb","itemListElement":[{"@type":"ListItem","position":1,"name":"Startseite","item":"https:\/\/dressler1929.com\/en\/home\/"},{"@type":"ListItem","position":2,"name":"Products","item":"https:\/\/dressler1929.com\/en\/products\/"},{"@type":"ListItem","position":3,"name":"Suit trousers in light beige"}]},{"@type":"WebSite","@id":"https:\/\/dressler1929.com\/en\/#website","url":"https:\/\/dressler1929.com\/en\/","name":"DRESSLER","description":"Exclusive menswear","publisher":{"@id":"https:\/\/dressler1929.com\/en\/#organization"},"potentialAction":[{"@type":"SearchAction","target":{"@type":"EntryPoint","urlTemplate":"https:\/\/dressler1929.com\/en\/?s={search_term_string}"},"query-input":{"@type":"PropertyValueSpecification","valueRequired":true,"valueName":"search_term_string"}}],"inLanguage":"en-US"},{"@type":"Organization","@id":"https:\/\/dressler1929.com\/en\/#organization","name":"DRESSLER","url":"https:\/\/dressler1929.com\/en\/","logo":{"@type":"ImageObject","inLanguage":"en-US","@id":"https:\/\/dressler1929.com\/en\/#\/schema\/logo\/image\/","url":"https:\/\/dressler1929.com\/wp-content\/uploads\/2026\/02\/Dressler_Inital_black_vector_final.png","contentUrl":"https:\/\/dressler1929.com\/wp-content\/uploads\/2026\/02\/Dressler_Inital_black_vector_final.png","width":1200,"height":1200,"caption":"DRESSLER"},"image":{"@id":"https:\/\/dressler1929.com\/en\/#\/schema\/logo\/image\/"},"sameAs":["https:\/\/www.facebook.com\/dressler.official","https:\/\/x.com\/dressler","https:\/\/www.instagram.com\/dressler_official\/","https:\/\/www.youtube.com\/@dressler_official","https:\/\/www.linkedin.com\/company\/dressler-bekleidungswerke-brinkmann-gmbh-&-co-kg\/","https:\/\/pinterest.com\/dressler1929\/"],"description":"DRESSLER aus Gro\u00dfostheim in Bayern ist eines der \u00e4ltesten Herrenmodeunternehmen Deutschlands. Das Unternehmen wurde 1929 von seinem Namensgeber Eduard Dresser gegr\u00fcndet und \u00fcber mehr als 75 Jahre als Familienbetrieb gef\u00fchrt, bevor es 2004 in die in Herford ans\u00e4ssige Brinkmann Gruppe integriert wurde. Der Hauptsitz der Dressler Bekleidungswerke Brinkmann GmbH & Co. KG befindet sich weiterhin am historischen Standort nahe Frankfurt am Main. DRESSLER ist im gehobenen Marktsegment der Herrenmode im Stil der modernen Klassik positioniert und bekannt f\u00fcr seine \u00e4u\u00dferst hohen Qualit\u00e4tsstandards in Verarbeitung und Materialauswahl.","email":"info@dressler1929.com","telephone":"+49 06026 5020","legalName":"Dressler Bekleidungswerke Brinkmann GmbH & Co. KG","foundingDate":"1929-01-01","vatID":"DE813847219","numberOfEmployees":{"@type":"QuantitativeValue","minValue":"11","maxValue":"50"}}]}},"_links":{"self":[{"href":"https:\/\/dressler1929.com\/en\/wp-json\/wp\/v2\/product\/13084","targetHints":{"allow":["GET"]}}],"collection":[{"href":"https:\/\/dressler1929.com\/en\/wp-json\/wp\/v2\/product"}],"about":[{"href":"https:\/\/dressler1929.com\/en\/wp-json\/wp\/v2\/types\/product"}],"wp:featuredmedia":[{"embeddable":true,"href":"https:\/\/dressler1929.com\/en\/wp-json\/wp\/v2\/media\/12384"}],"wp:attachment":[{"href":"https:\/\/dressler1929.com\/en\/wp-json\/wp\/v2\/media?parent=13084"}],"wp:term":[{"taxonomy":"product_brand","embeddable":true,"href":"https:\/\/dressler1929.com\/en\/wp-json\/wp\/v2\/product_brand?post=13084"},{"taxonomy":"product_cat","embeddable":true,"href":"https:\/\/dressler1929.com\/en\/wp-json\/wp\/v2\/product_cat?post=13084"},{"taxonomy":"product_tag","embeddable":true,"href":"https:\/\/dressler1929.com\/en\/wp-json\/wp\/v2\/product_tag?post=13084"},{"taxonomy":"kollektion","embeddable":true,"href":"https:\/\/dressler1929.com\/en\/wp-json\/wp\/v2\/kollektion?post=13084"}],"curies":[{"name":"wp","href":"https:\/\/api.w.org\/{rel}","templated":true}]}}