{"id":5641,"date":"2024-02-20T12:40:23","date_gmt":"2024-02-20T11:40:23","guid":{"rendered":"https:\/\/eduard-dressler.com\/?post_type=product&#038;p=5641"},"modified":"2024-03-05T13:09:13","modified_gmt":"2024-03-05T12:09:13","slug":"237028-51w26-74-linen-suit-trousers-in-a-melange-look","status":"publish","type":"product","link":"https:\/\/dressler1929.com\/en\/products\/trousers\/237028-51w26-74-linen-suit-trousers-in-a-melange-look\/","title":{"rendered":"Linen suit trousers in a melange look"},"content":{"rendered":"","protected":false},"excerpt":{"rendered":"<p>Made from high-quality linen, the trousers offer maximum comfort thanks to their natural elasticity. Available separately or as part of a suit.<\/p>\n<h6>Details<\/h6>\n<ul>\n<li>high quality linen with natural stretch<\/li>\n<li>maximum wearing comfort<\/li>\n<li>loose fit, comfortable fit<\/li>\n<li>slightly narrow tapered<\/li>\n<li>chino with single pleat and contrasting details<\/li>\n<li>closed with buttons and zip<\/li>\n<li>six belt loops<\/li>\n<li>French pockets<\/li>\n<li>two buttoned back welt pockets<\/li>\n<li>garment washed<\/li>\n<\/ul>\n","protected":false},"featured_media":5558,"template":"","meta":{"inline_featured_image":false},"product_brand":[],"product_cat":[41],"product_tag":[],"kollektion":[72],"class_list":{"0":"post-5641","1":"product","2":"type-product","3":"status-publish","4":"has-post-thumbnail","6":"product_cat-trousers","7":"kollektion-spring-summer-2024","9":"first","10":"instock","11":"shipping-taxable","12":"product-type-external"},"yoast_head":"<!-- This site is optimized with the Yoast SEO Premium plugin v27.3 (Yoast SEO v27.3) - https:\/\/yoast.com\/product\/yoast-seo-premium-wordpress\/ -->\n<title>DRESSLER - Linen suit trousers in a melange look<\/title>\n<meta name=\"description\" content=\"Linen suit trousers in a melange look: Made from high-quality linen, the trousers offer maximum comfort thanks to their natural elasticity. Available separately or as part of a suit. Details   high quality linen with natural stretch  maximum wearing comfort  loose fit, comfortable fit  slightly narrow tapered  chino with single pleat and contrasting details  closed with buttons and zip  six belt loops  French pockets  two buttoned back welt pockets  garment washed\" \/>\n<meta name=\"robots\" content=\"index, follow, max-snippet:-1, max-image-preview:large, max-video-preview:-1\" \/>\n<link rel=\"canonical\" href=\"https:\/\/dressler1929.com\/en\/products\/trousers\/237028-51w26-74-linen-suit-trousers-in-a-melange-look\/\" \/>\n<meta property=\"og:locale\" content=\"en_US\" \/>\n<meta property=\"og:type\" content=\"article\" \/>\n<meta property=\"og:title\" content=\"DRESSLER - Linen suit trousers in a melange look\" \/>\n<meta property=\"og:description\" content=\"Linen suit trousers in a melange look: Made from high-quality linen, the trousers offer maximum comfort thanks to their natural elasticity. Available separately or as part of a suit. Details   high quality linen with natural stretch  maximum wearing comfort  loose fit, comfortable fit  slightly narrow tapered  chino with single pleat and contrasting details  closed with buttons and zip  six belt loops  French pockets  two buttoned back welt pockets  garment washed\" \/>\n<meta property=\"og:url\" content=\"https:\/\/dressler1929.com\/en\/products\/trousers\/237028-51w26-74-linen-suit-trousers-in-a-melange-look\/\" \/>\n<meta property=\"og:site_name\" content=\"DRESSLER\" \/>\n<meta property=\"article:publisher\" content=\"https:\/\/www.facebook.com\/dressler.official\" \/>\n<meta property=\"article:modified_time\" content=\"2024-03-05T12:09:13+00:00\" \/>\n<meta property=\"og:image\" content=\"https:\/\/dressler1929.com\/wp-content\/uploads\/2024\/02\/edr_237028_51W26_74_f_fruehjahr-sommer-2024-F1-scaled.jpg\" \/>\n\t<meta property=\"og:image:width\" content=\"1707\" \/>\n\t<meta property=\"og:image:height\" content=\"2560\" \/>\n\t<meta property=\"og:image:type\" content=\"image\/jpeg\" \/>\n<meta name=\"twitter:card\" content=\"summary_large_image\" \/>\n<meta name=\"twitter:site\" content=\"@dressler\" \/>\n<meta name=\"twitter:label1\" content=\"Est. reading time\" \/>\n\t<meta name=\"twitter:data1\" content=\"1 minute\" \/>\n<script type=\"application\/ld+json\" class=\"yoast-schema-graph\">{\"@context\":\"https:\\\/\\\/schema.org\",\"@graph\":[{\"@type\":\"WebPage\",\"@id\":\"https:\\\/\\\/dressler1929.com\\\/en\\\/products\\\/trousers\\\/237028-51w26-74-linen-suit-trousers-in-a-melange-look\\\/\",\"url\":\"https:\\\/\\\/dressler1929.com\\\/en\\\/products\\\/trousers\\\/237028-51w26-74-linen-suit-trousers-in-a-melange-look\\\/\",\"name\":\"DRESSLER - Linen suit trousers in a melange look\",\"isPartOf\":{\"@id\":\"https:\\\/\\\/dressler1929.com\\\/en\\\/#website\"},\"primaryImageOfPage\":{\"@id\":\"https:\\\/\\\/dressler1929.com\\\/en\\\/products\\\/trousers\\\/237028-51w26-74-linen-suit-trousers-in-a-melange-look\\\/#primaryimage\"},\"image\":{\"@id\":\"https:\\\/\\\/dressler1929.com\\\/en\\\/products\\\/trousers\\\/237028-51w26-74-linen-suit-trousers-in-a-melange-look\\\/#primaryimage\"},\"thumbnailUrl\":\"https:\\\/\\\/dressler1929.com\\\/wp-content\\\/uploads\\\/2024\\\/02\\\/edr_237028_51W26_74_f_fruehjahr-sommer-2024-F1-scaled.jpg\",\"datePublished\":\"2024-02-20T11:40:23+00:00\",\"dateModified\":\"2024-03-05T12:09:13+00:00\",\"description\":\"Linen suit trousers in a melange look: Made from high-quality linen, the trousers offer maximum comfort thanks to their natural elasticity. Available separately or as part of a suit. Details high quality linen with natural stretch maximum wearing comfort loose fit, comfortable fit slightly narrow tapered chino with single pleat and contrasting details closed with buttons and zip six belt loops French pockets two buttoned back welt pockets garment washed\",\"breadcrumb\":{\"@id\":\"https:\\\/\\\/dressler1929.com\\\/en\\\/products\\\/trousers\\\/237028-51w26-74-linen-suit-trousers-in-a-melange-look\\\/#breadcrumb\"},\"inLanguage\":\"en-US\",\"potentialAction\":[{\"@type\":\"ReadAction\",\"target\":[\"https:\\\/\\\/dressler1929.com\\\/en\\\/products\\\/trousers\\\/237028-51w26-74-linen-suit-trousers-in-a-melange-look\\\/\"]}]},{\"@type\":\"ImageObject\",\"inLanguage\":\"en-US\",\"@id\":\"https:\\\/\\\/dressler1929.com\\\/en\\\/products\\\/trousers\\\/237028-51w26-74-linen-suit-trousers-in-a-melange-look\\\/#primaryimage\",\"url\":\"https:\\\/\\\/dressler1929.com\\\/wp-content\\\/uploads\\\/2024\\\/02\\\/edr_237028_51W26_74_f_fruehjahr-sommer-2024-F1-scaled.jpg\",\"contentUrl\":\"https:\\\/\\\/dressler1929.com\\\/wp-content\\\/uploads\\\/2024\\\/02\\\/edr_237028_51W26_74_f_fruehjahr-sommer-2024-F1-scaled.jpg\",\"width\":1707,\"height\":2560},{\"@type\":\"BreadcrumbList\",\"@id\":\"https:\\\/\\\/dressler1929.com\\\/en\\\/products\\\/trousers\\\/237028-51w26-74-linen-suit-trousers-in-a-melange-look\\\/#breadcrumb\",\"itemListElement\":[{\"@type\":\"ListItem\",\"position\":1,\"name\":\"Startseite\",\"item\":\"https:\\\/\\\/dressler1929.com\\\/en\\\/home\\\/\"},{\"@type\":\"ListItem\",\"position\":2,\"name\":\"Products\",\"item\":\"https:\\\/\\\/dressler1929.com\\\/en\\\/products\\\/\"},{\"@type\":\"ListItem\",\"position\":3,\"name\":\"Linen suit trousers in a melange look\"}]},{\"@type\":\"WebSite\",\"@id\":\"https:\\\/\\\/dressler1929.com\\\/en\\\/#website\",\"url\":\"https:\\\/\\\/dressler1929.com\\\/en\\\/\",\"name\":\"DRESSLER\",\"description\":\"Exclusive menswear\",\"publisher\":{\"@id\":\"https:\\\/\\\/dressler1929.com\\\/en\\\/#organization\"},\"potentialAction\":[{\"@type\":\"SearchAction\",\"target\":{\"@type\":\"EntryPoint\",\"urlTemplate\":\"https:\\\/\\\/dressler1929.com\\\/en\\\/?s={search_term_string}\"},\"query-input\":{\"@type\":\"PropertyValueSpecification\",\"valueRequired\":true,\"valueName\":\"search_term_string\"}}],\"inLanguage\":\"en-US\"},{\"@type\":\"Organization\",\"@id\":\"https:\\\/\\\/dressler1929.com\\\/en\\\/#organization\",\"name\":\"DRESSLER\",\"url\":\"https:\\\/\\\/dressler1929.com\\\/en\\\/\",\"logo\":{\"@type\":\"ImageObject\",\"inLanguage\":\"en-US\",\"@id\":\"https:\\\/\\\/dressler1929.com\\\/en\\\/#\\\/schema\\\/logo\\\/image\\\/\",\"url\":\"https:\\\/\\\/dressler1929.com\\\/wp-content\\\/uploads\\\/2026\\\/02\\\/Dressler_Inital_black_vector_final.png\",\"contentUrl\":\"https:\\\/\\\/dressler1929.com\\\/wp-content\\\/uploads\\\/2026\\\/02\\\/Dressler_Inital_black_vector_final.png\",\"width\":1200,\"height\":1200,\"caption\":\"DRESSLER\"},\"image\":{\"@id\":\"https:\\\/\\\/dressler1929.com\\\/en\\\/#\\\/schema\\\/logo\\\/image\\\/\"},\"sameAs\":[\"https:\\\/\\\/www.facebook.com\\\/dressler.official\",\"https:\\\/\\\/x.com\\\/dressler\",\"https:\\\/\\\/www.instagram.com\\\/dressler_official\\\/\",\"https:\\\/\\\/www.youtube.com\\\/@dressler_official\",\"https:\\\/\\\/www.linkedin.com\\\/company\\\/dressler-bekleidungswerke-brinkmann-gmbh-&-co-kg\\\/\",\"https:\\\/\\\/pinterest.com\\\/dressler1929\\\/\"],\"description\":\"DRESSLER aus Gro\u00dfostheim in Bayern ist eines der \u00e4ltesten Herrenmodeunternehmen Deutschlands. Das Unternehmen wurde 1929 von seinem Namensgeber Eduard Dresser gegr\u00fcndet und \u00fcber mehr als 75 Jahre als Familienbetrieb gef\u00fchrt, bevor es 2004 in die in Herford ans\u00e4ssige Brinkmann Gruppe integriert wurde. Der Hauptsitz der Dressler Bekleidungswerke Brinkmann GmbH & Co. KG befindet sich weiterhin am historischen Standort nahe Frankfurt am Main. DRESSLER ist im gehobenen Marktsegment der Herrenmode im Stil der modernen Klassik positioniert und bekannt f\u00fcr seine \u00e4u\u00dferst hohen Qualit\u00e4tsstandards in Verarbeitung und Materialauswahl.\",\"email\":\"info@dressler1929.com\",\"telephone\":\"+49 06026 5020\",\"legalName\":\"Dressler Bekleidungswerke Brinkmann GmbH & Co. KG\",\"foundingDate\":\"1929-01-01\",\"vatID\":\"DE813847219\",\"numberOfEmployees\":{\"@type\":\"QuantitativeValue\",\"minValue\":\"11\",\"maxValue\":\"50\"}}]}<\/script>\n<!-- \/ Yoast SEO Premium plugin. -->","yoast_head_json":{"title":"DRESSLER - Linen suit trousers in a melange look","description":"Linen suit trousers in a melange look: Made from high-quality linen, the trousers offer maximum comfort thanks to their natural elasticity. Available separately or as part of a suit. Details   high quality linen with natural stretch  maximum wearing comfort  loose fit, comfortable fit  slightly narrow tapered  chino with single pleat and contrasting details  closed with buttons and zip  six belt loops  French pockets  two buttoned back welt pockets  garment washed","robots":{"index":"index","follow":"follow","max-snippet":"max-snippet:-1","max-image-preview":"max-image-preview:large","max-video-preview":"max-video-preview:-1"},"canonical":"https:\/\/dressler1929.com\/en\/products\/trousers\/237028-51w26-74-linen-suit-trousers-in-a-melange-look\/","og_locale":"en_US","og_type":"article","og_title":"DRESSLER - Linen suit trousers in a melange look","og_description":"Linen suit trousers in a melange look: Made from high-quality linen, the trousers offer maximum comfort thanks to their natural elasticity. Available separately or as part of a suit. Details   high quality linen with natural stretch  maximum wearing comfort  loose fit, comfortable fit  slightly narrow tapered  chino with single pleat and contrasting details  closed with buttons and zip  six belt loops  French pockets  two buttoned back welt pockets  garment washed","og_url":"https:\/\/dressler1929.com\/en\/products\/trousers\/237028-51w26-74-linen-suit-trousers-in-a-melange-look\/","og_site_name":"DRESSLER","article_publisher":"https:\/\/www.facebook.com\/dressler.official","article_modified_time":"2024-03-05T12:09:13+00:00","og_image":[{"width":1707,"height":2560,"url":"https:\/\/dressler1929.com\/wp-content\/uploads\/2024\/02\/edr_237028_51W26_74_f_fruehjahr-sommer-2024-F1-scaled.jpg","type":"image\/jpeg"}],"twitter_card":"summary_large_image","twitter_site":"@dressler","twitter_misc":{"Est. reading time":"1 minute"},"schema":{"@context":"https:\/\/schema.org","@graph":[{"@type":"WebPage","@id":"https:\/\/dressler1929.com\/en\/products\/trousers\/237028-51w26-74-linen-suit-trousers-in-a-melange-look\/","url":"https:\/\/dressler1929.com\/en\/products\/trousers\/237028-51w26-74-linen-suit-trousers-in-a-melange-look\/","name":"DRESSLER - Linen suit trousers in a melange look","isPartOf":{"@id":"https:\/\/dressler1929.com\/en\/#website"},"primaryImageOfPage":{"@id":"https:\/\/dressler1929.com\/en\/products\/trousers\/237028-51w26-74-linen-suit-trousers-in-a-melange-look\/#primaryimage"},"image":{"@id":"https:\/\/dressler1929.com\/en\/products\/trousers\/237028-51w26-74-linen-suit-trousers-in-a-melange-look\/#primaryimage"},"thumbnailUrl":"https:\/\/dressler1929.com\/wp-content\/uploads\/2024\/02\/edr_237028_51W26_74_f_fruehjahr-sommer-2024-F1-scaled.jpg","datePublished":"2024-02-20T11:40:23+00:00","dateModified":"2024-03-05T12:09:13+00:00","description":"Linen suit trousers in a melange look: Made from high-quality linen, the trousers offer maximum comfort thanks to their natural elasticity. Available separately or as part of a suit. Details high quality linen with natural stretch maximum wearing comfort loose fit, comfortable fit slightly narrow tapered chino with single pleat and contrasting details closed with buttons and zip six belt loops French pockets two buttoned back welt pockets garment washed","breadcrumb":{"@id":"https:\/\/dressler1929.com\/en\/products\/trousers\/237028-51w26-74-linen-suit-trousers-in-a-melange-look\/#breadcrumb"},"inLanguage":"en-US","potentialAction":[{"@type":"ReadAction","target":["https:\/\/dressler1929.com\/en\/products\/trousers\/237028-51w26-74-linen-suit-trousers-in-a-melange-look\/"]}]},{"@type":"ImageObject","inLanguage":"en-US","@id":"https:\/\/dressler1929.com\/en\/products\/trousers\/237028-51w26-74-linen-suit-trousers-in-a-melange-look\/#primaryimage","url":"https:\/\/dressler1929.com\/wp-content\/uploads\/2024\/02\/edr_237028_51W26_74_f_fruehjahr-sommer-2024-F1-scaled.jpg","contentUrl":"https:\/\/dressler1929.com\/wp-content\/uploads\/2024\/02\/edr_237028_51W26_74_f_fruehjahr-sommer-2024-F1-scaled.jpg","width":1707,"height":2560},{"@type":"BreadcrumbList","@id":"https:\/\/dressler1929.com\/en\/products\/trousers\/237028-51w26-74-linen-suit-trousers-in-a-melange-look\/#breadcrumb","itemListElement":[{"@type":"ListItem","position":1,"name":"Startseite","item":"https:\/\/dressler1929.com\/en\/home\/"},{"@type":"ListItem","position":2,"name":"Products","item":"https:\/\/dressler1929.com\/en\/products\/"},{"@type":"ListItem","position":3,"name":"Linen suit trousers in a melange look"}]},{"@type":"WebSite","@id":"https:\/\/dressler1929.com\/en\/#website","url":"https:\/\/dressler1929.com\/en\/","name":"DRESSLER","description":"Exclusive menswear","publisher":{"@id":"https:\/\/dressler1929.com\/en\/#organization"},"potentialAction":[{"@type":"SearchAction","target":{"@type":"EntryPoint","urlTemplate":"https:\/\/dressler1929.com\/en\/?s={search_term_string}"},"query-input":{"@type":"PropertyValueSpecification","valueRequired":true,"valueName":"search_term_string"}}],"inLanguage":"en-US"},{"@type":"Organization","@id":"https:\/\/dressler1929.com\/en\/#organization","name":"DRESSLER","url":"https:\/\/dressler1929.com\/en\/","logo":{"@type":"ImageObject","inLanguage":"en-US","@id":"https:\/\/dressler1929.com\/en\/#\/schema\/logo\/image\/","url":"https:\/\/dressler1929.com\/wp-content\/uploads\/2026\/02\/Dressler_Inital_black_vector_final.png","contentUrl":"https:\/\/dressler1929.com\/wp-content\/uploads\/2026\/02\/Dressler_Inital_black_vector_final.png","width":1200,"height":1200,"caption":"DRESSLER"},"image":{"@id":"https:\/\/dressler1929.com\/en\/#\/schema\/logo\/image\/"},"sameAs":["https:\/\/www.facebook.com\/dressler.official","https:\/\/x.com\/dressler","https:\/\/www.instagram.com\/dressler_official\/","https:\/\/www.youtube.com\/@dressler_official","https:\/\/www.linkedin.com\/company\/dressler-bekleidungswerke-brinkmann-gmbh-&-co-kg\/","https:\/\/pinterest.com\/dressler1929\/"],"description":"DRESSLER aus Gro\u00dfostheim in Bayern ist eines der \u00e4ltesten Herrenmodeunternehmen Deutschlands. Das Unternehmen wurde 1929 von seinem Namensgeber Eduard Dresser gegr\u00fcndet und \u00fcber mehr als 75 Jahre als Familienbetrieb gef\u00fchrt, bevor es 2004 in die in Herford ans\u00e4ssige Brinkmann Gruppe integriert wurde. Der Hauptsitz der Dressler Bekleidungswerke Brinkmann GmbH & Co. KG befindet sich weiterhin am historischen Standort nahe Frankfurt am Main. DRESSLER ist im gehobenen Marktsegment der Herrenmode im Stil der modernen Klassik positioniert und bekannt f\u00fcr seine \u00e4u\u00dferst hohen Qualit\u00e4tsstandards in Verarbeitung und Materialauswahl.","email":"info@dressler1929.com","telephone":"+49 06026 5020","legalName":"Dressler Bekleidungswerke Brinkmann GmbH & Co. KG","foundingDate":"1929-01-01","vatID":"DE813847219","numberOfEmployees":{"@type":"QuantitativeValue","minValue":"11","maxValue":"50"}}]}},"_links":{"self":[{"href":"https:\/\/dressler1929.com\/en\/wp-json\/wp\/v2\/product\/5641","targetHints":{"allow":["GET"]}}],"collection":[{"href":"https:\/\/dressler1929.com\/en\/wp-json\/wp\/v2\/product"}],"about":[{"href":"https:\/\/dressler1929.com\/en\/wp-json\/wp\/v2\/types\/product"}],"wp:featuredmedia":[{"embeddable":true,"href":"https:\/\/dressler1929.com\/en\/wp-json\/wp\/v2\/media\/5558"}],"wp:attachment":[{"href":"https:\/\/dressler1929.com\/en\/wp-json\/wp\/v2\/media?parent=5641"}],"wp:term":[{"taxonomy":"product_brand","embeddable":true,"href":"https:\/\/dressler1929.com\/en\/wp-json\/wp\/v2\/product_brand?post=5641"},{"taxonomy":"product_cat","embeddable":true,"href":"https:\/\/dressler1929.com\/en\/wp-json\/wp\/v2\/product_cat?post=5641"},{"taxonomy":"product_tag","embeddable":true,"href":"https:\/\/dressler1929.com\/en\/wp-json\/wp\/v2\/product_tag?post=5641"},{"taxonomy":"kollektion","embeddable":true,"href":"https:\/\/dressler1929.com\/en\/wp-json\/wp\/v2\/kollektion?post=5641"}],"curies":[{"name":"wp","href":"https:\/\/api.w.org\/{rel}","templated":true}]}}