{"id":5708,"date":"2024-02-22T12:01:10","date_gmt":"2024-02-22T11:01:10","guid":{"rendered":"https:\/\/eduard-dressler.com\/?post_type=product&#038;p=5708"},"modified":"2024-03-05T14:42:42","modified_gmt":"2024-03-05T13:42:42","slug":"100100-71201-39-blouson-with-patch-pockets-and-2-way-zipper","status":"publish","type":"product","link":"https:\/\/dressler1929.com\/en\/products\/jackets\/100100-71201-39-blouson-with-patch-pockets-and-2-way-zipper\/","title":{"rendered":"Blouson with patch pockets and 2-way zipper"},"content":{"rendered":"","protected":false},"excerpt":{"rendered":"<p>This blouson made from a high-quality virgin wool and cotton blend offers maximum comfort thanks to its stretch content.<\/p>\n<h6>Details<\/h6>\n<ul>\n<li>high-quality virgin wool-cotton blend with stretch<\/li>\n<li>maximum wearing comfort<\/li>\n<li>comfort fit, straight cut<\/li>\n<li>blouson with turn-down collar<\/li>\n<li>closed with 2-way zip<\/li>\n<li>patch flap pockets with additional side entry<\/li>\n<li>two inner pockets, one with zip<\/li>\n<li>fully lined<\/li>\n<li>cuff with button<\/li>\n<\/ul>\n","protected":false},"featured_media":5564,"template":"","meta":{"inline_featured_image":false},"product_brand":[],"product_cat":[45],"product_tag":[],"kollektion":[72],"class_list":{"0":"post-5708","1":"product","2":"type-product","3":"status-publish","4":"has-post-thumbnail","6":"product_cat-jackets","7":"kollektion-spring-summer-2024","9":"first","10":"instock","11":"shipping-taxable","12":"product-type-external"},"yoast_head":"<!-- This site is optimized with the Yoast SEO Premium plugin v27.3 (Yoast SEO v27.3) - https:\/\/yoast.com\/product\/yoast-seo-premium-wordpress\/ -->\n<title>DRESSLER - Blouson with patch pockets and 2-way zipper<\/title>\n<meta name=\"description\" content=\"Blouson with patch pockets and 2-way zipper: This blouson made from a high-quality virgin wool and cotton blend offers maximum comfort thanks to its stretch content. Details   high-quality virgin wool-cotton blend with stretch  maximum wearing comfort  comfort fit, straight cut  blouson with turn-down collar  closed with 2-way zip  patch flap pockets with additional side entry  two inner pockets, one with zip  fully lined  cuff with button\" \/>\n<meta name=\"robots\" content=\"index, follow, max-snippet:-1, max-image-preview:large, max-video-preview:-1\" \/>\n<link rel=\"canonical\" href=\"https:\/\/dressler1929.com\/en\/products\/jackets\/100100-71201-39-blouson-with-patch-pockets-and-2-way-zipper\/\" \/>\n<meta property=\"og:locale\" content=\"en_US\" \/>\n<meta property=\"og:type\" content=\"article\" \/>\n<meta property=\"og:title\" content=\"DRESSLER - Blouson with patch pockets and 2-way zipper\" \/>\n<meta property=\"og:description\" content=\"Blouson with patch pockets and 2-way zipper: This blouson made from a high-quality virgin wool and cotton blend offers maximum comfort thanks to its stretch content. Details   high-quality virgin wool-cotton blend with stretch  maximum wearing comfort  comfort fit, straight cut  blouson with turn-down collar  closed with 2-way zip  patch flap pockets with additional side entry  two inner pockets, one with zip  fully lined  cuff with button\" \/>\n<meta property=\"og:url\" content=\"https:\/\/dressler1929.com\/en\/products\/jackets\/100100-71201-39-blouson-with-patch-pockets-and-2-way-zipper\/\" \/>\n<meta property=\"og:site_name\" content=\"DRESSLER\" \/>\n<meta property=\"article:publisher\" content=\"https:\/\/www.facebook.com\/dressler.official\" \/>\n<meta property=\"article:modified_time\" content=\"2024-03-05T13:42:42+00:00\" \/>\n<meta property=\"og:image\" content=\"https:\/\/dressler1929.com\/wp-content\/uploads\/2024\/02\/edr_100100_71201_39_f_fruehjahr-sommer-2024-F1-scaled.jpg\" \/>\n\t<meta property=\"og:image:width\" content=\"1707\" \/>\n\t<meta property=\"og:image:height\" content=\"2560\" \/>\n\t<meta property=\"og:image:type\" content=\"image\/jpeg\" \/>\n<meta name=\"twitter:card\" content=\"summary_large_image\" \/>\n<meta name=\"twitter:site\" content=\"@dressler\" \/>\n<meta name=\"twitter:label1\" content=\"Est. reading time\" \/>\n\t<meta name=\"twitter:data1\" content=\"1 minute\" \/>\n<script type=\"application\/ld+json\" class=\"yoast-schema-graph\">{\"@context\":\"https:\\\/\\\/schema.org\",\"@graph\":[{\"@type\":\"WebPage\",\"@id\":\"https:\\\/\\\/dressler1929.com\\\/en\\\/products\\\/jackets\\\/100100-71201-39-blouson-with-patch-pockets-and-2-way-zipper\\\/\",\"url\":\"https:\\\/\\\/dressler1929.com\\\/en\\\/products\\\/jackets\\\/100100-71201-39-blouson-with-patch-pockets-and-2-way-zipper\\\/\",\"name\":\"DRESSLER - Blouson with patch pockets and 2-way zipper\",\"isPartOf\":{\"@id\":\"https:\\\/\\\/dressler1929.com\\\/en\\\/#website\"},\"primaryImageOfPage\":{\"@id\":\"https:\\\/\\\/dressler1929.com\\\/en\\\/products\\\/jackets\\\/100100-71201-39-blouson-with-patch-pockets-and-2-way-zipper\\\/#primaryimage\"},\"image\":{\"@id\":\"https:\\\/\\\/dressler1929.com\\\/en\\\/products\\\/jackets\\\/100100-71201-39-blouson-with-patch-pockets-and-2-way-zipper\\\/#primaryimage\"},\"thumbnailUrl\":\"https:\\\/\\\/dressler1929.com\\\/wp-content\\\/uploads\\\/2024\\\/02\\\/edr_100100_71201_39_f_fruehjahr-sommer-2024-F1-scaled.jpg\",\"datePublished\":\"2024-02-22T11:01:10+00:00\",\"dateModified\":\"2024-03-05T13:42:42+00:00\",\"description\":\"Blouson with patch pockets and 2-way zipper: This blouson made from a high-quality virgin wool and cotton blend offers maximum comfort thanks to its stretch content. Details high-quality virgin wool-cotton blend with stretch maximum wearing comfort comfort fit, straight cut blouson with turn-down collar closed with 2-way zip patch flap pockets with additional side entry two inner pockets, one with zip fully lined cuff with button\",\"breadcrumb\":{\"@id\":\"https:\\\/\\\/dressler1929.com\\\/en\\\/products\\\/jackets\\\/100100-71201-39-blouson-with-patch-pockets-and-2-way-zipper\\\/#breadcrumb\"},\"inLanguage\":\"en-US\",\"potentialAction\":[{\"@type\":\"ReadAction\",\"target\":[\"https:\\\/\\\/dressler1929.com\\\/en\\\/products\\\/jackets\\\/100100-71201-39-blouson-with-patch-pockets-and-2-way-zipper\\\/\"]}]},{\"@type\":\"ImageObject\",\"inLanguage\":\"en-US\",\"@id\":\"https:\\\/\\\/dressler1929.com\\\/en\\\/products\\\/jackets\\\/100100-71201-39-blouson-with-patch-pockets-and-2-way-zipper\\\/#primaryimage\",\"url\":\"https:\\\/\\\/dressler1929.com\\\/wp-content\\\/uploads\\\/2024\\\/02\\\/edr_100100_71201_39_f_fruehjahr-sommer-2024-F1-scaled.jpg\",\"contentUrl\":\"https:\\\/\\\/dressler1929.com\\\/wp-content\\\/uploads\\\/2024\\\/02\\\/edr_100100_71201_39_f_fruehjahr-sommer-2024-F1-scaled.jpg\",\"width\":1707,\"height\":2560},{\"@type\":\"BreadcrumbList\",\"@id\":\"https:\\\/\\\/dressler1929.com\\\/en\\\/products\\\/jackets\\\/100100-71201-39-blouson-with-patch-pockets-and-2-way-zipper\\\/#breadcrumb\",\"itemListElement\":[{\"@type\":\"ListItem\",\"position\":1,\"name\":\"Startseite\",\"item\":\"https:\\\/\\\/dressler1929.com\\\/en\\\/home\\\/\"},{\"@type\":\"ListItem\",\"position\":2,\"name\":\"Products\",\"item\":\"https:\\\/\\\/dressler1929.com\\\/en\\\/products\\\/\"},{\"@type\":\"ListItem\",\"position\":3,\"name\":\"Blouson with patch pockets and 2-way zipper\"}]},{\"@type\":\"WebSite\",\"@id\":\"https:\\\/\\\/dressler1929.com\\\/en\\\/#website\",\"url\":\"https:\\\/\\\/dressler1929.com\\\/en\\\/\",\"name\":\"DRESSLER\",\"description\":\"Exclusive menswear\",\"publisher\":{\"@id\":\"https:\\\/\\\/dressler1929.com\\\/en\\\/#organization\"},\"potentialAction\":[{\"@type\":\"SearchAction\",\"target\":{\"@type\":\"EntryPoint\",\"urlTemplate\":\"https:\\\/\\\/dressler1929.com\\\/en\\\/?s={search_term_string}\"},\"query-input\":{\"@type\":\"PropertyValueSpecification\",\"valueRequired\":true,\"valueName\":\"search_term_string\"}}],\"inLanguage\":\"en-US\"},{\"@type\":\"Organization\",\"@id\":\"https:\\\/\\\/dressler1929.com\\\/en\\\/#organization\",\"name\":\"DRESSLER\",\"url\":\"https:\\\/\\\/dressler1929.com\\\/en\\\/\",\"logo\":{\"@type\":\"ImageObject\",\"inLanguage\":\"en-US\",\"@id\":\"https:\\\/\\\/dressler1929.com\\\/en\\\/#\\\/schema\\\/logo\\\/image\\\/\",\"url\":\"https:\\\/\\\/dressler1929.com\\\/wp-content\\\/uploads\\\/2026\\\/02\\\/Dressler_Inital_black_vector_final.png\",\"contentUrl\":\"https:\\\/\\\/dressler1929.com\\\/wp-content\\\/uploads\\\/2026\\\/02\\\/Dressler_Inital_black_vector_final.png\",\"width\":1200,\"height\":1200,\"caption\":\"DRESSLER\"},\"image\":{\"@id\":\"https:\\\/\\\/dressler1929.com\\\/en\\\/#\\\/schema\\\/logo\\\/image\\\/\"},\"sameAs\":[\"https:\\\/\\\/www.facebook.com\\\/dressler.official\",\"https:\\\/\\\/x.com\\\/dressler\",\"https:\\\/\\\/www.instagram.com\\\/dressler_official\\\/\",\"https:\\\/\\\/www.youtube.com\\\/@dressler_official\",\"https:\\\/\\\/www.linkedin.com\\\/company\\\/dressler-bekleidungswerke-brinkmann-gmbh-&-co-kg\\\/\",\"https:\\\/\\\/pinterest.com\\\/dressler1929\\\/\"],\"description\":\"DRESSLER aus Gro\u00dfostheim in Bayern ist eines der \u00e4ltesten Herrenmodeunternehmen Deutschlands. Das Unternehmen wurde 1929 von seinem Namensgeber Eduard Dresser gegr\u00fcndet und \u00fcber mehr als 75 Jahre als Familienbetrieb gef\u00fchrt, bevor es 2004 in die in Herford ans\u00e4ssige Brinkmann Gruppe integriert wurde. Der Hauptsitz der Dressler Bekleidungswerke Brinkmann GmbH & Co. KG befindet sich weiterhin am historischen Standort nahe Frankfurt am Main. DRESSLER ist im gehobenen Marktsegment der Herrenmode im Stil der modernen Klassik positioniert und bekannt f\u00fcr seine \u00e4u\u00dferst hohen Qualit\u00e4tsstandards in Verarbeitung und Materialauswahl.\",\"email\":\"info@dressler1929.com\",\"telephone\":\"+49 06026 5020\",\"legalName\":\"Dressler Bekleidungswerke Brinkmann GmbH & Co. KG\",\"foundingDate\":\"1929-01-01\",\"vatID\":\"DE813847219\",\"numberOfEmployees\":{\"@type\":\"QuantitativeValue\",\"minValue\":\"11\",\"maxValue\":\"50\"}}]}<\/script>\n<!-- \/ Yoast SEO Premium plugin. -->","yoast_head_json":{"title":"DRESSLER - Blouson with patch pockets and 2-way zipper","description":"Blouson with patch pockets and 2-way zipper: This blouson made from a high-quality virgin wool and cotton blend offers maximum comfort thanks to its stretch content. Details   high-quality virgin wool-cotton blend with stretch  maximum wearing comfort  comfort fit, straight cut  blouson with turn-down collar  closed with 2-way zip  patch flap pockets with additional side entry  two inner pockets, one with zip  fully lined  cuff with button","robots":{"index":"index","follow":"follow","max-snippet":"max-snippet:-1","max-image-preview":"max-image-preview:large","max-video-preview":"max-video-preview:-1"},"canonical":"https:\/\/dressler1929.com\/en\/products\/jackets\/100100-71201-39-blouson-with-patch-pockets-and-2-way-zipper\/","og_locale":"en_US","og_type":"article","og_title":"DRESSLER - Blouson with patch pockets and 2-way zipper","og_description":"Blouson with patch pockets and 2-way zipper: This blouson made from a high-quality virgin wool and cotton blend offers maximum comfort thanks to its stretch content. Details   high-quality virgin wool-cotton blend with stretch  maximum wearing comfort  comfort fit, straight cut  blouson with turn-down collar  closed with 2-way zip  patch flap pockets with additional side entry  two inner pockets, one with zip  fully lined  cuff with button","og_url":"https:\/\/dressler1929.com\/en\/products\/jackets\/100100-71201-39-blouson-with-patch-pockets-and-2-way-zipper\/","og_site_name":"DRESSLER","article_publisher":"https:\/\/www.facebook.com\/dressler.official","article_modified_time":"2024-03-05T13:42:42+00:00","og_image":[{"width":1707,"height":2560,"url":"https:\/\/dressler1929.com\/wp-content\/uploads\/2024\/02\/edr_100100_71201_39_f_fruehjahr-sommer-2024-F1-scaled.jpg","type":"image\/jpeg"}],"twitter_card":"summary_large_image","twitter_site":"@dressler","twitter_misc":{"Est. reading time":"1 minute"},"schema":{"@context":"https:\/\/schema.org","@graph":[{"@type":"WebPage","@id":"https:\/\/dressler1929.com\/en\/products\/jackets\/100100-71201-39-blouson-with-patch-pockets-and-2-way-zipper\/","url":"https:\/\/dressler1929.com\/en\/products\/jackets\/100100-71201-39-blouson-with-patch-pockets-and-2-way-zipper\/","name":"DRESSLER - Blouson with patch pockets and 2-way zipper","isPartOf":{"@id":"https:\/\/dressler1929.com\/en\/#website"},"primaryImageOfPage":{"@id":"https:\/\/dressler1929.com\/en\/products\/jackets\/100100-71201-39-blouson-with-patch-pockets-and-2-way-zipper\/#primaryimage"},"image":{"@id":"https:\/\/dressler1929.com\/en\/products\/jackets\/100100-71201-39-blouson-with-patch-pockets-and-2-way-zipper\/#primaryimage"},"thumbnailUrl":"https:\/\/dressler1929.com\/wp-content\/uploads\/2024\/02\/edr_100100_71201_39_f_fruehjahr-sommer-2024-F1-scaled.jpg","datePublished":"2024-02-22T11:01:10+00:00","dateModified":"2024-03-05T13:42:42+00:00","description":"Blouson with patch pockets and 2-way zipper: This blouson made from a high-quality virgin wool and cotton blend offers maximum comfort thanks to its stretch content. Details high-quality virgin wool-cotton blend with stretch maximum wearing comfort comfort fit, straight cut blouson with turn-down collar closed with 2-way zip patch flap pockets with additional side entry two inner pockets, one with zip fully lined cuff with button","breadcrumb":{"@id":"https:\/\/dressler1929.com\/en\/products\/jackets\/100100-71201-39-blouson-with-patch-pockets-and-2-way-zipper\/#breadcrumb"},"inLanguage":"en-US","potentialAction":[{"@type":"ReadAction","target":["https:\/\/dressler1929.com\/en\/products\/jackets\/100100-71201-39-blouson-with-patch-pockets-and-2-way-zipper\/"]}]},{"@type":"ImageObject","inLanguage":"en-US","@id":"https:\/\/dressler1929.com\/en\/products\/jackets\/100100-71201-39-blouson-with-patch-pockets-and-2-way-zipper\/#primaryimage","url":"https:\/\/dressler1929.com\/wp-content\/uploads\/2024\/02\/edr_100100_71201_39_f_fruehjahr-sommer-2024-F1-scaled.jpg","contentUrl":"https:\/\/dressler1929.com\/wp-content\/uploads\/2024\/02\/edr_100100_71201_39_f_fruehjahr-sommer-2024-F1-scaled.jpg","width":1707,"height":2560},{"@type":"BreadcrumbList","@id":"https:\/\/dressler1929.com\/en\/products\/jackets\/100100-71201-39-blouson-with-patch-pockets-and-2-way-zipper\/#breadcrumb","itemListElement":[{"@type":"ListItem","position":1,"name":"Startseite","item":"https:\/\/dressler1929.com\/en\/home\/"},{"@type":"ListItem","position":2,"name":"Products","item":"https:\/\/dressler1929.com\/en\/products\/"},{"@type":"ListItem","position":3,"name":"Blouson with patch pockets and 2-way zipper"}]},{"@type":"WebSite","@id":"https:\/\/dressler1929.com\/en\/#website","url":"https:\/\/dressler1929.com\/en\/","name":"DRESSLER","description":"Exclusive menswear","publisher":{"@id":"https:\/\/dressler1929.com\/en\/#organization"},"potentialAction":[{"@type":"SearchAction","target":{"@type":"EntryPoint","urlTemplate":"https:\/\/dressler1929.com\/en\/?s={search_term_string}"},"query-input":{"@type":"PropertyValueSpecification","valueRequired":true,"valueName":"search_term_string"}}],"inLanguage":"en-US"},{"@type":"Organization","@id":"https:\/\/dressler1929.com\/en\/#organization","name":"DRESSLER","url":"https:\/\/dressler1929.com\/en\/","logo":{"@type":"ImageObject","inLanguage":"en-US","@id":"https:\/\/dressler1929.com\/en\/#\/schema\/logo\/image\/","url":"https:\/\/dressler1929.com\/wp-content\/uploads\/2026\/02\/Dressler_Inital_black_vector_final.png","contentUrl":"https:\/\/dressler1929.com\/wp-content\/uploads\/2026\/02\/Dressler_Inital_black_vector_final.png","width":1200,"height":1200,"caption":"DRESSLER"},"image":{"@id":"https:\/\/dressler1929.com\/en\/#\/schema\/logo\/image\/"},"sameAs":["https:\/\/www.facebook.com\/dressler.official","https:\/\/x.com\/dressler","https:\/\/www.instagram.com\/dressler_official\/","https:\/\/www.youtube.com\/@dressler_official","https:\/\/www.linkedin.com\/company\/dressler-bekleidungswerke-brinkmann-gmbh-&-co-kg\/","https:\/\/pinterest.com\/dressler1929\/"],"description":"DRESSLER aus Gro\u00dfostheim in Bayern ist eines der \u00e4ltesten Herrenmodeunternehmen Deutschlands. Das Unternehmen wurde 1929 von seinem Namensgeber Eduard Dresser gegr\u00fcndet und \u00fcber mehr als 75 Jahre als Familienbetrieb gef\u00fchrt, bevor es 2004 in die in Herford ans\u00e4ssige Brinkmann Gruppe integriert wurde. Der Hauptsitz der Dressler Bekleidungswerke Brinkmann GmbH & Co. KG befindet sich weiterhin am historischen Standort nahe Frankfurt am Main. DRESSLER ist im gehobenen Marktsegment der Herrenmode im Stil der modernen Klassik positioniert und bekannt f\u00fcr seine \u00e4u\u00dferst hohen Qualit\u00e4tsstandards in Verarbeitung und Materialauswahl.","email":"info@dressler1929.com","telephone":"+49 06026 5020","legalName":"Dressler Bekleidungswerke Brinkmann GmbH & Co. KG","foundingDate":"1929-01-01","vatID":"DE813847219","numberOfEmployees":{"@type":"QuantitativeValue","minValue":"11","maxValue":"50"}}]}},"_links":{"self":[{"href":"https:\/\/dressler1929.com\/en\/wp-json\/wp\/v2\/product\/5708","targetHints":{"allow":["GET"]}}],"collection":[{"href":"https:\/\/dressler1929.com\/en\/wp-json\/wp\/v2\/product"}],"about":[{"href":"https:\/\/dressler1929.com\/en\/wp-json\/wp\/v2\/types\/product"}],"wp:featuredmedia":[{"embeddable":true,"href":"https:\/\/dressler1929.com\/en\/wp-json\/wp\/v2\/media\/5564"}],"wp:attachment":[{"href":"https:\/\/dressler1929.com\/en\/wp-json\/wp\/v2\/media?parent=5708"}],"wp:term":[{"taxonomy":"product_brand","embeddable":true,"href":"https:\/\/dressler1929.com\/en\/wp-json\/wp\/v2\/product_brand?post=5708"},{"taxonomy":"product_cat","embeddable":true,"href":"https:\/\/dressler1929.com\/en\/wp-json\/wp\/v2\/product_cat?post=5708"},{"taxonomy":"product_tag","embeddable":true,"href":"https:\/\/dressler1929.com\/en\/wp-json\/wp\/v2\/product_tag?post=5708"},{"taxonomy":"kollektion","embeddable":true,"href":"https:\/\/dressler1929.com\/en\/wp-json\/wp\/v2\/kollektion?post=5708"}],"curies":[{"name":"wp","href":"https:\/\/api.w.org\/{rel}","templated":true}]}}