{"id":8457,"date":"2025-02-15T06:00:50","date_gmt":"2025-02-15T05:00:50","guid":{"rendered":"https:\/\/dressler1929.com\/?post_type=product&#038;p=8457"},"modified":"2025-02-20T00:17:01","modified_gmt":"2025-02-19T23:17:01","slug":"121108-53w29-67-shirt-jacket-in-olive-with-a-linen-look","status":"publish","type":"product","link":"https:\/\/dressler1929.com\/en\/products\/jacket\/121108-53w29-67-shirt-jacket-in-olive-with-a-linen-look\/","title":{"rendered":"Shirt jacket in olive with a linen look"},"content":{"rendered":"","protected":false},"excerpt":{"rendered":"<p>The jacket made of a cotton-linen blend with natural stretch offers maximum comfort.<\/p>\n<h6>Details<\/h6>\n<ul>\n<li>regular fit, figur hugging<\/li>\n<li>unconstructed finish, very light wearing comfort<\/li>\n<li>single breasted, three buttons<\/li>\n<li>rolling two-button with turn-down collar<\/li>\n<li>not lined<\/li>\n<li>two side vents<\/li>\n<li>sleeve cuffs with button<\/li>\n<li>two patch pockets<\/li>\n<li>one inner welt pockets with button<\/li>\n<li>welt pocket at breast<\/li>\n<li>garment washed<\/li>\n<\/ul>\n","protected":false},"featured_media":8341,"template":"","meta":{"inline_featured_image":false},"product_brand":[],"product_cat":[43],"product_tag":[],"kollektion":[81],"class_list":{"0":"post-8457","1":"product","2":"type-product","3":"status-publish","4":"has-post-thumbnail","6":"product_cat-jacket","7":"kollektion-spring-summer-2025","9":"first","10":"instock","11":"shipping-taxable","12":"product-type-external"},"yoast_head":"<!-- This site is optimized with the Yoast SEO Premium plugin v27.3 (Yoast SEO v27.3) - https:\/\/yoast.com\/product\/yoast-seo-premium-wordpress\/ -->\n<title>DRESSLER - Shirt jacket in olive with a linen look<\/title>\n<meta name=\"description\" content=\"Shirt jacket in olive with a linen look: The jacket made of a cotton-linen blend with natural stretch offers maximum comfort. Details   regular fit, figur hugging  unconstructed finish, very light wearing comfort  single breasted, three buttons  rolling two-button with turn-down collar  not lined  two side vents  sleeve cuffs with button  two patch pockets  one inner welt pockets with button  welt pocket at breast  garment washed\" \/>\n<meta name=\"robots\" content=\"index, follow, max-snippet:-1, max-image-preview:large, max-video-preview:-1\" \/>\n<link rel=\"canonical\" href=\"https:\/\/dressler1929.com\/en\/products\/jacket\/121108-53w29-67-shirt-jacket-in-olive-with-a-linen-look\/\" \/>\n<meta property=\"og:locale\" content=\"en_US\" \/>\n<meta property=\"og:type\" content=\"article\" \/>\n<meta property=\"og:title\" content=\"DRESSLER - Shirt jacket in olive with a linen look\" \/>\n<meta property=\"og:description\" content=\"Shirt jacket in olive with a linen look: The jacket made of a cotton-linen blend with natural stretch offers maximum comfort. Details   regular fit, figur hugging  unconstructed finish, very light wearing comfort  single breasted, three buttons  rolling two-button with turn-down collar  not lined  two side vents  sleeve cuffs with button  two patch pockets  one inner welt pockets with button  welt pocket at breast  garment washed\" \/>\n<meta property=\"og:url\" content=\"https:\/\/dressler1929.com\/en\/products\/jacket\/121108-53w29-67-shirt-jacket-in-olive-with-a-linen-look\/\" \/>\n<meta property=\"og:site_name\" content=\"DRESSLER\" \/>\n<meta property=\"article:publisher\" content=\"https:\/\/www.facebook.com\/dressler.official\" \/>\n<meta property=\"article:modified_time\" content=\"2025-02-19T23:17:01+00:00\" \/>\n<meta property=\"og:image\" content=\"https:\/\/dressler1929.com\/wp-content\/uploads\/2025\/02\/dressler-products-spring-summer-2025-F1-web-121108_53W29_67-scaled.jpg\" \/>\n\t<meta property=\"og:image:width\" content=\"1707\" \/>\n\t<meta property=\"og:image:height\" content=\"2560\" \/>\n\t<meta property=\"og:image:type\" content=\"image\/jpeg\" \/>\n<meta name=\"twitter:card\" content=\"summary_large_image\" \/>\n<meta name=\"twitter:site\" content=\"@dressler\" \/>\n<meta name=\"twitter:label1\" content=\"Est. reading time\" \/>\n\t<meta name=\"twitter:data1\" content=\"1 minute\" \/>\n<script type=\"application\/ld+json\" class=\"yoast-schema-graph\">{\"@context\":\"https:\\\/\\\/schema.org\",\"@graph\":[{\"@type\":\"WebPage\",\"@id\":\"https:\\\/\\\/dressler1929.com\\\/en\\\/products\\\/jacket\\\/121108-53w29-67-shirt-jacket-in-olive-with-a-linen-look\\\/\",\"url\":\"https:\\\/\\\/dressler1929.com\\\/en\\\/products\\\/jacket\\\/121108-53w29-67-shirt-jacket-in-olive-with-a-linen-look\\\/\",\"name\":\"DRESSLER - Shirt jacket in olive with a linen look\",\"isPartOf\":{\"@id\":\"https:\\\/\\\/dressler1929.com\\\/en\\\/#website\"},\"primaryImageOfPage\":{\"@id\":\"https:\\\/\\\/dressler1929.com\\\/en\\\/products\\\/jacket\\\/121108-53w29-67-shirt-jacket-in-olive-with-a-linen-look\\\/#primaryimage\"},\"image\":{\"@id\":\"https:\\\/\\\/dressler1929.com\\\/en\\\/products\\\/jacket\\\/121108-53w29-67-shirt-jacket-in-olive-with-a-linen-look\\\/#primaryimage\"},\"thumbnailUrl\":\"https:\\\/\\\/dressler1929.com\\\/wp-content\\\/uploads\\\/2025\\\/02\\\/dressler-products-spring-summer-2025-F1-web-121108_53W29_67-scaled.jpg\",\"datePublished\":\"2025-02-15T05:00:50+00:00\",\"dateModified\":\"2025-02-19T23:17:01+00:00\",\"description\":\"Shirt jacket in olive with a linen look: The jacket made of a cotton-linen blend with natural stretch offers maximum comfort. Details regular fit, figur hugging unconstructed finish, very light wearing comfort single breasted, three buttons rolling two-button with turn-down collar not lined two side vents sleeve cuffs with button two patch pockets one inner welt pockets with button welt pocket at breast garment washed\",\"breadcrumb\":{\"@id\":\"https:\\\/\\\/dressler1929.com\\\/en\\\/products\\\/jacket\\\/121108-53w29-67-shirt-jacket-in-olive-with-a-linen-look\\\/#breadcrumb\"},\"inLanguage\":\"en-US\",\"potentialAction\":[{\"@type\":\"ReadAction\",\"target\":[\"https:\\\/\\\/dressler1929.com\\\/en\\\/products\\\/jacket\\\/121108-53w29-67-shirt-jacket-in-olive-with-a-linen-look\\\/\"]}]},{\"@type\":\"ImageObject\",\"inLanguage\":\"en-US\",\"@id\":\"https:\\\/\\\/dressler1929.com\\\/en\\\/products\\\/jacket\\\/121108-53w29-67-shirt-jacket-in-olive-with-a-linen-look\\\/#primaryimage\",\"url\":\"https:\\\/\\\/dressler1929.com\\\/wp-content\\\/uploads\\\/2025\\\/02\\\/dressler-products-spring-summer-2025-F1-web-121108_53W29_67-scaled.jpg\",\"contentUrl\":\"https:\\\/\\\/dressler1929.com\\\/wp-content\\\/uploads\\\/2025\\\/02\\\/dressler-products-spring-summer-2025-F1-web-121108_53W29_67-scaled.jpg\",\"width\":1707,\"height\":2560},{\"@type\":\"BreadcrumbList\",\"@id\":\"https:\\\/\\\/dressler1929.com\\\/en\\\/products\\\/jacket\\\/121108-53w29-67-shirt-jacket-in-olive-with-a-linen-look\\\/#breadcrumb\",\"itemListElement\":[{\"@type\":\"ListItem\",\"position\":1,\"name\":\"Startseite\",\"item\":\"https:\\\/\\\/dressler1929.com\\\/en\\\/home\\\/\"},{\"@type\":\"ListItem\",\"position\":2,\"name\":\"Products\",\"item\":\"https:\\\/\\\/dressler1929.com\\\/en\\\/products\\\/\"},{\"@type\":\"ListItem\",\"position\":3,\"name\":\"Shirt jacket in olive with a linen look\"}]},{\"@type\":\"WebSite\",\"@id\":\"https:\\\/\\\/dressler1929.com\\\/en\\\/#website\",\"url\":\"https:\\\/\\\/dressler1929.com\\\/en\\\/\",\"name\":\"DRESSLER\",\"description\":\"Exclusive menswear\",\"publisher\":{\"@id\":\"https:\\\/\\\/dressler1929.com\\\/en\\\/#organization\"},\"potentialAction\":[{\"@type\":\"SearchAction\",\"target\":{\"@type\":\"EntryPoint\",\"urlTemplate\":\"https:\\\/\\\/dressler1929.com\\\/en\\\/?s={search_term_string}\"},\"query-input\":{\"@type\":\"PropertyValueSpecification\",\"valueRequired\":true,\"valueName\":\"search_term_string\"}}],\"inLanguage\":\"en-US\"},{\"@type\":\"Organization\",\"@id\":\"https:\\\/\\\/dressler1929.com\\\/en\\\/#organization\",\"name\":\"DRESSLER\",\"url\":\"https:\\\/\\\/dressler1929.com\\\/en\\\/\",\"logo\":{\"@type\":\"ImageObject\",\"inLanguage\":\"en-US\",\"@id\":\"https:\\\/\\\/dressler1929.com\\\/en\\\/#\\\/schema\\\/logo\\\/image\\\/\",\"url\":\"https:\\\/\\\/dressler1929.com\\\/wp-content\\\/uploads\\\/2026\\\/02\\\/Dressler_Inital_black_vector_final.png\",\"contentUrl\":\"https:\\\/\\\/dressler1929.com\\\/wp-content\\\/uploads\\\/2026\\\/02\\\/Dressler_Inital_black_vector_final.png\",\"width\":1200,\"height\":1200,\"caption\":\"DRESSLER\"},\"image\":{\"@id\":\"https:\\\/\\\/dressler1929.com\\\/en\\\/#\\\/schema\\\/logo\\\/image\\\/\"},\"sameAs\":[\"https:\\\/\\\/www.facebook.com\\\/dressler.official\",\"https:\\\/\\\/x.com\\\/dressler\",\"https:\\\/\\\/www.instagram.com\\\/dressler_official\\\/\",\"https:\\\/\\\/www.youtube.com\\\/@dressler_official\",\"https:\\\/\\\/www.linkedin.com\\\/company\\\/dressler-bekleidungswerke-brinkmann-gmbh-&-co-kg\\\/\",\"https:\\\/\\\/pinterest.com\\\/dressler1929\\\/\"],\"description\":\"DRESSLER aus Gro\u00dfostheim in Bayern ist eines der \u00e4ltesten Herrenmodeunternehmen Deutschlands. Das Unternehmen wurde 1929 von seinem Namensgeber Eduard Dresser gegr\u00fcndet und \u00fcber mehr als 75 Jahre als Familienbetrieb gef\u00fchrt, bevor es 2004 in die in Herford ans\u00e4ssige Brinkmann Gruppe integriert wurde. Der Hauptsitz der Dressler Bekleidungswerke Brinkmann GmbH & Co. KG befindet sich weiterhin am historischen Standort nahe Frankfurt am Main. DRESSLER ist im gehobenen Marktsegment der Herrenmode im Stil der modernen Klassik positioniert und bekannt f\u00fcr seine \u00e4u\u00dferst hohen Qualit\u00e4tsstandards in Verarbeitung und Materialauswahl.\",\"email\":\"info@dressler1929.com\",\"telephone\":\"+49 06026 5020\",\"legalName\":\"Dressler Bekleidungswerke Brinkmann GmbH & Co. KG\",\"foundingDate\":\"1929-01-01\",\"vatID\":\"DE813847219\",\"numberOfEmployees\":{\"@type\":\"QuantitativeValue\",\"minValue\":\"11\",\"maxValue\":\"50\"}}]}<\/script>\n<!-- \/ Yoast SEO Premium plugin. -->","yoast_head_json":{"title":"DRESSLER - Shirt jacket in olive with a linen look","description":"Shirt jacket in olive with a linen look: The jacket made of a cotton-linen blend with natural stretch offers maximum comfort. Details   regular fit, figur hugging  unconstructed finish, very light wearing comfort  single breasted, three buttons  rolling two-button with turn-down collar  not lined  two side vents  sleeve cuffs with button  two patch pockets  one inner welt pockets with button  welt pocket at breast  garment washed","robots":{"index":"index","follow":"follow","max-snippet":"max-snippet:-1","max-image-preview":"max-image-preview:large","max-video-preview":"max-video-preview:-1"},"canonical":"https:\/\/dressler1929.com\/en\/products\/jacket\/121108-53w29-67-shirt-jacket-in-olive-with-a-linen-look\/","og_locale":"en_US","og_type":"article","og_title":"DRESSLER - Shirt jacket in olive with a linen look","og_description":"Shirt jacket in olive with a linen look: The jacket made of a cotton-linen blend with natural stretch offers maximum comfort. Details   regular fit, figur hugging  unconstructed finish, very light wearing comfort  single breasted, three buttons  rolling two-button with turn-down collar  not lined  two side vents  sleeve cuffs with button  two patch pockets  one inner welt pockets with button  welt pocket at breast  garment washed","og_url":"https:\/\/dressler1929.com\/en\/products\/jacket\/121108-53w29-67-shirt-jacket-in-olive-with-a-linen-look\/","og_site_name":"DRESSLER","article_publisher":"https:\/\/www.facebook.com\/dressler.official","article_modified_time":"2025-02-19T23:17:01+00:00","og_image":[{"width":1707,"height":2560,"url":"https:\/\/dressler1929.com\/wp-content\/uploads\/2025\/02\/dressler-products-spring-summer-2025-F1-web-121108_53W29_67-scaled.jpg","type":"image\/jpeg"}],"twitter_card":"summary_large_image","twitter_site":"@dressler","twitter_misc":{"Est. reading time":"1 minute"},"schema":{"@context":"https:\/\/schema.org","@graph":[{"@type":"WebPage","@id":"https:\/\/dressler1929.com\/en\/products\/jacket\/121108-53w29-67-shirt-jacket-in-olive-with-a-linen-look\/","url":"https:\/\/dressler1929.com\/en\/products\/jacket\/121108-53w29-67-shirt-jacket-in-olive-with-a-linen-look\/","name":"DRESSLER - Shirt jacket in olive with a linen look","isPartOf":{"@id":"https:\/\/dressler1929.com\/en\/#website"},"primaryImageOfPage":{"@id":"https:\/\/dressler1929.com\/en\/products\/jacket\/121108-53w29-67-shirt-jacket-in-olive-with-a-linen-look\/#primaryimage"},"image":{"@id":"https:\/\/dressler1929.com\/en\/products\/jacket\/121108-53w29-67-shirt-jacket-in-olive-with-a-linen-look\/#primaryimage"},"thumbnailUrl":"https:\/\/dressler1929.com\/wp-content\/uploads\/2025\/02\/dressler-products-spring-summer-2025-F1-web-121108_53W29_67-scaled.jpg","datePublished":"2025-02-15T05:00:50+00:00","dateModified":"2025-02-19T23:17:01+00:00","description":"Shirt jacket in olive with a linen look: The jacket made of a cotton-linen blend with natural stretch offers maximum comfort. Details regular fit, figur hugging unconstructed finish, very light wearing comfort single breasted, three buttons rolling two-button with turn-down collar not lined two side vents sleeve cuffs with button two patch pockets one inner welt pockets with button welt pocket at breast garment washed","breadcrumb":{"@id":"https:\/\/dressler1929.com\/en\/products\/jacket\/121108-53w29-67-shirt-jacket-in-olive-with-a-linen-look\/#breadcrumb"},"inLanguage":"en-US","potentialAction":[{"@type":"ReadAction","target":["https:\/\/dressler1929.com\/en\/products\/jacket\/121108-53w29-67-shirt-jacket-in-olive-with-a-linen-look\/"]}]},{"@type":"ImageObject","inLanguage":"en-US","@id":"https:\/\/dressler1929.com\/en\/products\/jacket\/121108-53w29-67-shirt-jacket-in-olive-with-a-linen-look\/#primaryimage","url":"https:\/\/dressler1929.com\/wp-content\/uploads\/2025\/02\/dressler-products-spring-summer-2025-F1-web-121108_53W29_67-scaled.jpg","contentUrl":"https:\/\/dressler1929.com\/wp-content\/uploads\/2025\/02\/dressler-products-spring-summer-2025-F1-web-121108_53W29_67-scaled.jpg","width":1707,"height":2560},{"@type":"BreadcrumbList","@id":"https:\/\/dressler1929.com\/en\/products\/jacket\/121108-53w29-67-shirt-jacket-in-olive-with-a-linen-look\/#breadcrumb","itemListElement":[{"@type":"ListItem","position":1,"name":"Startseite","item":"https:\/\/dressler1929.com\/en\/home\/"},{"@type":"ListItem","position":2,"name":"Products","item":"https:\/\/dressler1929.com\/en\/products\/"},{"@type":"ListItem","position":3,"name":"Shirt jacket in olive with a linen look"}]},{"@type":"WebSite","@id":"https:\/\/dressler1929.com\/en\/#website","url":"https:\/\/dressler1929.com\/en\/","name":"DRESSLER","description":"Exclusive menswear","publisher":{"@id":"https:\/\/dressler1929.com\/en\/#organization"},"potentialAction":[{"@type":"SearchAction","target":{"@type":"EntryPoint","urlTemplate":"https:\/\/dressler1929.com\/en\/?s={search_term_string}"},"query-input":{"@type":"PropertyValueSpecification","valueRequired":true,"valueName":"search_term_string"}}],"inLanguage":"en-US"},{"@type":"Organization","@id":"https:\/\/dressler1929.com\/en\/#organization","name":"DRESSLER","url":"https:\/\/dressler1929.com\/en\/","logo":{"@type":"ImageObject","inLanguage":"en-US","@id":"https:\/\/dressler1929.com\/en\/#\/schema\/logo\/image\/","url":"https:\/\/dressler1929.com\/wp-content\/uploads\/2026\/02\/Dressler_Inital_black_vector_final.png","contentUrl":"https:\/\/dressler1929.com\/wp-content\/uploads\/2026\/02\/Dressler_Inital_black_vector_final.png","width":1200,"height":1200,"caption":"DRESSLER"},"image":{"@id":"https:\/\/dressler1929.com\/en\/#\/schema\/logo\/image\/"},"sameAs":["https:\/\/www.facebook.com\/dressler.official","https:\/\/x.com\/dressler","https:\/\/www.instagram.com\/dressler_official\/","https:\/\/www.youtube.com\/@dressler_official","https:\/\/www.linkedin.com\/company\/dressler-bekleidungswerke-brinkmann-gmbh-&-co-kg\/","https:\/\/pinterest.com\/dressler1929\/"],"description":"DRESSLER aus Gro\u00dfostheim in Bayern ist eines der \u00e4ltesten Herrenmodeunternehmen Deutschlands. Das Unternehmen wurde 1929 von seinem Namensgeber Eduard Dresser gegr\u00fcndet und \u00fcber mehr als 75 Jahre als Familienbetrieb gef\u00fchrt, bevor es 2004 in die in Herford ans\u00e4ssige Brinkmann Gruppe integriert wurde. Der Hauptsitz der Dressler Bekleidungswerke Brinkmann GmbH & Co. KG befindet sich weiterhin am historischen Standort nahe Frankfurt am Main. DRESSLER ist im gehobenen Marktsegment der Herrenmode im Stil der modernen Klassik positioniert und bekannt f\u00fcr seine \u00e4u\u00dferst hohen Qualit\u00e4tsstandards in Verarbeitung und Materialauswahl.","email":"info@dressler1929.com","telephone":"+49 06026 5020","legalName":"Dressler Bekleidungswerke Brinkmann GmbH & Co. KG","foundingDate":"1929-01-01","vatID":"DE813847219","numberOfEmployees":{"@type":"QuantitativeValue","minValue":"11","maxValue":"50"}}]}},"_links":{"self":[{"href":"https:\/\/dressler1929.com\/en\/wp-json\/wp\/v2\/product\/8457","targetHints":{"allow":["GET"]}}],"collection":[{"href":"https:\/\/dressler1929.com\/en\/wp-json\/wp\/v2\/product"}],"about":[{"href":"https:\/\/dressler1929.com\/en\/wp-json\/wp\/v2\/types\/product"}],"wp:featuredmedia":[{"embeddable":true,"href":"https:\/\/dressler1929.com\/en\/wp-json\/wp\/v2\/media\/8341"}],"wp:attachment":[{"href":"https:\/\/dressler1929.com\/en\/wp-json\/wp\/v2\/media?parent=8457"}],"wp:term":[{"taxonomy":"product_brand","embeddable":true,"href":"https:\/\/dressler1929.com\/en\/wp-json\/wp\/v2\/product_brand?post=8457"},{"taxonomy":"product_cat","embeddable":true,"href":"https:\/\/dressler1929.com\/en\/wp-json\/wp\/v2\/product_cat?post=8457"},{"taxonomy":"product_tag","embeddable":true,"href":"https:\/\/dressler1929.com\/en\/wp-json\/wp\/v2\/product_tag?post=8457"},{"taxonomy":"kollektion","embeddable":true,"href":"https:\/\/dressler1929.com\/en\/wp-json\/wp\/v2\/kollektion?post=8457"}],"curies":[{"name":"wp","href":"https:\/\/api.w.org\/{rel}","templated":true}]}}